{"id":11,"date":"2019-03-16T11:13:36","date_gmt":"2019-03-16T08:13:36","guid":{"rendered":"http:\/\/www.yatservis.com\/?page_id=11"},"modified":"2024-04-24T21:34:01","modified_gmt":"2024-04-24T18:34:01","slug":"servisler","status":"publish","type":"page","link":"https:\/\/www.yatservis.com\/tr\/servisler\/","title":{"rendered":"SERV\u0130SLER"},"content":{"rendered":"<p>Her t\u00fcrl\u00fc tekneye servis verebilecek yetenek ve uzmanl\u0131\u011fa sahibiz. Ah\u015fap, al\u00fcminyum, fiberglas veya \u00e7elik ve yelkenli tekneler, motorlu tekneler, mega yatlar, guletler, ke\u00e7ler, bal\u0131k\u00e7\u0131 tekneleri, i\u015f tekneleri, hatta ticari okyanus gemileri gibi tekne boyutu, t\u00fcr\u00fc veya malzemesi konusunda hi\u00e7bir s\u0131n\u0131rlamam\u0131z yoktur.<\/p>\n<p>Bak\u0131m ve onar\u0131m hizmetlerimizde \u00fcretici k\u0131lavuzunun gerekliliklerini uygulamak hayati ilkemizdir. \u0130ster basit bir boya i\u015fi yap\u0131yor olal\u0131m, ister b\u00fcy\u00fck bir revizyon yap\u0131yor olal\u0131m, slogan\u0131m\u0131za ba\u011fl\u0131 kal\u0131yoruz. Daha fazla acil onar\u0131m\u0131 \u00f6nlemek i\u00e7in koruyucu bak\u0131ma inan\u0131yoruz. Bir teknenin sorununun do\u011fru tespit edilebilmesi ve uygun \u00e7\u00f6z\u00fcm \u00fcretilebilmesi i\u00e7in teknenin servis kay\u0131tlar\u0131n\u0131n do\u011fru bir \u015fekilde ar\u015fivlenmesi gerekmektedir. Ekibimiz teknede \u00e7al\u0131\u015fmaya ba\u015flamadan \u00f6nce bir anket yap\u0131yor, bir \u00f6n rapor haz\u0131rl\u0131yor, teklif etti\u011fimiz hizmetlerin kapsam\u0131 ve fiyatland\u0131rmas\u0131 i\u00e7in tekne sahibinden onay al\u0131yor, hizmeti veriyor ve \u00e7al\u0131\u015fmalar\u0131m\u0131z\u0131n tamamlanmas\u0131n\u0131n ard\u0131ndan nihai bir rapor sunuyoruz.<\/p>\n<h2>Periyodik bak\u0131m<\/h2>\n<h3>Periyodik Motor Bak\u0131m\u0131<\/h3>\n<ul>\n<li>Dizel ve benzinli i\u00e7ten yanmal\u0131 motor \u00fcreticilerinin \u00f6nerdi\u011fi \u015fekilde bak\u0131m\u0131n d\u00fczenli olarak tamamlanmas\u0131 gerekiyor<\/li>\n<li>Ya\u011flama ya\u011f\u0131 de\u011fi\u015fimi, ya\u011f ve hava filtresi de\u011fi\u015fimi, emisyon muayenesi. Emisyon muayenesi, motorun genel durumuna ili\u015fkin g\u00f6stergeler sa\u011flar. Limitleri a\u015fan sonu\u00e7lar onar\u0131m ihtiyac\u0131n\u0131n sinyalini verebilir.<\/li>\n<li>Yak\u0131t sistemi kontrolleri, enjeksiyon memesi, enjeksiyon borusu vb. Benzinli motorlar i\u00e7in karb\u00fcrat\u00f6r\u00fcn revizyonu.<\/li>\n<li>Nem ve tuzlu sudan kaynaklanan korozyon nedeniyle elektrikli cihazlar\u0131n zarar g\u00f6rmesini \u00f6nlemek i\u00e7in d\u00fczenli bak\u0131m.<\/li>\n<li>Sistemin \u00e7al\u0131\u015ft\u0131r\u0131lmas\u0131 onar\u0131mlar\u0131, ak\u00fc, \u015farj cihaz\u0131 vb.<\/li>\n<li>A\u015f\u0131nm\u0131\u015f motorlar i\u00e7in d\u00fczeltme prosed\u00fcrleri.<\/li>\n<li>D\u0131\u015ftan takma motor bak\u0131m\u0131.<\/li>\n<\/ul>\n<h3>Periyodik \u015eanz\u0131man Bak\u0131m\u0131<\/h3>\n<ul>\n<li>\u015eanz\u0131man ya\u011f\u0131, debriyajlar, akt\u00fcat\u00f6r, ya\u011f pompas\u0131, so\u011futucu vb.<\/li>\n<li>Elektronik ve mekanik uzaktan kumanda kollar\u0131<\/li>\n<\/ul>\n<h3>Genel Tekne Denetimi<\/h3>\n<ul>\n<li>Irgatlar, \u0131rgatlar, mataforalar, \u00e7apalar, \u00e7apa zincirleri<\/li>\n<li>Direksiyon sistemleri, direksiyon hidroli\u011fi, direksiyon kontrolleri, d\u00fcmen kontrolleri<\/li>\n<li>Direkler, donan\u0131m kontrolleri<\/li>\n<li>Yelken kontrolleri<\/li>\n<li>Halatlar, direkler, yana\u015fma ekipman\u0131 kontrolleri<\/li>\n<li>Sintine pompalar\u0131, transfer pompalar\u0131, hava bas\u0131n\u00e7 tank\u0131 ve di\u011fer t\u00fcm pompalar<\/li>\n<li>\u015earj cihazlar\u0131, invert\u00f6rler, d\u00f6n\u00fc\u015ft\u00fcr\u00fcc\u00fcler<\/li>\n<li>Su yap\u0131c\u0131lar, ay\u0131r\u0131c\u0131lar<\/li>\n<li>Navigasyon sistemleri, radar, sonar, radyo<\/li>\n<li>Mutfak ekipmanlar\u0131<\/li>\n<li>T\u00fcm ba\u011flant\u0131lar\u0131n, vidalar\u0131n, saplamalar\u0131n tork de\u011ferlerinin periyodik kontrolleri<\/li>\n<li>Metallerde ve t\u00fcm kablolarda korozyon kontrolleri<\/li>\n<\/ul>\n<h3>Pervane ve \u015eaft Sistemi Kontrolleri ve Bak\u0131mlar\u0131<\/h3>\n<ul>\n<li>Hizalama kontrolleri, bo\u015fluk\/sarkma<\/li>\n<li>Pervane e\u011fim kontrolleri<\/li>\n<li>Ba\u015f iticiler<\/li>\n<li>Motor ve di\u011fer t\u00fcm ekipmanlar\u0131n montaj\u0131 ve devreye al\u0131nmas\u0131<\/li>\n<li>Kurulum i\u015fleri<\/li>\n<li>Kurulumlar s\u0131ras\u0131nda denetim<\/li>\n<li>Ekipman\u0131n \u00fcretici kurallar\u0131na, tavsiyelerine ve kontrol listelerine g\u00f6re devreye al\u0131nmas\u0131<\/li>\n<\/ul>\n<h3>Garantili Kendili\u011finden (\u00f6ng\u00f6r\u00fclemeyen) Onar\u0131mlar \/ Sorun Giderme<\/h3>\n<ul>\n<li><strong>Motor Onar\u0131mlar\u0131:<\/strong> Ana motor, jenerat\u00f6r, dizel motor, benzinli motor ve d\u0131\u015ftan takma motorlardaki hasarlar genel servis kurallar\u0131 \u00e7er\u00e7evesinde onar\u0131l\u0131r. M\u00fchendislik disiplini alt\u0131nda \u00e7al\u0131\u015fma felsefemiz plans\u0131z hasar onar\u0131mlar\u0131nda da uygulanmaktad\u0131r.<\/li>\n<li><strong>\u015eanz\u0131man Tamiri:<\/strong> \u015eanz\u0131man bak\u0131m ve yedek par\u00e7a k\u0131lavuzlar\u0131 temin edildi\u011fi s\u00fcrece \u015fanz\u0131man tamirleri firmam\u0131z garantisi alt\u0131ndad\u0131r.<\/li>\n<li>Pompa onar\u0131mlar\u0131<\/li>\n<li>Pervane ve \u015faft onar\u0131mlar\u0131<\/li>\n<li>Ba\u015f pervane onar\u0131m\u0131<\/li>\n<li>D\u00fcmen sistemleri ve d\u00fcmen onar\u0131mlar\u0131<\/li>\n<li>Ya\u011f ve yak\u0131t ay\u0131r\u0131c\u0131 onar\u0131mlar\u0131<\/li>\n<li>G\u00f6vde onar\u0131mlar\u0131 (kompozit, ah\u015fap)<\/li>\n<li>Uzaktan kumanda kollar\u0131 onar\u0131m\u0131<\/li>\n<li>Navigasyon sistemi onar\u0131mlar\u0131<\/li>\n<li>Elektrik\/Elektronik sistem onar\u0131mlar\u0131<\/li>\n<li>Ak\u00fc \u015farj cihazlar\u0131, konvert\u00f6r, transformat\u00f6rler, k\u0131y\u0131 ba\u011flant\u0131 kutusu onar\u0131m\u0131<\/li>\n<li>Su yap\u0131c\u0131 servisi, filtre ve membran sat\u0131\u015f\u0131<\/li>\n<\/ul>\n<h3>Tekne temizli\u011fi<\/h3>\n<p>Teknenin t\u00fcm d\u0131\u015f ve i\u00e7 k\u0131s\u0131mlar\u0131 do\u011fru s\u0131v\u0131 ve ekipmanlarla detayl\u0131 bir \u015fekilde temizlenmektedir.<\/p>\n<ul>\n<li>G\u00fcverte temizli\u011fi<\/li>\n<li>Salon temizli\u011fi<\/li>\n<li>Dolaplar<\/li>\n<li>Kad\u0131rga, mutfak<\/li>\n<li>Tuvaletler, banyolar<\/li>\n<li>Sintine<\/li>\n<li>Makine dairesi<\/li>\n<li>K\u00f6t\u00fc kokular\u0131n \u00f6nlenmesi.<\/li>\n<li>Metallerin korozyon onar\u0131m\u0131 ve parlat\u0131lmas\u0131<\/li>\n<li>\u00c7evre dostu temizlik malzemeleriyle denizde d\u0131\u015ftan takmal\u0131 temizlik.<\/li>\n<li>Suda pervane temizli\u011fi<\/li>\n<li>\u0130skelede Carina-salma temizli\u011fi<\/li>\n<li>Fly k\u00f6pr\u00fc temizli\u011fi<\/li>\n<li>Perde, hal\u0131, kanepe vb. yerlerin elektrikli s\u00fcp\u00fcrgeyle temizlenmesi\u2026<\/li>\n<li>\u00dcst katlar\u0131n, jelkotlar\u0131n parlat\u0131lmas\u0131 ve korunmas\u0131<\/li>\n<\/ul>\n<h3>Boya \u0130\u015fleri<\/h3>\n<p>Boya i\u015flerinde en \u00f6nemli \u015fey, boyan\u0131n metodolojisini ve kalitesini kontrol eden deneyimli bir boya ustaba\u015f\u0131d\u0131r. Ekibimiz, ustaba\u015f\u0131m\u0131z\u0131n ve \u00fcreticilerin boya eksperlerinin kontrol\u00fcnde t\u00fcm prosed\u00fcrleri uygulamaktad\u0131r.<\/p>\n<ul>\n<li>Kompozit boyama<\/li>\n<li>Osmoz korumas\u0131<\/li>\n<li>\u00c7elik boyama<\/li>\n<li>Al\u00fcminyum boyama<\/li>\n<li>Epoksi uygulamalar\u0131<\/li>\n<li>Zehirli boya uygulamalar\u0131<\/li>\n<li>Ah\u015fap koruma<\/li>\n<li>Ah\u015fap s\u0131cak<\/li>\n<li>Kalafatlama i\u00e7in eski tarz ah\u015fap kare<\/li>\n<li>Lamine ah\u015fap kontrol\u00fc ve korumas\u0131<\/li>\n<li>Tekne K\u0131\u015flamas\u0131<\/li>\n<\/ul>\n<p>Teknenizi istedi\u011finiz limanda teslim alabilir ve uygulanan t\u00fcm bak\u0131m ve onar\u0131mlar\u0131 anla\u015fmaya g\u00f6re ger\u00e7ekle\u015ftirebiliriz. Tekne ihtiyac\u0131n\u0131z oldu\u011fu s\u00fcrece tutulur. ve diledi\u011finiz limanda size teslim ediyoruz.<br \/>\nAyr\u0131ca teknenizi korozyon \u00f6nleyici uygulayarak paketleyebilir ve \u0130stanbul, Antalya ve Fethiye&#8217;deki yerlerimizde depolayabiliriz.<\/p>\n<h3>Tekne Ta\u015f\u0131mac\u0131l\u0131\u011f\u0131<\/h3>\n<ul>\n<li>Yeni in\u015fa edilen tekneniz herhangi bir limana teslim edilebilir.<\/li>\n<li>Siz yar\u0131\u015flara kat\u0131labilirsiniz, biz de teknenizi kendi liman\u0131na geri getirebiliriz.<\/li>\n<\/ul>\n<p>Nakliye ekibimiz taraf\u0131ndan yap\u0131labilir<\/p>\n","protected":false},"excerpt":{"rendered":"<p>Her t\u00fcrl\u00fc tekneye servis verebilecek yetenek ve uzmanl\u0131\u011fa sahibiz. Ah\u015fap, al\u00fcminyum, fiberglas veya \u00e7elik ve yelkenli tekneler, motorlu tekneler, mega yatlar, guletler, ke\u00e7ler, bal\u0131k\u00e7\u0131 tekneleri, i\u015f tekneleri, hatta ticari okyanus gemileri gibi tekne boyutu, t\u00fcr\u00fc veya malzemesi konusunda hi\u00e7bir s\u0131n\u0131rlamam\u0131z yoktur. Bak\u0131m ve onar\u0131m hizmetlerimizde \u00fcretici k\u0131lavuzunun gerekliliklerini uygulamak hayati ilkemizdir. \u0130ster basit bir boya &hellip; <a href=\"https:\/\/www.yatservis.com\/tr\/servisler\/\" class=\"more-link\">Okumaya devam et<span class=\"screen-reader-text\"> &#8220;SERV\u0130SLER&#8221;<\/span><\/a><\/p>\n","protected":false},"author":1,"featured_media":0,"parent":0,"menu_order":2,"comment_status":"closed","ping_status":"closed","template":"","meta":{"footnotes":""},"yoast_head":"<!-- This site is optimized with the Yoast SEO plugin v24.5 - https:\/\/yoast.com\/wordpress\/plugins\/seo\/ -->\n<title>SERV\u0130SLER - Yat Servis<\/title>\n<meta name=\"robots\" content=\"index, follow, max-snippet:-1, max-image-preview:large, max-video-preview:-1\" \/>\n<link rel=\"canonical\" href=\"https:\/\/www.yatservis.com\/tr\/servisler\/\" \/>\n<meta property=\"og:locale\" content=\"tr_TR\" \/>\n<meta property=\"og:type\" content=\"article\" \/>\n<meta property=\"og:title\" content=\"SERV\u0130SLER - Yat Servis\" \/>\n<meta property=\"og:description\" content=\"Her t\u00fcrl\u00fc tekneye servis verebilecek yetenek ve uzmanl\u0131\u011fa sahibiz. Ah\u015fap, al\u00fcminyum, fiberglas veya \u00e7elik ve yelkenli tekneler, motorlu tekneler, mega yatlar, guletler, ke\u00e7ler, bal\u0131k\u00e7\u0131 tekneleri, i\u015f tekneleri, hatta ticari okyanus gemileri gibi tekne boyutu, t\u00fcr\u00fc veya malzemesi konusunda hi\u00e7bir s\u0131n\u0131rlamam\u0131z yoktur. Bak\u0131m ve onar\u0131m hizmetlerimizde \u00fcretici k\u0131lavuzunun gerekliliklerini uygulamak hayati ilkemizdir. \u0130ster basit bir boya &hellip; Okumaya devam et &quot;SERV\u0130SLER&quot;\" \/>\n<meta property=\"og:url\" content=\"https:\/\/www.yatservis.com\/tr\/servisler\/\" \/>\n<meta property=\"og:site_name\" content=\"Yat Servis\" \/>\n<meta property=\"article:modified_time\" content=\"2024-04-24T18:34:01+00:00\" \/>\n<meta name=\"twitter:card\" content=\"summary_large_image\" \/>\n<meta name=\"twitter:label1\" content=\"Tahmini okuma s\u00fcresi\" \/>\n\t<meta name=\"twitter:data1\" content=\"4 dakika\" \/>\n<script type=\"application\/ld+json\" class=\"yoast-schema-graph\">{\"@context\":\"https:\/\/schema.org\",\"@graph\":[{\"@type\":\"WebPage\",\"@id\":\"https:\/\/www.yatservis.com\/tr\/servisler\/\",\"url\":\"https:\/\/www.yatservis.com\/tr\/servisler\/\",\"name\":\"SERV\u0130SLER - Yat Servis\",\"isPartOf\":{\"@id\":\"https:\/\/www.yatservis.com\/tr\/#website\"},\"datePublished\":\"2019-03-16T08:13:36+00:00\",\"dateModified\":\"2024-04-24T18:34:01+00:00\",\"breadcrumb\":{\"@id\":\"https:\/\/www.yatservis.com\/tr\/servisler\/#breadcrumb\"},\"inLanguage\":\"tr\",\"potentialAction\":[{\"@type\":\"ReadAction\",\"target\":[\"https:\/\/www.yatservis.com\/tr\/servisler\/\"]}]},{\"@type\":\"BreadcrumbList\",\"@id\":\"https:\/\/www.yatservis.com\/tr\/servisler\/#breadcrumb\",\"itemListElement\":[{\"@type\":\"ListItem\",\"position\":1,\"name\":\"Home\",\"item\":\"https:\/\/www.yatservis.com\/tr\/\"},{\"@type\":\"ListItem\",\"position\":2,\"name\":\"SERV\u0130SLER\"}]},{\"@type\":\"WebSite\",\"@id\":\"https:\/\/www.yatservis.com\/tr\/#website\",\"url\":\"https:\/\/www.yatservis.com\/tr\/\",\"name\":\"Yat Servis\",\"description\":\"Marine Services\",\"publisher\":{\"@id\":\"https:\/\/www.yatservis.com\/tr\/#organization\"},\"potentialAction\":[{\"@type\":\"SearchAction\",\"target\":{\"@type\":\"EntryPoint\",\"urlTemplate\":\"https:\/\/www.yatservis.com\/tr\/?s={search_term_string}\"},\"query-input\":{\"@type\":\"PropertyValueSpecification\",\"valueRequired\":true,\"valueName\":\"search_term_string\"}}],\"inLanguage\":\"tr\"},{\"@type\":\"Organization\",\"@id\":\"https:\/\/www.yatservis.com\/tr\/#organization\",\"name\":\"Yat Servis\",\"url\":\"https:\/\/www.yatservis.com\/tr\/\",\"logo\":{\"@type\":\"ImageObject\",\"inLanguage\":\"tr\",\"@id\":\"https:\/\/www.yatservis.com\/tr\/#\/schema\/logo\/image\/\",\"url\":\"https:\/\/www.yatservis.com\/tr\/wp-content\/uploads\/2024\/04\/cropped-logo2.png\",\"contentUrl\":\"https:\/\/www.yatservis.com\/tr\/wp-content\/uploads\/2024\/04\/cropped-logo2.png\",\"width\":240,\"height\":64,\"caption\":\"Yat Servis\"},\"image\":{\"@id\":\"https:\/\/www.yatservis.com\/tr\/#\/schema\/logo\/image\/\"}}]}<\/script>\n<!-- \/ Yoast SEO plugin. -->","yoast_head_json":{"title":"SERV\u0130SLER - Yat Servis","robots":{"index":"index","follow":"follow","max-snippet":"max-snippet:-1","max-image-preview":"max-image-preview:large","max-video-preview":"max-video-preview:-1"},"canonical":"https:\/\/www.yatservis.com\/tr\/servisler\/","og_locale":"tr_TR","og_type":"article","og_title":"SERV\u0130SLER - Yat Servis","og_description":"Her t\u00fcrl\u00fc tekneye servis verebilecek yetenek ve uzmanl\u0131\u011fa sahibiz. Ah\u015fap, al\u00fcminyum, fiberglas veya \u00e7elik ve yelkenli tekneler, motorlu tekneler, mega yatlar, guletler, ke\u00e7ler, bal\u0131k\u00e7\u0131 tekneleri, i\u015f tekneleri, hatta ticari okyanus gemileri gibi tekne boyutu, t\u00fcr\u00fc veya malzemesi konusunda hi\u00e7bir s\u0131n\u0131rlamam\u0131z yoktur. Bak\u0131m ve onar\u0131m hizmetlerimizde \u00fcretici k\u0131lavuzunun gerekliliklerini uygulamak hayati ilkemizdir. \u0130ster basit bir boya &hellip; Okumaya devam et \"SERV\u0130SLER\"","og_url":"https:\/\/www.yatservis.com\/tr\/servisler\/","og_site_name":"Yat Servis","article_modified_time":"2024-04-24T18:34:01+00:00","twitter_card":"summary_large_image","twitter_misc":{"Tahmini okuma s\u00fcresi":"4 dakika"},"schema":{"@context":"https:\/\/schema.org","@graph":[{"@type":"WebPage","@id":"https:\/\/www.yatservis.com\/tr\/servisler\/","url":"https:\/\/www.yatservis.com\/tr\/servisler\/","name":"SERV\u0130SLER - Yat Servis","isPartOf":{"@id":"https:\/\/www.yatservis.com\/tr\/#website"},"datePublished":"2019-03-16T08:13:36+00:00","dateModified":"2024-04-24T18:34:01+00:00","breadcrumb":{"@id":"https:\/\/www.yatservis.com\/tr\/servisler\/#breadcrumb"},"inLanguage":"tr","potentialAction":[{"@type":"ReadAction","target":["https:\/\/www.yatservis.com\/tr\/servisler\/"]}]},{"@type":"BreadcrumbList","@id":"https:\/\/www.yatservis.com\/tr\/servisler\/#breadcrumb","itemListElement":[{"@type":"ListItem","position":1,"name":"Home","item":"https:\/\/www.yatservis.com\/tr\/"},{"@type":"ListItem","position":2,"name":"SERV\u0130SLER"}]},{"@type":"WebSite","@id":"https:\/\/www.yatservis.com\/tr\/#website","url":"https:\/\/www.yatservis.com\/tr\/","name":"Yat Servis","description":"Marine Services","publisher":{"@id":"https:\/\/www.yatservis.com\/tr\/#organization"},"potentialAction":[{"@type":"SearchAction","target":{"@type":"EntryPoint","urlTemplate":"https:\/\/www.yatservis.com\/tr\/?s={search_term_string}"},"query-input":{"@type":"PropertyValueSpecification","valueRequired":true,"valueName":"search_term_string"}}],"inLanguage":"tr"},{"@type":"Organization","@id":"https:\/\/www.yatservis.com\/tr\/#organization","name":"Yat Servis","url":"https:\/\/www.yatservis.com\/tr\/","logo":{"@type":"ImageObject","inLanguage":"tr","@id":"https:\/\/www.yatservis.com\/tr\/#\/schema\/logo\/image\/","url":"https:\/\/www.yatservis.com\/tr\/wp-content\/uploads\/2024\/04\/cropped-logo2.png","contentUrl":"https:\/\/www.yatservis.com\/tr\/wp-content\/uploads\/2024\/04\/cropped-logo2.png","width":240,"height":64,"caption":"Yat Servis"},"image":{"@id":"https:\/\/www.yatservis.com\/tr\/#\/schema\/logo\/image\/"}}]}},"_links":{"self":[{"href":"https:\/\/www.yatservis.com\/tr\/wp-json\/wp\/v2\/pages\/11"}],"collection":[{"href":"https:\/\/www.yatservis.com\/tr\/wp-json\/wp\/v2\/pages"}],"about":[{"href":"https:\/\/www.yatservis.com\/tr\/wp-json\/wp\/v2\/types\/page"}],"author":[{"embeddable":true,"href":"https:\/\/www.yatservis.com\/tr\/wp-json\/wp\/v2\/users\/1"}],"replies":[{"embeddable":true,"href":"https:\/\/www.yatservis.com\/tr\/wp-json\/wp\/v2\/comments?post=11"}],"version-history":[{"count":9,"href":"https:\/\/www.yatservis.com\/tr\/wp-json\/wp\/v2\/pages\/11\/revisions"}],"predecessor-version":[{"id":260,"href":"https:\/\/www.yatservis.com\/tr\/wp-json\/wp\/v2\/pages\/11\/revisions\/260"}],"wp:attachment":[{"href":"https:\/\/www.yatservis.com\/tr\/wp-json\/wp\/v2\/media?parent=11"}],"curies":[{"name":"wp","href":"https:\/\/api.w.org\/{rel}","templated":true}]}}