{"id":138,"date":"2024-03-27T00:40:44","date_gmt":"2024-03-26T21:40:44","guid":{"rendered":"https:\/\/www.yatservis.com\/tr\/?page_id=138"},"modified":"2024-04-25T21:10:43","modified_gmt":"2024-04-25T18:10:43","slug":"yelken-egitimi-ve-tekne-kiralama","status":"publish","type":"page","link":"https:\/\/www.yatservis.com\/tr\/yelken-egitimi-ve-tekne-kiralama\/","title":{"rendered":"YELKEN E\u011e\u0130T\u0130M\u0130 VE TEKNE K\u0130RALAMA"},"content":{"rendered":"<h3>Yelkenli Tekne Kullan\u0131m\u0131 ve Denizcilik E\u011fitimi, Tekne Kiralama<\/h3>\n<p>Yelkenli tekne kullan\u0131m\u0131 ve temel denizcilik e\u011fitimi<\/p>\n<p>Yatservis teknenizde size e\u011fitim veriyor.<\/p>\n<p>Yeni bir tekne ald\u0131n\u0131z ve teknenizde bir yabanc\u0131 ile ya\u015famak istemiyorsunuz. Dahas\u0131 \u00f6zg\u00fcr bir ruhunuz var ancak i\u015fin ba\u015f\u0131ndas\u0131n\u0131z. Bu durumda Yatservis yan\u0131n\u0131zda.<\/p>\n<p><img loading=\"lazy\" decoding=\"async\" class=\"aligncenter size-full wp-image-141\" src=\"https:\/\/www.yatservis.com\/tr\/wp-content\/uploads\/2024\/03\/Traineer1.jpg\" alt=\"\" width=\"1124\" height=\"843\" srcset=\"https:\/\/www.yatservis.com\/tr\/wp-content\/uploads\/2024\/03\/Traineer1.jpg 1124w, https:\/\/www.yatservis.com\/tr\/wp-content\/uploads\/2024\/03\/Traineer1-300x225.jpg 300w, https:\/\/www.yatservis.com\/tr\/wp-content\/uploads\/2024\/03\/Traineer1-1024x768.jpg 1024w, https:\/\/www.yatservis.com\/tr\/wp-content\/uploads\/2024\/03\/Traineer1-768x576.jpg 768w, https:\/\/www.yatservis.com\/tr\/wp-content\/uploads\/2024\/03\/Traineer1-624x468.jpg 624w\" sizes=\"(max-width: 709px) 85vw, (max-width: 909px) 67vw, (max-width: 1362px) 62vw, 840px\" \/><\/p>\n<p>Teknemizde verdi\u011fimiz e\u011fitim i\u00e7in yerinizi ay\u0131rt\u0131n.<\/p>\n<p><img loading=\"lazy\" decoding=\"async\" class=\"aligncenter size-full wp-image-142\" src=\"https:\/\/www.yatservis.com\/tr\/wp-content\/uploads\/2024\/03\/Traineer21.jpg\" alt=\"\" width=\"843\" height=\"1124\" srcset=\"https:\/\/www.yatservis.com\/tr\/wp-content\/uploads\/2024\/03\/Traineer21.jpg 843w, https:\/\/www.yatservis.com\/tr\/wp-content\/uploads\/2024\/03\/Traineer21-225x300.jpg 225w, https:\/\/www.yatservis.com\/tr\/wp-content\/uploads\/2024\/03\/Traineer21-768x1024.jpg 768w, https:\/\/www.yatservis.com\/tr\/wp-content\/uploads\/2024\/03\/Traineer21-624x832.jpg 624w\" sizes=\"(max-width: 709px) 85vw, (max-width: 909px) 67vw, (max-width: 1362px) 62vw, 840px\" \/><\/p>\n<p>Yelkenli tekne kullan\u0131m\u0131 e\u011fitimi, yelkenli tekne sahipleri veya potansiyel kullan\u0131c\u0131lar i\u00e7in \u00f6nemli bir beceri setini \u00f6\u011fretmeyi ama\u00e7lad\u0131k.\u00a0 Bu e\u011fitim temel denizcilik prensipleriyle birlikte pratik becerileri kapsar. \u0130\u015fte tipik bir yelkenli tekne kullan\u0131m\u0131 e\u011fitimi program\u0131 konular\u0131:<\/p>\n<p><strong>Temel Denizcilik Bilgisi:\u00a0<\/strong>Temel denizcilik terimleri, gemi par\u00e7alar\u0131 ve ekipman\u0131 hakk\u0131nda bilgi edinme. R\u00fczgar y\u00f6nleri, ak\u0131nt\u0131lar, gelgitler ve denizcilik g\u00fcvenli\u011fi gibi konular\u0131n anla\u015f\u0131lmas\u0131.<\/p>\n<p><strong>Yelken Sistemleri:\u00a0<\/strong>Farkl\u0131 yelken t\u00fcrleri, yelkenlerin kurulumu, indirilmesi ve ayarlanmas\u0131. Yelken dire\u011fi, direk donan\u0131m\u0131, halatlar, kumanda sistemleri ve di\u011fer yelken ekipmanlar\u0131n\u0131n tan\u0131t\u0131m\u0131<\/p>\n<p><strong>Temel Tekne Manevralar\u0131:\u00a0<\/strong>Teknenin kalk\u0131\u015f\u0131, duru\u015fu, d\u00f6n\u00fc\u015fleri ve durmas\u0131 gibi temel tekne manevralar\u0131 \u00fczerine pratik e\u011fitim. \u0130skele ve sancak yana d\u00f6n\u00fc\u015fler, r\u00fczgar alt\u0131nda ve r\u00fczgar \u00fcst\u00fcnde yelkenle seyir gibi konular\u0131n uygulamal\u0131 olarak \u00f6\u011fretilmesi.<\/p>\n<p><strong>Deniz G\u00fcvenli\u011fi:\u00a0<\/strong>Can yele\u011fi kullan\u0131m\u0131, g\u00fcvenli seyir prensipleri, acil durum prosed\u00fcrleri ve temel denizcilik tehlikeleri hakk\u0131nda bilgilendirme. Salvolar, acil durum \u00e7a\u011fr\u0131lar\u0131 ve denizdeki di\u011fer acil durumlar i\u00e7in haz\u0131rl\u0131k.<\/p>\n<p><strong>Navigasyon ve Harita Okuma:\u00a0<\/strong>Deniz haritalar\u0131, pusula kullan\u0131m\u0131, navigasyon temel bilgileri ve temel rotalama teknikleri hakk\u0131nda bilgi edinme. GPS ve di\u011fer modern navigasyon ara\u00e7lar\u0131n\u0131n kullan\u0131m\u0131.<\/p>\n<p><strong>Tekne Bak\u0131m\u0131:\u00a0<\/strong>Temel tekne bak\u0131m\u0131 ve onar\u0131m\u0131 hakk\u0131nda bilgi. Motor bak\u0131m\u0131, yelken ve donan\u0131m bak\u0131m\u0131, elektrik sistemleri ve di\u011fer temel teknik bilgiler.<\/p>\n<p><strong>Pratik Uygulama:\u00a0<\/strong>E\u011fitimde teorik bilgilerin yan\u0131 s\u0131ra, \u00f6\u011frencilere ger\u00e7ek bir yelkenli tekne \u00fczerinde pratik beceri kazand\u0131r\u0131lmas\u0131. Bu, e\u011fitmen e\u015fli\u011finde veya tek ba\u015flar\u0131na yap\u0131lan denizde uygulamalar\u0131 i\u00e7erir.\u00a0Yelkenli tekne kullan\u0131m\u0131 e\u011fitimi genellikle farkl\u0131 seviyelerde sunulur, ba\u015flang\u0131\u00e7 seviyesinden ileri d\u00fczeye kadar \u00e7e\u015fitli kurslar mevcuttur. Kat\u0131l\u0131mc\u0131lar e\u011fitim sonunda temel yelkenli tekne kullanma becerilerine sahip olurlar ve daha sonra deneyimlerini geli\u015ftirmek i\u00e7in pratik yapmaya devam edebilirler<\/p>\n<p><strong>Tekne Kiralama<\/strong><\/p>\n<p>Yatservis deniz ve yelken tutkunlar\u0131n\u0131n D\u00fcnyan\u0131n bir\u00e7ok\u00a0yerinde ve T\u00fcrkiye&#8217;de yat kiralamas\u0131na arac\u0131 oluyor.<\/p>\n<p><img loading=\"lazy\" decoding=\"async\" class=\"aligncenter size-full wp-image-143\" src=\"https:\/\/www.yatservis.com\/tr\/wp-content\/uploads\/2024\/03\/boatrental1.jpg\" alt=\"\" width=\"843\" height=\"1124\" srcset=\"https:\/\/www.yatservis.com\/tr\/wp-content\/uploads\/2024\/03\/boatrental1.jpg 843w, https:\/\/www.yatservis.com\/tr\/wp-content\/uploads\/2024\/03\/boatrental1-225x300.jpg 225w, https:\/\/www.yatservis.com\/tr\/wp-content\/uploads\/2024\/03\/boatrental1-768x1024.jpg 768w, https:\/\/www.yatservis.com\/tr\/wp-content\/uploads\/2024\/03\/boatrental1-624x832.jpg 624w\" sizes=\"(max-width: 709px) 85vw, (max-width: 909px) 67vw, (max-width: 1362px) 62vw, 840px\" \/><\/p>\n<p>Gerekir ise ise size yelkenli ve denizcilik e\u011fitimi de verebilecek Yelkenli Yat Kaptan\u0131 ayarl\u0131yoruz.<\/p>\n<p><img loading=\"lazy\" decoding=\"async\" class=\"aligncenter size-full wp-image-144\" src=\"https:\/\/www.yatservis.com\/tr\/wp-content\/uploads\/2024\/03\/boatrental21.jpg\" alt=\"\" width=\"1124\" height=\"843\" srcset=\"https:\/\/www.yatservis.com\/tr\/wp-content\/uploads\/2024\/03\/boatrental21.jpg 1124w, https:\/\/www.yatservis.com\/tr\/wp-content\/uploads\/2024\/03\/boatrental21-300x225.jpg 300w, https:\/\/www.yatservis.com\/tr\/wp-content\/uploads\/2024\/03\/boatrental21-1024x768.jpg 1024w, https:\/\/www.yatservis.com\/tr\/wp-content\/uploads\/2024\/03\/boatrental21-768x576.jpg 768w, https:\/\/www.yatservis.com\/tr\/wp-content\/uploads\/2024\/03\/boatrental21-624x468.jpg 624w\" sizes=\"(max-width: 709px) 85vw, (max-width: 909px) 67vw, (max-width: 1362px) 62vw, 840px\" \/><\/p>\n<p>Tekne kiralama (Bareboat charter), deneyimli denizcilerin bir yelkenli tekneyi belirli bir s\u00fcre i\u00e7in kullanabilecekleri bir se\u00e7enektir. Bu t\u00fcr bir kiralama, kirac\u0131lara genellikle tekneyi kullanma, seyir rotalar\u0131n\u0131 planlama ve geminin g\u00fcnl\u00fck bak\u0131m\u0131n\u0131 \u00fcstlenme \u00f6zg\u00fcrl\u00fc\u011f\u00fc sa\u011flar. \u0130\u015fte bareboat charter ile ilgili baz\u0131 temel bilgiler:<\/p>\n<p><img loading=\"lazy\" decoding=\"async\" class=\"aligncenter size-full wp-image-145\" src=\"https:\/\/www.yatservis.com\/tr\/wp-content\/uploads\/2024\/03\/boatrental31.jpg\" alt=\"\" width=\"1124\" height=\"843\" srcset=\"https:\/\/www.yatservis.com\/tr\/wp-content\/uploads\/2024\/03\/boatrental31.jpg 1124w, https:\/\/www.yatservis.com\/tr\/wp-content\/uploads\/2024\/03\/boatrental31-300x225.jpg 300w, https:\/\/www.yatservis.com\/tr\/wp-content\/uploads\/2024\/03\/boatrental31-1024x768.jpg 1024w, https:\/\/www.yatservis.com\/tr\/wp-content\/uploads\/2024\/03\/boatrental31-768x576.jpg 768w, https:\/\/www.yatservis.com\/tr\/wp-content\/uploads\/2024\/03\/boatrental31-624x468.jpg 624w\" sizes=\"(max-width: 709px) 85vw, (max-width: 909px) 67vw, (max-width: 1362px) 62vw, 840px\" \/><\/p>\n<p>Deneyim Seviyesi: Bareboat charter genellikle deneyimli ve yeterli derecede yelken tecr\u00fcbesine sahip ki\u015filere sunulur. Kiralama \u015firketleri genellikle belirli bir deneyim seviyesini veya sertifikalar\u0131 gerektirir. Bu, uluslararas\u0131 sertifikalar, belirli bir denizcilik ge\u00e7mi\u015fi veya belirli bir deneyim s\u00fcresi olabilir.<\/p>\n<p>Tekne Se\u00e7imi: Kirac\u0131lar, kiralama \u015firketinin filosundan uygun bir tekneyi se\u00e7erler. Tekne se\u00e7imi, kirac\u0131n\u0131n ihtiya\u00e7lar\u0131na, tercihlerine ve deneyim seviyesine g\u00f6re yap\u0131lmal\u0131d\u0131r. Tekne boyutu, donan\u0131m d\u00fczeyi, konfor seviyesi ve di\u011fer \u00f6zellikler g\u00f6z \u00f6n\u00fcnde bulundurulmal\u0131d\u0131r.<\/p>\n<p>Kiralama S\u00f6zle\u015fmesi ve Sigorta:\u00a0Kiralama i\u015flemi bir kiralama s\u00f6zle\u015fmesi arac\u0131l\u0131\u011f\u0131yla ger\u00e7ekle\u015ftirilir. S\u00f6zle\u015fme, kirac\u0131lar\u0131n ve kiralama \u015firketinin hak ve y\u00fck\u00fcml\u00fcl\u00fcklerini belirtir. Kiralama \u015firketi genellikle bareboat charter i\u00e7in sigorta sa\u011flar, ancak kirac\u0131lardan ek sigorta veya depozito talep edilebilir.<br \/>\nSeyir Plan\u0131 ve Rotalar: Kirac\u0131lar genellikle kiralama \u00f6ncesinde bir seyir plan\u0131 sunmak zorundad\u0131r. Bu plan, belirlenen rotalar\u0131, var\u0131\u015f limanlar\u0131n\u0131, seyir s\u00fcresini ve di\u011fer \u00f6nemli detaylar\u0131 i\u00e7erir. Kiralama \u015firketi, plan\u0131n uygunlu\u011funu de\u011ferlendirir ve gerekirse \u00f6nerilerde bulunur.<\/p>\n<p>G\u00fcnl\u00fck Bak\u0131m ve Sorumluluklar: Bareboat charter da, kirac\u0131lar geminin g\u00fcnl\u00fck bak\u0131m\u0131n\u0131 ve i\u015fletimini \u00fcstlenirler. Bu, teknede temizlik, ekipman kontrol\u00fc, yak\u0131t ve su ikmali, g\u00fcvenlik ekipmanlar\u0131n\u0131n kontrol\u00fc ve benzeri g\u00f6revleri i\u00e7erebilir.<\/p>\n<p>Bareboat charter, deneyimli denizciler i\u00e7in \u00f6zg\u00fcrl\u00fck ve ba\u011f\u0131ms\u0131zl\u0131k sa\u011flayan bir se\u00e7enektir. Ancak kirac\u0131lar\u0131n, yerel yasalara ve kiralama \u015firketinin belirledi\u011fi kurallara tam olarak uyum sa\u011flamas\u0131 \u00f6nemlidir. Kiralama \u015firketinin gereksinimleri ve talimatlar\u0131 dikkatlice incelenmeli ve takip edilmelidir.<\/p>\n","protected":false},"excerpt":{"rendered":"<p>Yelkenli Tekne Kullan\u0131m\u0131 ve Denizcilik E\u011fitimi, Tekne Kiralama Yelkenli tekne kullan\u0131m\u0131 ve temel denizcilik e\u011fitimi Yatservis teknenizde size e\u011fitim veriyor. Yeni bir tekne ald\u0131n\u0131z ve teknenizde bir yabanc\u0131 ile ya\u015famak istemiyorsunuz. Dahas\u0131 \u00f6zg\u00fcr bir ruhunuz var ancak i\u015fin ba\u015f\u0131ndas\u0131n\u0131z. Bu durumda Yatservis yan\u0131n\u0131zda. Teknemizde verdi\u011fimiz e\u011fitim i\u00e7in yerinizi ay\u0131rt\u0131n. Yelkenli tekne kullan\u0131m\u0131 e\u011fitimi, yelkenli tekne &hellip; <a href=\"https:\/\/www.yatservis.com\/tr\/yelken-egitimi-ve-tekne-kiralama\/\" class=\"more-link\">Okumaya devam et<span class=\"screen-reader-text\"> &#8220;YELKEN E\u011e\u0130T\u0130M\u0130 VE TEKNE K\u0130RALAMA&#8221;<\/span><\/a><\/p>\n","protected":false},"author":1,"featured_media":0,"parent":0,"menu_order":8,"comment_status":"closed","ping_status":"closed","template":"","meta":{"footnotes":""},"yoast_head":"<!-- This site is optimized with the Yoast SEO plugin v24.5 - https:\/\/yoast.com\/wordpress\/plugins\/seo\/ -->\n<title>YELKEN E\u011e\u0130T\u0130M\u0130 VE TEKNE K\u0130RALAMA - Yat Servis<\/title>\n<meta name=\"robots\" content=\"index, follow, max-snippet:-1, max-image-preview:large, max-video-preview:-1\" \/>\n<link rel=\"canonical\" href=\"https:\/\/www.yatservis.com\/tr\/yelken-egitimi-ve-tekne-kiralama\/\" \/>\n<meta property=\"og:locale\" content=\"tr_TR\" \/>\n<meta property=\"og:type\" content=\"article\" \/>\n<meta property=\"og:title\" content=\"YELKEN E\u011e\u0130T\u0130M\u0130 VE TEKNE K\u0130RALAMA - Yat Servis\" \/>\n<meta property=\"og:description\" content=\"Yelkenli Tekne Kullan\u0131m\u0131 ve Denizcilik E\u011fitimi, Tekne Kiralama Yelkenli tekne kullan\u0131m\u0131 ve temel denizcilik e\u011fitimi Yatservis teknenizde size e\u011fitim veriyor. Yeni bir tekne ald\u0131n\u0131z ve teknenizde bir yabanc\u0131 ile ya\u015famak istemiyorsunuz. Dahas\u0131 \u00f6zg\u00fcr bir ruhunuz var ancak i\u015fin ba\u015f\u0131ndas\u0131n\u0131z. Bu durumda Yatservis yan\u0131n\u0131zda. Teknemizde verdi\u011fimiz e\u011fitim i\u00e7in yerinizi ay\u0131rt\u0131n. Yelkenli tekne kullan\u0131m\u0131 e\u011fitimi, yelkenli tekne &hellip; Okumaya devam et &quot;YELKEN E\u011e\u0130T\u0130M\u0130 VE TEKNE K\u0130RALAMA&quot;\" \/>\n<meta property=\"og:url\" content=\"https:\/\/www.yatservis.com\/tr\/yelken-egitimi-ve-tekne-kiralama\/\" \/>\n<meta property=\"og:site_name\" content=\"Yat Servis\" \/>\n<meta property=\"article:modified_time\" content=\"2024-04-25T18:10:43+00:00\" \/>\n<meta property=\"og:image\" content=\"https:\/\/www.yatservis.com\/tr\/wp-content\/uploads\/2024\/03\/Traineer1.jpg\" \/>\n<meta name=\"twitter:card\" content=\"summary_large_image\" \/>\n<meta name=\"twitter:label1\" content=\"Tahmini okuma s\u00fcresi\" \/>\n\t<meta name=\"twitter:data1\" content=\"5 dakika\" \/>\n<script type=\"application\/ld+json\" class=\"yoast-schema-graph\">{\"@context\":\"https:\/\/schema.org\",\"@graph\":[{\"@type\":\"WebPage\",\"@id\":\"https:\/\/www.yatservis.com\/tr\/yelken-egitimi-ve-tekne-kiralama\/\",\"url\":\"https:\/\/www.yatservis.com\/tr\/yelken-egitimi-ve-tekne-kiralama\/\",\"name\":\"YELKEN E\u011e\u0130T\u0130M\u0130 VE TEKNE K\u0130RALAMA - Yat Servis\",\"isPartOf\":{\"@id\":\"https:\/\/www.yatservis.com\/tr\/#website\"},\"primaryImageOfPage\":{\"@id\":\"https:\/\/www.yatservis.com\/tr\/yelken-egitimi-ve-tekne-kiralama\/#primaryimage\"},\"image\":{\"@id\":\"https:\/\/www.yatservis.com\/tr\/yelken-egitimi-ve-tekne-kiralama\/#primaryimage\"},\"thumbnailUrl\":\"https:\/\/www.yatservis.com\/tr\/wp-content\/uploads\/2024\/03\/Traineer1.jpg\",\"datePublished\":\"2024-03-26T21:40:44+00:00\",\"dateModified\":\"2024-04-25T18:10:43+00:00\",\"breadcrumb\":{\"@id\":\"https:\/\/www.yatservis.com\/tr\/yelken-egitimi-ve-tekne-kiralama\/#breadcrumb\"},\"inLanguage\":\"tr\",\"potentialAction\":[{\"@type\":\"ReadAction\",\"target\":[\"https:\/\/www.yatservis.com\/tr\/yelken-egitimi-ve-tekne-kiralama\/\"]}]},{\"@type\":\"ImageObject\",\"inLanguage\":\"tr\",\"@id\":\"https:\/\/www.yatservis.com\/tr\/yelken-egitimi-ve-tekne-kiralama\/#primaryimage\",\"url\":\"https:\/\/www.yatservis.com\/tr\/wp-content\/uploads\/2024\/03\/Traineer1.jpg\",\"contentUrl\":\"https:\/\/www.yatservis.com\/tr\/wp-content\/uploads\/2024\/03\/Traineer1.jpg\",\"width\":1124,\"height\":843},{\"@type\":\"BreadcrumbList\",\"@id\":\"https:\/\/www.yatservis.com\/tr\/yelken-egitimi-ve-tekne-kiralama\/#breadcrumb\",\"itemListElement\":[{\"@type\":\"ListItem\",\"position\":1,\"name\":\"Home\",\"item\":\"https:\/\/www.yatservis.com\/tr\/\"},{\"@type\":\"ListItem\",\"position\":2,\"name\":\"YELKEN E\u011e\u0130T\u0130M\u0130 VE TEKNE K\u0130RALAMA\"}]},{\"@type\":\"WebSite\",\"@id\":\"https:\/\/www.yatservis.com\/tr\/#website\",\"url\":\"https:\/\/www.yatservis.com\/tr\/\",\"name\":\"Yat Servis\",\"description\":\"Marine Services\",\"publisher\":{\"@id\":\"https:\/\/www.yatservis.com\/tr\/#organization\"},\"potentialAction\":[{\"@type\":\"SearchAction\",\"target\":{\"@type\":\"EntryPoint\",\"urlTemplate\":\"https:\/\/www.yatservis.com\/tr\/?s={search_term_string}\"},\"query-input\":{\"@type\":\"PropertyValueSpecification\",\"valueRequired\":true,\"valueName\":\"search_term_string\"}}],\"inLanguage\":\"tr\"},{\"@type\":\"Organization\",\"@id\":\"https:\/\/www.yatservis.com\/tr\/#organization\",\"name\":\"Yat Servis\",\"url\":\"https:\/\/www.yatservis.com\/tr\/\",\"logo\":{\"@type\":\"ImageObject\",\"inLanguage\":\"tr\",\"@id\":\"https:\/\/www.yatservis.com\/tr\/#\/schema\/logo\/image\/\",\"url\":\"https:\/\/www.yatservis.com\/tr\/wp-content\/uploads\/2024\/04\/cropped-logo2.png\",\"contentUrl\":\"https:\/\/www.yatservis.com\/tr\/wp-content\/uploads\/2024\/04\/cropped-logo2.png\",\"width\":240,\"height\":64,\"caption\":\"Yat Servis\"},\"image\":{\"@id\":\"https:\/\/www.yatservis.com\/tr\/#\/schema\/logo\/image\/\"}}]}<\/script>\n<!-- \/ Yoast SEO plugin. -->","yoast_head_json":{"title":"YELKEN E\u011e\u0130T\u0130M\u0130 VE TEKNE K\u0130RALAMA - Yat Servis","robots":{"index":"index","follow":"follow","max-snippet":"max-snippet:-1","max-image-preview":"max-image-preview:large","max-video-preview":"max-video-preview:-1"},"canonical":"https:\/\/www.yatservis.com\/tr\/yelken-egitimi-ve-tekne-kiralama\/","og_locale":"tr_TR","og_type":"article","og_title":"YELKEN E\u011e\u0130T\u0130M\u0130 VE TEKNE K\u0130RALAMA - Yat Servis","og_description":"Yelkenli Tekne Kullan\u0131m\u0131 ve Denizcilik E\u011fitimi, Tekne Kiralama Yelkenli tekne kullan\u0131m\u0131 ve temel denizcilik e\u011fitimi Yatservis teknenizde size e\u011fitim veriyor. Yeni bir tekne ald\u0131n\u0131z ve teknenizde bir yabanc\u0131 ile ya\u015famak istemiyorsunuz. Dahas\u0131 \u00f6zg\u00fcr bir ruhunuz var ancak i\u015fin ba\u015f\u0131ndas\u0131n\u0131z. Bu durumda Yatservis yan\u0131n\u0131zda. Teknemizde verdi\u011fimiz e\u011fitim i\u00e7in yerinizi ay\u0131rt\u0131n. Yelkenli tekne kullan\u0131m\u0131 e\u011fitimi, yelkenli tekne &hellip; Okumaya devam et \"YELKEN E\u011e\u0130T\u0130M\u0130 VE TEKNE K\u0130RALAMA\"","og_url":"https:\/\/www.yatservis.com\/tr\/yelken-egitimi-ve-tekne-kiralama\/","og_site_name":"Yat Servis","article_modified_time":"2024-04-25T18:10:43+00:00","og_image":[{"url":"https:\/\/www.yatservis.com\/tr\/wp-content\/uploads\/2024\/03\/Traineer1.jpg","type":"","width":"","height":""}],"twitter_card":"summary_large_image","twitter_misc":{"Tahmini okuma s\u00fcresi":"5 dakika"},"schema":{"@context":"https:\/\/schema.org","@graph":[{"@type":"WebPage","@id":"https:\/\/www.yatservis.com\/tr\/yelken-egitimi-ve-tekne-kiralama\/","url":"https:\/\/www.yatservis.com\/tr\/yelken-egitimi-ve-tekne-kiralama\/","name":"YELKEN E\u011e\u0130T\u0130M\u0130 VE TEKNE K\u0130RALAMA - Yat Servis","isPartOf":{"@id":"https:\/\/www.yatservis.com\/tr\/#website"},"primaryImageOfPage":{"@id":"https:\/\/www.yatservis.com\/tr\/yelken-egitimi-ve-tekne-kiralama\/#primaryimage"},"image":{"@id":"https:\/\/www.yatservis.com\/tr\/yelken-egitimi-ve-tekne-kiralama\/#primaryimage"},"thumbnailUrl":"https:\/\/www.yatservis.com\/tr\/wp-content\/uploads\/2024\/03\/Traineer1.jpg","datePublished":"2024-03-26T21:40:44+00:00","dateModified":"2024-04-25T18:10:43+00:00","breadcrumb":{"@id":"https:\/\/www.yatservis.com\/tr\/yelken-egitimi-ve-tekne-kiralama\/#breadcrumb"},"inLanguage":"tr","potentialAction":[{"@type":"ReadAction","target":["https:\/\/www.yatservis.com\/tr\/yelken-egitimi-ve-tekne-kiralama\/"]}]},{"@type":"ImageObject","inLanguage":"tr","@id":"https:\/\/www.yatservis.com\/tr\/yelken-egitimi-ve-tekne-kiralama\/#primaryimage","url":"https:\/\/www.yatservis.com\/tr\/wp-content\/uploads\/2024\/03\/Traineer1.jpg","contentUrl":"https:\/\/www.yatservis.com\/tr\/wp-content\/uploads\/2024\/03\/Traineer1.jpg","width":1124,"height":843},{"@type":"BreadcrumbList","@id":"https:\/\/www.yatservis.com\/tr\/yelken-egitimi-ve-tekne-kiralama\/#breadcrumb","itemListElement":[{"@type":"ListItem","position":1,"name":"Home","item":"https:\/\/www.yatservis.com\/tr\/"},{"@type":"ListItem","position":2,"name":"YELKEN E\u011e\u0130T\u0130M\u0130 VE TEKNE K\u0130RALAMA"}]},{"@type":"WebSite","@id":"https:\/\/www.yatservis.com\/tr\/#website","url":"https:\/\/www.yatservis.com\/tr\/","name":"Yat Servis","description":"Marine Services","publisher":{"@id":"https:\/\/www.yatservis.com\/tr\/#organization"},"potentialAction":[{"@type":"SearchAction","target":{"@type":"EntryPoint","urlTemplate":"https:\/\/www.yatservis.com\/tr\/?s={search_term_string}"},"query-input":{"@type":"PropertyValueSpecification","valueRequired":true,"valueName":"search_term_string"}}],"inLanguage":"tr"},{"@type":"Organization","@id":"https:\/\/www.yatservis.com\/tr\/#organization","name":"Yat Servis","url":"https:\/\/www.yatservis.com\/tr\/","logo":{"@type":"ImageObject","inLanguage":"tr","@id":"https:\/\/www.yatservis.com\/tr\/#\/schema\/logo\/image\/","url":"https:\/\/www.yatservis.com\/tr\/wp-content\/uploads\/2024\/04\/cropped-logo2.png","contentUrl":"https:\/\/www.yatservis.com\/tr\/wp-content\/uploads\/2024\/04\/cropped-logo2.png","width":240,"height":64,"caption":"Yat Servis"},"image":{"@id":"https:\/\/www.yatservis.com\/tr\/#\/schema\/logo\/image\/"}}]}},"_links":{"self":[{"href":"https:\/\/www.yatservis.com\/tr\/wp-json\/wp\/v2\/pages\/138"}],"collection":[{"href":"https:\/\/www.yatservis.com\/tr\/wp-json\/wp\/v2\/pages"}],"about":[{"href":"https:\/\/www.yatservis.com\/tr\/wp-json\/wp\/v2\/types\/page"}],"author":[{"embeddable":true,"href":"https:\/\/www.yatservis.com\/tr\/wp-json\/wp\/v2\/users\/1"}],"replies":[{"embeddable":true,"href":"https:\/\/www.yatservis.com\/tr\/wp-json\/wp\/v2\/comments?post=138"}],"version-history":[{"count":10,"href":"https:\/\/www.yatservis.com\/tr\/wp-json\/wp\/v2\/pages\/138\/revisions"}],"predecessor-version":[{"id":274,"href":"https:\/\/www.yatservis.com\/tr\/wp-json\/wp\/v2\/pages\/138\/revisions\/274"}],"wp:attachment":[{"href":"https:\/\/www.yatservis.com\/tr\/wp-json\/wp\/v2\/media?parent=138"}],"curies":[{"name":"wp","href":"https:\/\/api.w.org\/{rel}","templated":true}]}}