{"id":155,"date":"2024-03-27T07:59:54","date_gmt":"2024-03-27T04:59:54","guid":{"rendered":"https:\/\/www.yatservis.com\/tr\/?page_id=155"},"modified":"2024-04-24T21:10:47","modified_gmt":"2024-04-24T18:10:47","slug":"resifleri-koruyun","status":"publish","type":"page","link":"https:\/\/www.yatservis.com\/tr\/resifleri-koruyun\/","title":{"rendered":"RES\u0130FLER\u0130 KORUYUN"},"content":{"rendered":"<div><b>Resifleri koruyun, do\u011fay\u0131 koruyun ve deniz sular\u0131n\u0131 temizleyin; Denizci \u00c7ocuklar\u0131m\u0131z ve torunlar\u0131 i\u00e7in \u00e7al\u0131\u015f\u0131n.<\/b><\/div>\n<div><\/div>\n<figure id=\"attachment_156\" aria-describedby=\"caption-attachment-156\" style=\"width: 275px\" class=\"wp-caption alignright\"><img loading=\"lazy\" decoding=\"async\" class=\"wp-image-156 size-full\" src=\"https:\/\/www.yatservis.com\/tr\/wp-content\/uploads\/2024\/03\/GreatBarrierReef.png\" alt=\"\" width=\"275\" height=\"183\" \/><figcaption id=\"caption-attachment-156\" class=\"wp-caption-text\">Great Barrier Resifi<\/figcaption><\/figure>\n<p>Resifleri kurtarmak, do\u011fay\u0131 korumak ve deniz sular\u0131n\u0131 temizlemek \u00e7evrenin korunmas\u0131 ve s\u00fcrd\u00fcr\u00fclebilir kalk\u0131nma a\u00e7\u0131s\u0131ndan hayati hedeflerdir. Bu hedeflere ula\u015fman\u0131za yard\u0131mc\u0131 olabilecek baz\u0131 stratejiler \u015funlard\u0131r:<\/p>\n<p><strong>Resiflerin Korunmas\u0131:<\/strong> Resifler, \u00e7ok \u00e7e\u015fitli deniz ya\u015fam\u0131n\u0131 destekleyen hayati deniz ekosistemleri dir. Resifleri kurtarmak i\u00e7in korunan alanlar olu\u015fturmak, bal\u0131k\u00e7\u0131l\u0131k d\u00fczenlemelerini y\u00fcr\u00fcrl\u00fc\u011fe koymak ve bu hassas ekosistemler \u00fczerindeki bask\u0131y\u0131 azaltmak i\u00e7in s\u00fcrd\u00fcr\u00fclebilir turizm uygulamalar\u0131 uygulamak \u00e7ok \u00f6nemlidir. Ek olarak, artan deniz s\u0131cakl\u0131klar\u0131, kirlilik ve okyanus asitlenmesinin neden oldu\u011fu mercan a\u011farmas\u0131n\u0131 azaltmaya y\u00f6nelik \u00e7abalar da kritik \u00f6nem ta\u015f\u0131yor. Bu, mercan nakli ve yapay resif olu\u015fturulmas\u0131 gibi mercan restorasyon giri\u015fimlerini i\u00e7erebilir.<\/p>\n<figure id=\"attachment_157\" aria-describedby=\"caption-attachment-157\" style=\"width: 300px\" class=\"wp-caption alignleft\"><img loading=\"lazy\" decoding=\"async\" class=\"wp-image-157 size-full\" src=\"https:\/\/www.yatservis.com\/tr\/wp-content\/uploads\/2024\/03\/GreatBarrierReef2.png\" alt=\"\" width=\"300\" height=\"168\" \/><figcaption id=\"caption-attachment-157\" class=\"wp-caption-text\">Great Barrier Resifi<\/figcaption><\/figure>\n<p>Deniz Koruma Alanlar\u0131 (DKA&#8217;lar): Deniz koruma alanlar\u0131n\u0131n olu\u015fturulmas\u0131 ve etkin bir \u015fekilde y\u00f6netilmesi, deniz biyolojik \u00e7e\u015fitlili\u011finin ve habitatlar\u0131n\u0131n korunmas\u0131 i\u00e7in esast\u0131r. DKA&#8217;lar mercan resiflerini, deniz \u00e7ay\u0131r\u0131 yataklar\u0131n\u0131 ve di\u011fer kritik ekosistemleri a\u015f\u0131r\u0131 avlanma, habitat tahribat\u0131 ve kirlilik gibi y\u0131k\u0131c\u0131 faaliyetlerden korumaya yard\u0131mc\u0131 olur. Ayr\u0131ca tehdit alt\u0131ndaki t\u00fcrler i\u00e7in s\u0131\u011f\u0131nak sa\u011flar ve ekosistemin dayan\u0131kl\u0131l\u0131\u011f\u0131n\u0131 destekler.<\/p>\n<p><strong>S\u00fcrd\u00fcr\u00fclebilir Bal\u0131k\u00e7\u0131l\u0131k Uygulamalar\u0131:<\/strong> A\u015f\u0131r\u0131 avlanma, y\u0131k\u0131c\u0131 bal\u0131k\u00e7\u0131l\u0131k y\u00f6ntemleri ve hedef d\u0131\u015f\u0131 avlanma gibi s\u00fcrd\u00fcr\u00fclemez bal\u0131k\u00e7\u0131l\u0131k uygulamalar\u0131 deniz ekosistemlerine zarar verebilir ve bal\u0131k stoklar\u0131n\u0131 t\u00fcketebilir. Se\u00e7ici av ara\u00e7lar\u0131, av limitleri ve mevsimsel kapatmalar gibi s\u00fcrd\u00fcr\u00fclebilir bal\u0131k\u00e7\u0131l\u0131k uygulamalar\u0131n\u0131n uygulanmas\u0131, resifler ve di\u011fer habitatlar \u00fczerindeki bask\u0131y\u0131 azalt\u0131rken sa\u011fl\u0131kl\u0131 bal\u0131k pop\u00fclasyonlar\u0131n\u0131n ve ekosistem dengesinin korunmas\u0131na yard\u0131mc\u0131 olur.<\/p>\n<p><strong>Kirlili\u011fin Azalt\u0131lmas\u0131:<\/strong> Tar\u0131msal ak\u0131nt\u0131, end\u00fcstriyel at\u0131klar, kanalizasyon ve plastik at\u0131klar da dahil olmak \u00fczere kara k\u00f6kenli kaynaklardan kaynaklanan kirlilik, deniz ortamlar\u0131 i\u00e7in \u00f6nemli bir tehdit olu\u015fturmaktad\u0131r. Deniz sular\u0131n\u0131 temizlemek ve deniz ya\u015fam\u0131n\u0131 korumak i\u00e7in, geli\u015fmi\u015f at\u0131k y\u00f6netimi, geri d\u00f6n\u00fc\u015f\u00fcm ve \u00e7evre dostu uygulamalar\u0131n benimsenmesi yoluyla kirlili\u011fin en aza indirilmesi \u00e7ok \u00f6nemlidir. Fark\u0131ndal\u0131\u011f\u0131n ve toplumsal kat\u0131l\u0131m\u0131n te\u015fvik edilmesi, plastik t\u00fcketiminin azalt\u0131lmas\u0131 ve at\u0131klar\u0131n sorumlu bir \u015fekilde bertaraf edilmesinin te\u015fvik edilmesi a\u00e7\u0131s\u0131ndan da \u00e7ok \u00f6nemlidir.<\/p>\n<p><strong>\u0130klim De\u011fi\u015fikli\u011finin Azalt\u0131lmas\u0131:<\/strong> \u0130klim de\u011fi\u015fikli\u011fi, okyanus \u0131s\u0131nmas\u0131, asitlenme ve a\u015f\u0131r\u0131 hava olaylar\u0131 yoluyla mercan resifleri de dahil olmak \u00fczere deniz ekosistemleri i\u00e7in ciddi bir tehdit olu\u015fturmaktad\u0131r. \u0130klim de\u011fi\u015fikli\u011fiyle m\u00fccadele, sera gaz\u0131 emisyonlar\u0131n\u0131n azalt\u0131lmas\u0131, yenilenebilir enerji kaynaklar\u0131na ge\u00e7i\u015f ve hassas ekosistemlerin korunmas\u0131na y\u00f6nelik uyum tedbirlerinin uygulanmas\u0131 y\u00f6n\u00fcnde k\u00fcresel \u00e7abalar gerektiriyor. Mangrov restorasyonu ve k\u0131y\u0131 habitatlar\u0131n\u0131n korunmas\u0131 gibi iklim direncini ve karbon tutulmas\u0131n\u0131 te\u015fvik eden giri\u015fimlerin desteklenmesi, iklim de\u011fi\u015fikli\u011finin deniz ortamlar\u0131 \u00fczerindeki etkilerinin azalt\u0131lmas\u0131na da yard\u0131mc\u0131 olabilir.<\/p>\n<p><strong>E\u011fitim ve Savunuculuk:<\/strong> Denizlerin korunmas\u0131n\u0131n \u00f6nemi ve insan faaliyetlerinin deniz ekosistemleri ile ba\u011flant\u0131l\u0131l\u0131\u011f\u0131 konusunda kamu bilincinin art\u0131r\u0131lmas\u0131 esast\u0131r. E\u011fitim, sosyal yard\u0131m programlar\u0131 ve topluluk kat\u0131l\u0131m\u0131 giri\u015fimleri, bireyleri deniz ortamlar\u0131n\u0131 korumak ve s\u00fcrd\u00fcr\u00fclebilir politika ve uygulamalar\u0131 savunmak i\u00e7in harekete ge\u00e7me konusunda g\u00fc\u00e7lendirebilir.<br \/>\nBu stratejileri uygulayarak ve h\u00fck\u00fcmetler, STK&#8217;lar, i\u015fletmeler ve yerel topluluklar aras\u0131ndaki i\u015fbirli\u011fini te\u015fvik ederek resifleri kurtarmak, do\u011fay\u0131 korumak ve mevcut ve gelecek nesiller i\u00e7in deniz sular\u0131n\u0131 temizlemek i\u00e7in birlikte \u00e7al\u0131\u015fabiliriz.<\/p>\n<p><b>Denizci \u00c7ocuklar<\/b><\/p>\n<p><img loading=\"lazy\" decoding=\"async\" class=\"wp-image-158 alignleft\" src=\"https:\/\/www.yatservis.com\/tr\/wp-content\/uploads\/2024\/03\/Sailorkids.jpg\" alt=\"\" width=\"378\" height=\"213\" srcset=\"https:\/\/www.yatservis.com\/tr\/wp-content\/uploads\/2024\/03\/Sailorkids.jpg 1124w, https:\/\/www.yatservis.com\/tr\/wp-content\/uploads\/2024\/03\/Sailorkids-300x169.jpg 300w, https:\/\/www.yatservis.com\/tr\/wp-content\/uploads\/2024\/03\/Sailorkids-1024x576.jpg 1024w, https:\/\/www.yatservis.com\/tr\/wp-content\/uploads\/2024\/03\/Sailorkids-768x432.jpg 768w, https:\/\/www.yatservis.com\/tr\/wp-content\/uploads\/2024\/03\/Sailorkids-624x351.jpg 624w\" sizes=\"(max-width: 378px) 85vw, 378px\" \/><\/p>\n<p>Denizci \u00e7ocuklar &#8221; tipik olarak, yelken programlar\u0131na kat\u0131lanlar, yelken ailelerinin \u00fcyeleri veya spor merakl\u0131lar\u0131 olarak yelken faaliyetlerine kat\u0131lan \u00e7ocuklar\u0131 ifade eder.\u00a0Yatservis denizci \u00e7ocuklarla\u00a0\u00a0yelkenli kullanmas\u0131n\u0131 ve denizci olmay\u0131 \u00f6\u011fretiyor..<\/p>\n<p>Denizci \u00e7ocuklar i\u00e7in s\u00f6ylenecekler;<\/p>\n<p><img loading=\"lazy\" decoding=\"async\" class=\"wp-image-159 alignright\" src=\"https:\/\/www.yatservis.com\/tr\/wp-content\/uploads\/2024\/03\/Sailorkids2-e1711519590359.jpg\" alt=\"\" width=\"278\" height=\"425\" srcset=\"https:\/\/www.yatservis.com\/tr\/wp-content\/uploads\/2024\/03\/Sailorkids2-e1711519590359.jpg 631w, https:\/\/www.yatservis.com\/tr\/wp-content\/uploads\/2024\/03\/Sailorkids2-e1711519590359-196x300.jpg 196w, https:\/\/www.yatservis.com\/tr\/wp-content\/uploads\/2024\/03\/Sailorkids2-e1711519590359-624x953.jpg 624w\" sizes=\"(max-width: 278px) 85vw, 278px\" \/><\/p>\n<div>\n<p>Yelken E\u011fitimi: Pek \u00e7ok \u00e7ocuk, yat kul\u00fcpleri, yelken okullar\u0131 ve toplumsal kurulu\u015flar taraf\u0131ndan sunulan gen\u00e7lere y\u00f6nelik yelken programlar\u0131 arac\u0131l\u0131\u011f\u0131yla yelkenle tan\u0131nmaktad\u0131r. Bu programlar \u00e7ocuklara tekne kullan\u0131m\u0131, yelken trimi, navigasyon ve g\u00fcvenlik prosed\u00fcrleri dahil olmak \u00fczere yelkencili\u011fin temellerini \u00f6\u011fretir. Yelken e\u011fitimi, yelken sporuna olan sevginin a\u015f\u0131lanmas\u0131na yard\u0131mc\u0131 olur ve tak\u0131m \u00e7al\u0131\u015fmas\u0131, problem \u00e7\u00f6zme ve kendine g\u00fcven gibi de\u011ferli ya\u015fam becerilerini \u00f6\u011fretir.<\/p>\n<\/div>\n<div>\nRekabet\u00e7i Yelken Yar\u0131\u015flar\u0131: Baz\u0131 denizci \u00e7ocuklar, yerel tekne yar\u0131\u015flar\u0131ndan ulusal ve uluslararas\u0131 yar\u0131\u015fmalara kadar \u00e7e\u015fitli rekabet\u00e7i yelken etkinliklerine kat\u0131labilir. Gen\u00e7ler i\u00e7in yelken yar\u0131\u015fmalar\u0131nda genellikle farkl\u0131 ya\u015f kategorileri ve tekne s\u0131n\u0131flar\u0131 bulunur; bu, \u00e7ocuklar\u0131n yelken becerilerini ve sportmenliklerini geli\u015ftirirken akranlar\u0131yla rekabet etmelerine olanak tan\u0131r.<\/p>\n<p>Aile Kat\u0131l\u0131m\u0131: \u00c7o\u011fu durumda denizci \u00e7ocuklar, ebeveynlerinin veya akrabalar\u0131n\u0131n hevesli denizci oldu\u011fu yelken ailelerinden gelir. Yelken ortam\u0131nda b\u00fcy\u00fcmek, \u00e7ocuklar\u0131 k\u00fc\u00e7\u00fck ya\u015flardan itibaren sporla tan\u0131\u015ft\u0131r\u0131r ve genellikle yelken gezilerinde aile \u00fcyelerine e\u015flik eder veya birlikte yelken aktivitelerine kat\u0131l\u0131rlar. Aile kat\u0131l\u0131m\u0131 yelkencilikle g\u00fc\u00e7l\u00fc bir ba\u011f kurabilir ve suda kal\u0131c\u0131 an\u0131lar yaratabilir.<\/p><\/div>\n<div><\/div>\n<p><img loading=\"lazy\" decoding=\"async\" class=\"aligncenter size-full wp-image-160\" src=\"https:\/\/www.yatservis.com\/tr\/wp-content\/uploads\/2024\/03\/Sailorkids32.jpg\" alt=\"\" width=\"843\" height=\"1124\" srcset=\"https:\/\/www.yatservis.com\/tr\/wp-content\/uploads\/2024\/03\/Sailorkids32.jpg 843w, https:\/\/www.yatservis.com\/tr\/wp-content\/uploads\/2024\/03\/Sailorkids32-225x300.jpg 225w, https:\/\/www.yatservis.com\/tr\/wp-content\/uploads\/2024\/03\/Sailorkids32-768x1024.jpg 768w, https:\/\/www.yatservis.com\/tr\/wp-content\/uploads\/2024\/03\/Sailorkids32-624x832.jpg 624w\" sizes=\"(max-width: 709px) 85vw, (max-width: 909px) 67vw, (max-width: 1362px) 62vw, 840px\" \/><\/p>\n<div>\n<p>Hayat Dersleri ve Karakter Geli\u015fimi: Yelken, \u00e7ocuklara \u00f6nemli hayat derslerini \u00f6\u011frenmeleri ve dayan\u0131kl\u0131l\u0131k, azim ve sorumluluk gibi karakter \u00f6zelliklerini geli\u015ftirmeleri i\u00e7in e\u015fsiz f\u0131rsatlar sa\u011flar. Sudaki zorluklarla y\u00fczle\u015fmek, bir parkurda ekip olarak \u00e7al\u0131\u015fmak ve de\u011fi\u015fen r\u00fczgar ve hava ko\u015fullar\u0131na uyum sa\u011flamak, denizci \u00e7ocuklar\u0131n ki\u015fisel geli\u015fimine katk\u0131da bulunur.<\/p>\n<p>\u00c7evresel Fark\u0131ndal\u0131k: Yelken, deniz ortam\u0131n\u0131n takdir edilmesini te\u015fvik eder ve \u00e7ocuklar aras\u0131nda \u00e7evre y\u00f6netimini te\u015fvik eder. Denizci \u00e7ocuklar okyanuslar\u0131, nehirleri ve g\u00f6lleri kirlilikten, habitat bozulmas\u0131ndan ve iklim de\u011fi\u015fikli\u011finden koruman\u0131n \u00f6nemini \u00f6\u011frenirler ve s\u0131kl\u0131kla denizlerin korunmas\u0131n\u0131n savunucusu olurlar.<\/p>\n<p>Yaz Kamplar\u0131 ve Rekreasyon: Yelken temal\u0131 yaz kamplar\u0131 ve dinlence programlar\u0131, \u00e7ocuklara e\u011flenceli ve destekleyici bir ortamda yelken deneyimi ya\u015fama f\u0131rsat\u0131 sunuyor. Bu kamplar yelken e\u011fitimi, su \u00fcst\u00fc aktiviteleri,<\/p>\n<\/div>\n<p><img loading=\"lazy\" decoding=\"async\" class=\"aligncenter size-full wp-image-161\" src=\"https:\/\/www.yatservis.com\/tr\/wp-content\/uploads\/2024\/03\/Sailorkids42.jpg\" alt=\"\" width=\"1124\" height=\"632\" srcset=\"https:\/\/www.yatservis.com\/tr\/wp-content\/uploads\/2024\/03\/Sailorkids42.jpg 1124w, https:\/\/www.yatservis.com\/tr\/wp-content\/uploads\/2024\/03\/Sailorkids42-300x169.jpg 300w, https:\/\/www.yatservis.com\/tr\/wp-content\/uploads\/2024\/03\/Sailorkids42-1024x576.jpg 1024w, https:\/\/www.yatservis.com\/tr\/wp-content\/uploads\/2024\/03\/Sailorkids42-768x432.jpg 768w, https:\/\/www.yatservis.com\/tr\/wp-content\/uploads\/2024\/03\/Sailorkids42-624x351.jpg 624w\" sizes=\"(max-width: 709px) 85vw, (max-width: 909px) 67vw, (max-width: 1362px) 62vw, 840px\" \/><\/p>\n<p>Gelin, \u00e7ocuklar\u0131n\u0131z\u0131 Yatservis denizci yaps\u0131n.<\/p>\n","protected":false},"excerpt":{"rendered":"<p>Resifleri koruyun, do\u011fay\u0131 koruyun ve deniz sular\u0131n\u0131 temizleyin; Denizci \u00c7ocuklar\u0131m\u0131z ve torunlar\u0131 i\u00e7in \u00e7al\u0131\u015f\u0131n. Resifleri kurtarmak, do\u011fay\u0131 korumak ve deniz sular\u0131n\u0131 temizlemek \u00e7evrenin korunmas\u0131 ve s\u00fcrd\u00fcr\u00fclebilir kalk\u0131nma a\u00e7\u0131s\u0131ndan hayati hedeflerdir. Bu hedeflere ula\u015fman\u0131za yard\u0131mc\u0131 olabilecek baz\u0131 stratejiler \u015funlard\u0131r: Resiflerin Korunmas\u0131: Resifler, \u00e7ok \u00e7e\u015fitli deniz ya\u015fam\u0131n\u0131 destekleyen hayati deniz ekosistemleri dir. Resifleri kurtarmak i\u00e7in korunan alanlar &hellip; <a href=\"https:\/\/www.yatservis.com\/tr\/resifleri-koruyun\/\" class=\"more-link\">Okumaya devam et<span class=\"screen-reader-text\"> &#8220;RES\u0130FLER\u0130 KORUYUN&#8221;<\/span><\/a><\/p>\n","protected":false},"author":1,"featured_media":0,"parent":0,"menu_order":0,"comment_status":"closed","ping_status":"closed","template":"","meta":{"footnotes":""},"yoast_head":"<!-- This site is optimized with the Yoast SEO plugin v24.5 - https:\/\/yoast.com\/wordpress\/plugins\/seo\/ -->\n<title>RES\u0130FLER\u0130 KORUYUN - Yat Servis<\/title>\n<meta name=\"robots\" content=\"index, follow, max-snippet:-1, max-image-preview:large, max-video-preview:-1\" \/>\n<link rel=\"canonical\" href=\"https:\/\/www.yatservis.com\/tr\/resifleri-koruyun\/\" \/>\n<meta property=\"og:locale\" content=\"tr_TR\" \/>\n<meta property=\"og:type\" content=\"article\" \/>\n<meta property=\"og:title\" content=\"RES\u0130FLER\u0130 KORUYUN - Yat Servis\" \/>\n<meta property=\"og:description\" content=\"Resifleri koruyun, do\u011fay\u0131 koruyun ve deniz sular\u0131n\u0131 temizleyin; Denizci \u00c7ocuklar\u0131m\u0131z ve torunlar\u0131 i\u00e7in \u00e7al\u0131\u015f\u0131n. Resifleri kurtarmak, do\u011fay\u0131 korumak ve deniz sular\u0131n\u0131 temizlemek \u00e7evrenin korunmas\u0131 ve s\u00fcrd\u00fcr\u00fclebilir kalk\u0131nma a\u00e7\u0131s\u0131ndan hayati hedeflerdir. Bu hedeflere ula\u015fman\u0131za yard\u0131mc\u0131 olabilecek baz\u0131 stratejiler \u015funlard\u0131r: Resiflerin Korunmas\u0131: Resifler, \u00e7ok \u00e7e\u015fitli deniz ya\u015fam\u0131n\u0131 destekleyen hayati deniz ekosistemleri dir. Resifleri kurtarmak i\u00e7in korunan alanlar &hellip; Okumaya devam et &quot;RES\u0130FLER\u0130 KORUYUN&quot;\" \/>\n<meta property=\"og:url\" content=\"https:\/\/www.yatservis.com\/tr\/resifleri-koruyun\/\" \/>\n<meta property=\"og:site_name\" content=\"Yat Servis\" \/>\n<meta property=\"article:modified_time\" content=\"2024-04-24T18:10:47+00:00\" \/>\n<meta property=\"og:image\" content=\"https:\/\/www.yatservis.com\/tr\/wp-content\/uploads\/2024\/03\/GreatBarrierReef.png\" \/>\n<meta name=\"twitter:card\" content=\"summary_large_image\" \/>\n<meta name=\"twitter:label1\" content=\"Tahmini okuma s\u00fcresi\" \/>\n\t<meta name=\"twitter:data1\" content=\"6 dakika\" \/>\n<script type=\"application\/ld+json\" class=\"yoast-schema-graph\">{\"@context\":\"https:\/\/schema.org\",\"@graph\":[{\"@type\":\"WebPage\",\"@id\":\"https:\/\/www.yatservis.com\/tr\/resifleri-koruyun\/\",\"url\":\"https:\/\/www.yatservis.com\/tr\/resifleri-koruyun\/\",\"name\":\"RES\u0130FLER\u0130 KORUYUN - Yat Servis\",\"isPartOf\":{\"@id\":\"https:\/\/www.yatservis.com\/tr\/#website\"},\"primaryImageOfPage\":{\"@id\":\"https:\/\/www.yatservis.com\/tr\/resifleri-koruyun\/#primaryimage\"},\"image\":{\"@id\":\"https:\/\/www.yatservis.com\/tr\/resifleri-koruyun\/#primaryimage\"},\"thumbnailUrl\":\"https:\/\/www.yatservis.com\/tr\/wp-content\/uploads\/2024\/03\/GreatBarrierReef.png\",\"datePublished\":\"2024-03-27T04:59:54+00:00\",\"dateModified\":\"2024-04-24T18:10:47+00:00\",\"breadcrumb\":{\"@id\":\"https:\/\/www.yatservis.com\/tr\/resifleri-koruyun\/#breadcrumb\"},\"inLanguage\":\"tr\",\"potentialAction\":[{\"@type\":\"ReadAction\",\"target\":[\"https:\/\/www.yatservis.com\/tr\/resifleri-koruyun\/\"]}]},{\"@type\":\"ImageObject\",\"inLanguage\":\"tr\",\"@id\":\"https:\/\/www.yatservis.com\/tr\/resifleri-koruyun\/#primaryimage\",\"url\":\"https:\/\/www.yatservis.com\/tr\/wp-content\/uploads\/2024\/03\/GreatBarrierReef.png\",\"contentUrl\":\"https:\/\/www.yatservis.com\/tr\/wp-content\/uploads\/2024\/03\/GreatBarrierReef.png\",\"width\":275,\"height\":183},{\"@type\":\"BreadcrumbList\",\"@id\":\"https:\/\/www.yatservis.com\/tr\/resifleri-koruyun\/#breadcrumb\",\"itemListElement\":[{\"@type\":\"ListItem\",\"position\":1,\"name\":\"Home\",\"item\":\"https:\/\/www.yatservis.com\/tr\/\"},{\"@type\":\"ListItem\",\"position\":2,\"name\":\"RES\u0130FLER\u0130 KORUYUN\"}]},{\"@type\":\"WebSite\",\"@id\":\"https:\/\/www.yatservis.com\/tr\/#website\",\"url\":\"https:\/\/www.yatservis.com\/tr\/\",\"name\":\"Yat Servis\",\"description\":\"Marine Services\",\"publisher\":{\"@id\":\"https:\/\/www.yatservis.com\/tr\/#organization\"},\"potentialAction\":[{\"@type\":\"SearchAction\",\"target\":{\"@type\":\"EntryPoint\",\"urlTemplate\":\"https:\/\/www.yatservis.com\/tr\/?s={search_term_string}\"},\"query-input\":{\"@type\":\"PropertyValueSpecification\",\"valueRequired\":true,\"valueName\":\"search_term_string\"}}],\"inLanguage\":\"tr\"},{\"@type\":\"Organization\",\"@id\":\"https:\/\/www.yatservis.com\/tr\/#organization\",\"name\":\"Yat Servis\",\"url\":\"https:\/\/www.yatservis.com\/tr\/\",\"logo\":{\"@type\":\"ImageObject\",\"inLanguage\":\"tr\",\"@id\":\"https:\/\/www.yatservis.com\/tr\/#\/schema\/logo\/image\/\",\"url\":\"https:\/\/www.yatservis.com\/tr\/wp-content\/uploads\/2024\/04\/cropped-logo2.png\",\"contentUrl\":\"https:\/\/www.yatservis.com\/tr\/wp-content\/uploads\/2024\/04\/cropped-logo2.png\",\"width\":240,\"height\":64,\"caption\":\"Yat Servis\"},\"image\":{\"@id\":\"https:\/\/www.yatservis.com\/tr\/#\/schema\/logo\/image\/\"}}]}<\/script>\n<!-- \/ Yoast SEO plugin. -->","yoast_head_json":{"title":"RES\u0130FLER\u0130 KORUYUN - Yat Servis","robots":{"index":"index","follow":"follow","max-snippet":"max-snippet:-1","max-image-preview":"max-image-preview:large","max-video-preview":"max-video-preview:-1"},"canonical":"https:\/\/www.yatservis.com\/tr\/resifleri-koruyun\/","og_locale":"tr_TR","og_type":"article","og_title":"RES\u0130FLER\u0130 KORUYUN - Yat Servis","og_description":"Resifleri koruyun, do\u011fay\u0131 koruyun ve deniz sular\u0131n\u0131 temizleyin; Denizci \u00c7ocuklar\u0131m\u0131z ve torunlar\u0131 i\u00e7in \u00e7al\u0131\u015f\u0131n. Resifleri kurtarmak, do\u011fay\u0131 korumak ve deniz sular\u0131n\u0131 temizlemek \u00e7evrenin korunmas\u0131 ve s\u00fcrd\u00fcr\u00fclebilir kalk\u0131nma a\u00e7\u0131s\u0131ndan hayati hedeflerdir. Bu hedeflere ula\u015fman\u0131za yard\u0131mc\u0131 olabilecek baz\u0131 stratejiler \u015funlard\u0131r: Resiflerin Korunmas\u0131: Resifler, \u00e7ok \u00e7e\u015fitli deniz ya\u015fam\u0131n\u0131 destekleyen hayati deniz ekosistemleri dir. Resifleri kurtarmak i\u00e7in korunan alanlar &hellip; Okumaya devam et \"RES\u0130FLER\u0130 KORUYUN\"","og_url":"https:\/\/www.yatservis.com\/tr\/resifleri-koruyun\/","og_site_name":"Yat Servis","article_modified_time":"2024-04-24T18:10:47+00:00","og_image":[{"url":"https:\/\/www.yatservis.com\/tr\/wp-content\/uploads\/2024\/03\/GreatBarrierReef.png","type":"","width":"","height":""}],"twitter_card":"summary_large_image","twitter_misc":{"Tahmini okuma s\u00fcresi":"6 dakika"},"schema":{"@context":"https:\/\/schema.org","@graph":[{"@type":"WebPage","@id":"https:\/\/www.yatservis.com\/tr\/resifleri-koruyun\/","url":"https:\/\/www.yatservis.com\/tr\/resifleri-koruyun\/","name":"RES\u0130FLER\u0130 KORUYUN - Yat Servis","isPartOf":{"@id":"https:\/\/www.yatservis.com\/tr\/#website"},"primaryImageOfPage":{"@id":"https:\/\/www.yatservis.com\/tr\/resifleri-koruyun\/#primaryimage"},"image":{"@id":"https:\/\/www.yatservis.com\/tr\/resifleri-koruyun\/#primaryimage"},"thumbnailUrl":"https:\/\/www.yatservis.com\/tr\/wp-content\/uploads\/2024\/03\/GreatBarrierReef.png","datePublished":"2024-03-27T04:59:54+00:00","dateModified":"2024-04-24T18:10:47+00:00","breadcrumb":{"@id":"https:\/\/www.yatservis.com\/tr\/resifleri-koruyun\/#breadcrumb"},"inLanguage":"tr","potentialAction":[{"@type":"ReadAction","target":["https:\/\/www.yatservis.com\/tr\/resifleri-koruyun\/"]}]},{"@type":"ImageObject","inLanguage":"tr","@id":"https:\/\/www.yatservis.com\/tr\/resifleri-koruyun\/#primaryimage","url":"https:\/\/www.yatservis.com\/tr\/wp-content\/uploads\/2024\/03\/GreatBarrierReef.png","contentUrl":"https:\/\/www.yatservis.com\/tr\/wp-content\/uploads\/2024\/03\/GreatBarrierReef.png","width":275,"height":183},{"@type":"BreadcrumbList","@id":"https:\/\/www.yatservis.com\/tr\/resifleri-koruyun\/#breadcrumb","itemListElement":[{"@type":"ListItem","position":1,"name":"Home","item":"https:\/\/www.yatservis.com\/tr\/"},{"@type":"ListItem","position":2,"name":"RES\u0130FLER\u0130 KORUYUN"}]},{"@type":"WebSite","@id":"https:\/\/www.yatservis.com\/tr\/#website","url":"https:\/\/www.yatservis.com\/tr\/","name":"Yat Servis","description":"Marine Services","publisher":{"@id":"https:\/\/www.yatservis.com\/tr\/#organization"},"potentialAction":[{"@type":"SearchAction","target":{"@type":"EntryPoint","urlTemplate":"https:\/\/www.yatservis.com\/tr\/?s={search_term_string}"},"query-input":{"@type":"PropertyValueSpecification","valueRequired":true,"valueName":"search_term_string"}}],"inLanguage":"tr"},{"@type":"Organization","@id":"https:\/\/www.yatservis.com\/tr\/#organization","name":"Yat Servis","url":"https:\/\/www.yatservis.com\/tr\/","logo":{"@type":"ImageObject","inLanguage":"tr","@id":"https:\/\/www.yatservis.com\/tr\/#\/schema\/logo\/image\/","url":"https:\/\/www.yatservis.com\/tr\/wp-content\/uploads\/2024\/04\/cropped-logo2.png","contentUrl":"https:\/\/www.yatservis.com\/tr\/wp-content\/uploads\/2024\/04\/cropped-logo2.png","width":240,"height":64,"caption":"Yat Servis"},"image":{"@id":"https:\/\/www.yatservis.com\/tr\/#\/schema\/logo\/image\/"}}]}},"_links":{"self":[{"href":"https:\/\/www.yatservis.com\/tr\/wp-json\/wp\/v2\/pages\/155"}],"collection":[{"href":"https:\/\/www.yatservis.com\/tr\/wp-json\/wp\/v2\/pages"}],"about":[{"href":"https:\/\/www.yatservis.com\/tr\/wp-json\/wp\/v2\/types\/page"}],"author":[{"embeddable":true,"href":"https:\/\/www.yatservis.com\/tr\/wp-json\/wp\/v2\/users\/1"}],"replies":[{"embeddable":true,"href":"https:\/\/www.yatservis.com\/tr\/wp-json\/wp\/v2\/comments?post=155"}],"version-history":[{"count":14,"href":"https:\/\/www.yatservis.com\/tr\/wp-json\/wp\/v2\/pages\/155\/revisions"}],"predecessor-version":[{"id":257,"href":"https:\/\/www.yatservis.com\/tr\/wp-json\/wp\/v2\/pages\/155\/revisions\/257"}],"wp:attachment":[{"href":"https:\/\/www.yatservis.com\/tr\/wp-json\/wp\/v2\/media?parent=155"}],"curies":[{"name":"wp","href":"https:\/\/api.w.org\/{rel}","templated":true}]}}