{"id":21,"date":"2019-03-16T11:27:31","date_gmt":"2019-03-16T08:27:31","guid":{"rendered":"http:\/\/www.yatservis.com\/?page_id=21"},"modified":"2024-04-25T21:09:44","modified_gmt":"2024-04-25T18:09:44","slug":"tik-guverte-kaplamasi-ve-suni-tik-uygulamasi","status":"publish","type":"page","link":"https:\/\/www.yatservis.com\/tr\/tik-guverte-kaplamasi-ve-suni-tik-uygulamasi\/","title":{"rendered":"T\u0130K G\u00dcVERTE VE SUN\u0130 T\u0130K"},"content":{"rendered":"<h3>Ah\u015fap g\u00fcverte kaplamalar\u0131<\/h3>\n<p>Tekne i\u00e7 ve d\u0131\u015f y\u00fczeylerinde ve karada \u0131slak zeminlerde ideal \u00e7\u00f6z\u00fcm!<\/p>\n<p>Yat Servis, g\u00fcvertenizi ah\u015fap kaplarken b\u00fct\u00e7enize uygun\u00a0 sa\u011flam\u00a0 \u00e7\u00f6z\u00fcmler sunabilir.\u00a0 Size en iyi kalite tik a\u011fac\u0131ndan g\u00fcverte kaplamas\u0131 yapabiliriz ancak bir\u00e7ok nedenle ba\u015fka a\u011fa\u00e7lar\u0131 \u00f6nermek istiyoruz. Bu a\u011fa\u00e7lar Ceviz veya Kestane\u00a0 olabilir.<\/p>\n<h3><strong>Tik Kaplama<\/strong><\/h3>\n<p>Birinci s\u0131n\u0131f Birmanya tiki sat\u0131\u015f\u0131 ve uygulamas\u0131.<\/p>\n<p><img loading=\"lazy\" decoding=\"async\" class=\"aligncenter size-full wp-image-16\" src=\"https:\/\/www.yatservis.com\/tr\/wp-content\/uploads\/2019\/03\/tik-kaplama.jpg\" alt=\"\" width=\"817\" height=\"585\" srcset=\"https:\/\/www.yatservis.com\/tr\/wp-content\/uploads\/2019\/03\/tik-kaplama.jpg 817w, https:\/\/www.yatservis.com\/tr\/wp-content\/uploads\/2019\/03\/tik-kaplama-300x215.jpg 300w, https:\/\/www.yatservis.com\/tr\/wp-content\/uploads\/2019\/03\/tik-kaplama-768x550.jpg 768w\" sizes=\"(max-width: 817px) 85vw, 817px\" \/><\/p>\n<p><strong>\u00c7evre<\/strong><\/p>\n<p>\u00c7evreye \u00f6nem veriyorsan\u0131z\u2026 Sadece G\u00fcney ve G\u00fcneydo\u011fu Asya&#8217;da yeti\u015fen tik a\u011fac\u0131 yo\u011fun t\u00fcketim nedeniyle t\u00fckenmek \u00fczere olan bir t\u00fcr haline gelmi\u015ftir. A\u015f\u0131r\u0131 t\u00fcketim ve plantasyonlarda yeti\u015fen tik a\u011fa\u00e7lar\u0131n\u0131n do\u011fal olanlar\u0131na g\u00f6re ayn\u0131 kalitede g\u00f6r\u00fclmemesi sonucunda birinci kalite tik fiyatlar\u0131 a\u015f\u0131r\u0131 derecede y\u00fckselmi\u015ftir. Birinci kalite tik fiyat\u0131 \u00f6deyip daha a\u015fa\u011f\u0131 kalitede bir \u00fcr\u00fcn\u00fc teslim almak t\u00fcketicinin s\u0131k ya\u015fayabilece\u011fi bir durumdur. Hem do\u011fay\u0131 korumak hem de aldanma riskinden kurtulmak istiyorsan\u0131z Yatservisi aray\u0131n.<\/p>\n<p><img loading=\"lazy\" decoding=\"async\" class=\"aligncenter size-full wp-image-22\" src=\"https:\/\/www.yatservis.com\/tr\/wp-content\/uploads\/2019\/03\/teak-harvest-531x465.jpg\" alt=\"\" width=\"531\" height=\"465\" srcset=\"https:\/\/www.yatservis.com\/tr\/wp-content\/uploads\/2019\/03\/teak-harvest-531x465.jpg 531w, https:\/\/www.yatservis.com\/tr\/wp-content\/uploads\/2019\/03\/teak-harvest-531x465-300x263.jpg 300w\" sizes=\"(max-width: 531px) 85vw, 531px\" \/><\/p>\n<p>Suni Tik Uygulamas\u0131<\/p>\n<p>Daha \u00e7ok fiber tekneniz i\u00e7in Suni tik \u00f6neriyoruz. Fiber ve PVC malzemenin genle\u015fmesi yak\u0131n oldu\u011fundan \u00e7atlama veya ortadan y\u0131rt\u0131lma riski yoktur.\u00a0 Ah\u015fap teknenizde \u00f6nce kontraplak ve polyester uygulamas\u0131 ile suni tiki \u00f6nerebiliriz<\/p>\n<p><strong>G\u00f6r\u00fcn\u00fc\u015f<\/strong><\/p>\n<p>Suni tikin g\u00f6r\u00fcn\u00fc\u015f\u00fcn\u00fcn orijinal tikten fark\u0131 e\u011fer uygulama d\u00fczg\u00fcn yap\u0131l\u0131r ise zor anla\u015f\u0131l\u0131r.\u00a0 Bazen dokunarak bile fark\u0131 anlayamazs\u0131n\u0131z.<br \/>\nTekneniz fiber ise suni tik \u00f6neriyoruz<\/p>\n<p>Orijinal tikte oldu\u011fu gibi silme, tik ya\u011f\u0131 ile ya\u011flama gibi zor ve pahal\u0131 uygulamalara ihtiya\u00e7 duymadan estetik g\u00f6r\u00fcn\u00fc\u015f\u00fcn\u00fc muhafaza etmektedir.<\/p>\n<p><img loading=\"lazy\" decoding=\"async\" class=\"aligncenter size-full wp-image-23\" src=\"https:\/\/www.yatservis.com\/tr\/wp-content\/uploads\/2019\/03\/viking-72-300x225.jpg\" alt=\"\" width=\"300\" height=\"225\" \/><\/p>\n<p><strong>Uygulama kolayl\u0131\u011f\u0131<\/strong><\/p>\n<p>Suni tik uygulamas\u0131 di\u011ferine g\u00f6re \u00e7ok daha k\u0131sa zamanda ve dertsiz bir \u015fekilde yap\u0131lmaktad\u0131r.<\/p>\n<p><img loading=\"lazy\" decoding=\"async\" class=\"aligncenter size-full wp-image-24\" src=\"https:\/\/www.yatservis.com\/tr\/wp-content\/uploads\/2019\/03\/sea-lift-2.jpg\" alt=\"\" width=\"800\" height=\"600\" srcset=\"https:\/\/www.yatservis.com\/tr\/wp-content\/uploads\/2019\/03\/sea-lift-2.jpg 800w, https:\/\/www.yatservis.com\/tr\/wp-content\/uploads\/2019\/03\/sea-lift-2-300x225.jpg 300w, https:\/\/www.yatservis.com\/tr\/wp-content\/uploads\/2019\/03\/sea-lift-2-768x576.jpg 768w\" sizes=\"(max-width: 800px) 85vw, 800px\" \/><\/p>\n<p>Suni tik hem su hem de ses yal\u0131t\u0131m\u0131nda alternatifine g\u00f6re b\u00fcy\u00fck avantajlar sunmaktad\u0131r. \u00dczerinde suyu tutmay\u0131p ak\u0131tan suni tik, bu sayede teknenin izolasyonuna bir katk\u0131 sa\u011flamakta ayn\u0131 zamanda da motor sesi gibi i\u00e7ten d\u0131\u015fa gelen sesleri izole etmenin yan\u0131nda g\u00fcvertedeki topuklu ayakkab\u0131, vb gibi sesleri de izole etmektedir.<\/p>\n<p><img loading=\"lazy\" decoding=\"async\" class=\"aligncenter size-full wp-image-25\" src=\"https:\/\/www.yatservis.com\/tr\/wp-content\/uploads\/2019\/03\/teak-mat-2.jpg\" alt=\"\" width=\"640\" height=\"480\" srcset=\"https:\/\/www.yatservis.com\/tr\/wp-content\/uploads\/2019\/03\/teak-mat-2.jpg 640w, https:\/\/www.yatservis.com\/tr\/wp-content\/uploads\/2019\/03\/teak-mat-2-300x225.jpg 300w\" sizes=\"(max-width: 640px) 85vw, 640px\" \/><\/p>\n<p><strong>Hafiflik<\/strong><\/p>\n<p>Suni tik, alternatifine g\u00f6re hafiflik avantaj\u0131na sahiptir. Bu tasarruf yelkenli teknelerde performans ve motorlu teknelerde de yak\u0131t t\u00fcketimine \u00f6nemli katk\u0131da bulunur.<\/p>\n<p><img loading=\"lazy\" decoding=\"async\" class=\"aligncenter size-full wp-image-26\" src=\"https:\/\/www.yatservis.com\/tr\/wp-content\/uploads\/2019\/03\/thumbnail1B.jpg\" alt=\"\" width=\"180\" height=\"135\" \/><\/p>\n<p><strong>Kayd\u0131rmazl\u0131k<\/strong><br \/>\nSuni tik p\u00fct\u00fcrl\u00fc yap\u0131s\u0131 ile g\u00fcvertede ve karadaki \u0131slak y\u00fczeylerde \u00fcst\u00fcn bir kayd\u0131rmazl\u0131k sa\u011flar. Hem denizdeki risklere hem de karada \u00f6zellikle de havuz ba\u015f\u0131ndaki d\u00fc\u015fme ve yaralanmalara kar\u015f\u0131 tedbir al\u0131nmas\u0131 gereken durumlarda suni tik iyi bir \u00e7\u00f6z\u00fcm sunmaktad\u0131r.<\/p>\n<p><strong>Bak\u0131m kolayl\u0131\u011f\u0131<\/strong><br \/>\nSuni tik kaplaman\u0131z\u0131 do\u011fa dostu bir deterjanla y\u0131kaman\u0131z yapman\u0131z gereken tek korumad\u0131r. Silme ve tik ya\u011f\u0131 ile koruma yapman\u0131za gerek yoktur. Orijinal tik i\u00e7in sorun olan \u015farap, kan, vb gibi lekeler basit bir i\u015flem ile temizlenmektedir. Hortum, \u00e7evre dostu bir deterjan ve bir f\u0131r\u00e7a bak\u0131m i\u00e7in gerekli olan her\u015feydir.<\/p>\n<p><strong>Uygulama Alanlar\u0131<\/strong><br \/>\nSuni tik, iki alanda geni\u015f uygulama imkan\u0131 vermektedir.<\/p>\n<p><strong>Denizde\u2026\u00a0<\/strong>Her boyda yelkenli tekne ve motoryatlar\u0131n g\u00fcverte, havuzluk ve i\u00e7 mekanlar\u0131 suni tik ile kaplanabilir. Son zamanlarda s\u00fcperyat segmentinde de suni tik kullan\u0131m\u0131 artm\u0131\u015f, \u00f6zellikle lazaret, personel ya\u015fam alanlar\u0131 ve banyo, tuvalet gibi \u0131slak zeminli alanlarda ve bunun d\u0131\u015f\u0131nda da yolcu gemilerinin g\u00fcverte ba\u015fta olmak \u00fczere her \u00e7e\u015fit y\u00fczeylerinde suni tik yayg\u0131n olarak kullan\u0131l\u0131r olmu\u015ftur.<\/p>\n<p><img loading=\"lazy\" decoding=\"async\" class=\"aligncenter size-full wp-image-27\" src=\"https:\/\/www.yatservis.com\/tr\/wp-content\/uploads\/2019\/03\/Atmosphere_sailing_yacht_charter_aft_deck.jpg\" alt=\"\" width=\"450\" height=\"300\" srcset=\"https:\/\/www.yatservis.com\/tr\/wp-content\/uploads\/2019\/03\/Atmosphere_sailing_yacht_charter_aft_deck.jpg 450w, https:\/\/www.yatservis.com\/tr\/wp-content\/uploads\/2019\/03\/Atmosphere_sailing_yacht_charter_aft_deck-300x200.jpg 300w\" sizes=\"(max-width: 450px) 85vw, 450px\" \/><\/p>\n<p>Karada\u2026\u00a0Kara uygulamalar\u0131nda suni tik havuz alanlar\u0131nda \u00fcst\u00fcn kayd\u0131rmazl\u0131k, maliyet avantaj\u0131 ve bak\u0131m kolayl\u0131\u011f\u0131 ile devreye girmektedir. Estetik \u00fcst\u00fcnl\u00fc\u011f\u00fc sayesinde a\u00e7\u0131k alanda hizmet veren otel lokanta, cafe, vb gibi yerlerde de suni tik b\u00fcy\u00fck kabul g\u00f6rmektedir.<\/p>\n<p><img loading=\"lazy\" decoding=\"async\" class=\"aligncenter size-full wp-image-28\" src=\"https:\/\/www.yatservis.com\/tr\/wp-content\/uploads\/2019\/03\/havuz.jpg\" alt=\"\" width=\"350\" height=\"241\" srcset=\"https:\/\/www.yatservis.com\/tr\/wp-content\/uploads\/2019\/03\/havuz.jpg 350w, https:\/\/www.yatservis.com\/tr\/wp-content\/uploads\/2019\/03\/havuz-300x207.jpg 300w\" sizes=\"(max-width: 350px) 85vw, 350px\" \/><\/p>\n<p>&nbsp;<\/p>\n","protected":false},"excerpt":{"rendered":"<p>Ah\u015fap g\u00fcverte kaplamalar\u0131 Tekne i\u00e7 ve d\u0131\u015f y\u00fczeylerinde ve karada \u0131slak zeminlerde ideal \u00e7\u00f6z\u00fcm! Yat Servis, g\u00fcvertenizi ah\u015fap kaplarken b\u00fct\u00e7enize uygun\u00a0 sa\u011flam\u00a0 \u00e7\u00f6z\u00fcmler sunabilir.\u00a0 Size en iyi kalite tik a\u011fac\u0131ndan g\u00fcverte kaplamas\u0131 yapabiliriz ancak bir\u00e7ok nedenle ba\u015fka a\u011fa\u00e7lar\u0131 \u00f6nermek istiyoruz. Bu a\u011fa\u00e7lar Ceviz veya Kestane\u00a0 olabilir. Tik Kaplama Birinci s\u0131n\u0131f Birmanya tiki sat\u0131\u015f\u0131 ve uygulamas\u0131. &hellip; <a href=\"https:\/\/www.yatservis.com\/tr\/tik-guverte-kaplamasi-ve-suni-tik-uygulamasi\/\" class=\"more-link\">Okumaya devam et<span class=\"screen-reader-text\"> &#8220;T\u0130K G\u00dcVERTE VE SUN\u0130 T\u0130K&#8221;<\/span><\/a><\/p>\n","protected":false},"author":1,"featured_media":0,"parent":0,"menu_order":7,"comment_status":"closed","ping_status":"closed","template":"","meta":{"footnotes":""},"yoast_head":"<!-- This site is optimized with the Yoast SEO plugin v24.5 - https:\/\/yoast.com\/wordpress\/plugins\/seo\/ -->\n<title>T\u0130K G\u00dcVERTE VE SUN\u0130 T\u0130K - Yat Servis<\/title>\n<meta name=\"robots\" content=\"index, follow, max-snippet:-1, max-image-preview:large, max-video-preview:-1\" \/>\n<link rel=\"canonical\" href=\"https:\/\/www.yatservis.com\/tr\/tik-guverte-kaplamasi-ve-suni-tik-uygulamasi\/\" \/>\n<meta property=\"og:locale\" content=\"tr_TR\" \/>\n<meta property=\"og:type\" content=\"article\" \/>\n<meta property=\"og:title\" content=\"T\u0130K G\u00dcVERTE VE SUN\u0130 T\u0130K - Yat Servis\" \/>\n<meta property=\"og:description\" content=\"Ah\u015fap g\u00fcverte kaplamalar\u0131 Tekne i\u00e7 ve d\u0131\u015f y\u00fczeylerinde ve karada \u0131slak zeminlerde ideal \u00e7\u00f6z\u00fcm! Yat Servis, g\u00fcvertenizi ah\u015fap kaplarken b\u00fct\u00e7enize uygun\u00a0 sa\u011flam\u00a0 \u00e7\u00f6z\u00fcmler sunabilir.\u00a0 Size en iyi kalite tik a\u011fac\u0131ndan g\u00fcverte kaplamas\u0131 yapabiliriz ancak bir\u00e7ok nedenle ba\u015fka a\u011fa\u00e7lar\u0131 \u00f6nermek istiyoruz. Bu a\u011fa\u00e7lar Ceviz veya Kestane\u00a0 olabilir. Tik Kaplama Birinci s\u0131n\u0131f Birmanya tiki sat\u0131\u015f\u0131 ve uygulamas\u0131. &hellip; Okumaya devam et &quot;T\u0130K G\u00dcVERTE VE SUN\u0130 T\u0130K&quot;\" \/>\n<meta property=\"og:url\" content=\"https:\/\/www.yatservis.com\/tr\/tik-guverte-kaplamasi-ve-suni-tik-uygulamasi\/\" \/>\n<meta property=\"og:site_name\" content=\"Yat Servis\" \/>\n<meta property=\"article:modified_time\" content=\"2024-04-25T18:09:44+00:00\" \/>\n<meta property=\"og:image\" content=\"https:\/\/www.yatservis.com\/tr\/wp-content\/uploads\/2019\/03\/tik-kaplama.jpg\" \/>\n<meta name=\"twitter:card\" content=\"summary_large_image\" \/>\n<meta name=\"twitter:label1\" content=\"Tahmini okuma s\u00fcresi\" \/>\n\t<meta name=\"twitter:data1\" content=\"5 dakika\" \/>\n<script type=\"application\/ld+json\" class=\"yoast-schema-graph\">{\"@context\":\"https:\/\/schema.org\",\"@graph\":[{\"@type\":\"WebPage\",\"@id\":\"https:\/\/www.yatservis.com\/tr\/tik-guverte-kaplamasi-ve-suni-tik-uygulamasi\/\",\"url\":\"https:\/\/www.yatservis.com\/tr\/tik-guverte-kaplamasi-ve-suni-tik-uygulamasi\/\",\"name\":\"T\u0130K G\u00dcVERTE VE SUN\u0130 T\u0130K - Yat Servis\",\"isPartOf\":{\"@id\":\"https:\/\/www.yatservis.com\/tr\/#website\"},\"primaryImageOfPage\":{\"@id\":\"https:\/\/www.yatservis.com\/tr\/tik-guverte-kaplamasi-ve-suni-tik-uygulamasi\/#primaryimage\"},\"image\":{\"@id\":\"https:\/\/www.yatservis.com\/tr\/tik-guverte-kaplamasi-ve-suni-tik-uygulamasi\/#primaryimage\"},\"thumbnailUrl\":\"https:\/\/www.yatservis.com\/tr\/wp-content\/uploads\/2019\/03\/tik-kaplama.jpg\",\"datePublished\":\"2019-03-16T08:27:31+00:00\",\"dateModified\":\"2024-04-25T18:09:44+00:00\",\"breadcrumb\":{\"@id\":\"https:\/\/www.yatservis.com\/tr\/tik-guverte-kaplamasi-ve-suni-tik-uygulamasi\/#breadcrumb\"},\"inLanguage\":\"tr\",\"potentialAction\":[{\"@type\":\"ReadAction\",\"target\":[\"https:\/\/www.yatservis.com\/tr\/tik-guverte-kaplamasi-ve-suni-tik-uygulamasi\/\"]}]},{\"@type\":\"ImageObject\",\"inLanguage\":\"tr\",\"@id\":\"https:\/\/www.yatservis.com\/tr\/tik-guverte-kaplamasi-ve-suni-tik-uygulamasi\/#primaryimage\",\"url\":\"https:\/\/www.yatservis.com\/tr\/wp-content\/uploads\/2019\/03\/tik-kaplama.jpg\",\"contentUrl\":\"https:\/\/www.yatservis.com\/tr\/wp-content\/uploads\/2019\/03\/tik-kaplama.jpg\",\"width\":817,\"height\":585},{\"@type\":\"BreadcrumbList\",\"@id\":\"https:\/\/www.yatservis.com\/tr\/tik-guverte-kaplamasi-ve-suni-tik-uygulamasi\/#breadcrumb\",\"itemListElement\":[{\"@type\":\"ListItem\",\"position\":1,\"name\":\"Home\",\"item\":\"https:\/\/www.yatservis.com\/tr\/\"},{\"@type\":\"ListItem\",\"position\":2,\"name\":\"T\u0130K G\u00dcVERTE VE SUN\u0130 T\u0130K\"}]},{\"@type\":\"WebSite\",\"@id\":\"https:\/\/www.yatservis.com\/tr\/#website\",\"url\":\"https:\/\/www.yatservis.com\/tr\/\",\"name\":\"Yat Servis\",\"description\":\"Marine Services\",\"publisher\":{\"@id\":\"https:\/\/www.yatservis.com\/tr\/#organization\"},\"potentialAction\":[{\"@type\":\"SearchAction\",\"target\":{\"@type\":\"EntryPoint\",\"urlTemplate\":\"https:\/\/www.yatservis.com\/tr\/?s={search_term_string}\"},\"query-input\":{\"@type\":\"PropertyValueSpecification\",\"valueRequired\":true,\"valueName\":\"search_term_string\"}}],\"inLanguage\":\"tr\"},{\"@type\":\"Organization\",\"@id\":\"https:\/\/www.yatservis.com\/tr\/#organization\",\"name\":\"Yat Servis\",\"url\":\"https:\/\/www.yatservis.com\/tr\/\",\"logo\":{\"@type\":\"ImageObject\",\"inLanguage\":\"tr\",\"@id\":\"https:\/\/www.yatservis.com\/tr\/#\/schema\/logo\/image\/\",\"url\":\"https:\/\/www.yatservis.com\/tr\/wp-content\/uploads\/2024\/04\/cropped-logo2.png\",\"contentUrl\":\"https:\/\/www.yatservis.com\/tr\/wp-content\/uploads\/2024\/04\/cropped-logo2.png\",\"width\":240,\"height\":64,\"caption\":\"Yat Servis\"},\"image\":{\"@id\":\"https:\/\/www.yatservis.com\/tr\/#\/schema\/logo\/image\/\"}}]}<\/script>\n<!-- \/ Yoast SEO plugin. -->","yoast_head_json":{"title":"T\u0130K G\u00dcVERTE VE SUN\u0130 T\u0130K - Yat Servis","robots":{"index":"index","follow":"follow","max-snippet":"max-snippet:-1","max-image-preview":"max-image-preview:large","max-video-preview":"max-video-preview:-1"},"canonical":"https:\/\/www.yatservis.com\/tr\/tik-guverte-kaplamasi-ve-suni-tik-uygulamasi\/","og_locale":"tr_TR","og_type":"article","og_title":"T\u0130K G\u00dcVERTE VE SUN\u0130 T\u0130K - Yat Servis","og_description":"Ah\u015fap g\u00fcverte kaplamalar\u0131 Tekne i\u00e7 ve d\u0131\u015f y\u00fczeylerinde ve karada \u0131slak zeminlerde ideal \u00e7\u00f6z\u00fcm! Yat Servis, g\u00fcvertenizi ah\u015fap kaplarken b\u00fct\u00e7enize uygun\u00a0 sa\u011flam\u00a0 \u00e7\u00f6z\u00fcmler sunabilir.\u00a0 Size en iyi kalite tik a\u011fac\u0131ndan g\u00fcverte kaplamas\u0131 yapabiliriz ancak bir\u00e7ok nedenle ba\u015fka a\u011fa\u00e7lar\u0131 \u00f6nermek istiyoruz. Bu a\u011fa\u00e7lar Ceviz veya Kestane\u00a0 olabilir. Tik Kaplama Birinci s\u0131n\u0131f Birmanya tiki sat\u0131\u015f\u0131 ve uygulamas\u0131. &hellip; Okumaya devam et \"T\u0130K G\u00dcVERTE VE SUN\u0130 T\u0130K\"","og_url":"https:\/\/www.yatservis.com\/tr\/tik-guverte-kaplamasi-ve-suni-tik-uygulamasi\/","og_site_name":"Yat Servis","article_modified_time":"2024-04-25T18:09:44+00:00","og_image":[{"url":"https:\/\/www.yatservis.com\/tr\/wp-content\/uploads\/2019\/03\/tik-kaplama.jpg","type":"","width":"","height":""}],"twitter_card":"summary_large_image","twitter_misc":{"Tahmini okuma s\u00fcresi":"5 dakika"},"schema":{"@context":"https:\/\/schema.org","@graph":[{"@type":"WebPage","@id":"https:\/\/www.yatservis.com\/tr\/tik-guverte-kaplamasi-ve-suni-tik-uygulamasi\/","url":"https:\/\/www.yatservis.com\/tr\/tik-guverte-kaplamasi-ve-suni-tik-uygulamasi\/","name":"T\u0130K G\u00dcVERTE VE SUN\u0130 T\u0130K - Yat Servis","isPartOf":{"@id":"https:\/\/www.yatservis.com\/tr\/#website"},"primaryImageOfPage":{"@id":"https:\/\/www.yatservis.com\/tr\/tik-guverte-kaplamasi-ve-suni-tik-uygulamasi\/#primaryimage"},"image":{"@id":"https:\/\/www.yatservis.com\/tr\/tik-guverte-kaplamasi-ve-suni-tik-uygulamasi\/#primaryimage"},"thumbnailUrl":"https:\/\/www.yatservis.com\/tr\/wp-content\/uploads\/2019\/03\/tik-kaplama.jpg","datePublished":"2019-03-16T08:27:31+00:00","dateModified":"2024-04-25T18:09:44+00:00","breadcrumb":{"@id":"https:\/\/www.yatservis.com\/tr\/tik-guverte-kaplamasi-ve-suni-tik-uygulamasi\/#breadcrumb"},"inLanguage":"tr","potentialAction":[{"@type":"ReadAction","target":["https:\/\/www.yatservis.com\/tr\/tik-guverte-kaplamasi-ve-suni-tik-uygulamasi\/"]}]},{"@type":"ImageObject","inLanguage":"tr","@id":"https:\/\/www.yatservis.com\/tr\/tik-guverte-kaplamasi-ve-suni-tik-uygulamasi\/#primaryimage","url":"https:\/\/www.yatservis.com\/tr\/wp-content\/uploads\/2019\/03\/tik-kaplama.jpg","contentUrl":"https:\/\/www.yatservis.com\/tr\/wp-content\/uploads\/2019\/03\/tik-kaplama.jpg","width":817,"height":585},{"@type":"BreadcrumbList","@id":"https:\/\/www.yatservis.com\/tr\/tik-guverte-kaplamasi-ve-suni-tik-uygulamasi\/#breadcrumb","itemListElement":[{"@type":"ListItem","position":1,"name":"Home","item":"https:\/\/www.yatservis.com\/tr\/"},{"@type":"ListItem","position":2,"name":"T\u0130K G\u00dcVERTE VE SUN\u0130 T\u0130K"}]},{"@type":"WebSite","@id":"https:\/\/www.yatservis.com\/tr\/#website","url":"https:\/\/www.yatservis.com\/tr\/","name":"Yat Servis","description":"Marine Services","publisher":{"@id":"https:\/\/www.yatservis.com\/tr\/#organization"},"potentialAction":[{"@type":"SearchAction","target":{"@type":"EntryPoint","urlTemplate":"https:\/\/www.yatservis.com\/tr\/?s={search_term_string}"},"query-input":{"@type":"PropertyValueSpecification","valueRequired":true,"valueName":"search_term_string"}}],"inLanguage":"tr"},{"@type":"Organization","@id":"https:\/\/www.yatservis.com\/tr\/#organization","name":"Yat Servis","url":"https:\/\/www.yatservis.com\/tr\/","logo":{"@type":"ImageObject","inLanguage":"tr","@id":"https:\/\/www.yatservis.com\/tr\/#\/schema\/logo\/image\/","url":"https:\/\/www.yatservis.com\/tr\/wp-content\/uploads\/2024\/04\/cropped-logo2.png","contentUrl":"https:\/\/www.yatservis.com\/tr\/wp-content\/uploads\/2024\/04\/cropped-logo2.png","width":240,"height":64,"caption":"Yat Servis"},"image":{"@id":"https:\/\/www.yatservis.com\/tr\/#\/schema\/logo\/image\/"}}]}},"_links":{"self":[{"href":"https:\/\/www.yatservis.com\/tr\/wp-json\/wp\/v2\/pages\/21"}],"collection":[{"href":"https:\/\/www.yatservis.com\/tr\/wp-json\/wp\/v2\/pages"}],"about":[{"href":"https:\/\/www.yatservis.com\/tr\/wp-json\/wp\/v2\/types\/page"}],"author":[{"embeddable":true,"href":"https:\/\/www.yatservis.com\/tr\/wp-json\/wp\/v2\/users\/1"}],"replies":[{"embeddable":true,"href":"https:\/\/www.yatservis.com\/tr\/wp-json\/wp\/v2\/comments?post=21"}],"version-history":[{"count":12,"href":"https:\/\/www.yatservis.com\/tr\/wp-json\/wp\/v2\/pages\/21\/revisions"}],"predecessor-version":[{"id":273,"href":"https:\/\/www.yatservis.com\/tr\/wp-json\/wp\/v2\/pages\/21\/revisions\/273"}],"wp:attachment":[{"href":"https:\/\/www.yatservis.com\/tr\/wp-json\/wp\/v2\/media?parent=21"}],"curies":[{"name":"wp","href":"https:\/\/api.w.org\/{rel}","templated":true}]}}