{"id":269,"date":"2024-04-25T21:07:39","date_gmt":"2024-04-25T18:07:39","guid":{"rendered":"https:\/\/www.yatservis.com\/tr\/?page_id=269"},"modified":"2024-04-25T21:20:02","modified_gmt":"2024-04-25T18:20:02","slug":"jeanneau-sun-odyssey-32","status":"publish","type":"page","link":"https:\/\/www.yatservis.com\/tr\/satilik-yatlar\/jeanneau-sun-odyssey-32\/","title":{"rendered":"JEANNEAU SUN ODYSSEY 32"},"content":{"rendered":"<p>\u00d6l\u00e7\u00fcler \u00a09,60 x 3,30 x 1,45 ( m )<br \/>\nMalzeme : Fiber (GRP)<br \/>\n\u00dcretim: 2002<br \/>\nMotor \u00a0Yanmar 2GM20 Diesel \u00a018 HP, 13,23 KW<\/p>\n<p>Yelkenli yat Jeanneau Sun Odyssey 32, Jeanneau taraf\u0131ndan 2002 y\u0131l\u0131nda Fransa&#8217;da in\u015fa edilmi\u015ftir, Philippe Briand ve Jeanneau Design taraf\u0131ndan tasarlanm\u0131\u015ft\u0131r, CE Cat B, GRP g\u00f6vde, \u00fcst yap\u0131 ve g\u00fcverte, , g\u00fcvertede kaymay\u0131 \u00f6nleyici, pleksiglas renkli camlar,\u00a0 yakla\u015f\u0131k deplasman: 4,5 ton, balast: 1,37 ton (d\u00f6kme demir) , yak\u0131t deposu: 70 litre (polietilen), tatl\u0131 su deposu: 170 litre (polietilen), deri kapl\u0131 direksiyon simidi ile Goiot mekanik d\u00fcmen, acil durum yekesi.<\/p>\n<p>\u0130\u00c7 KISIM<br \/>\nKlasik tik i\u00e7 mekan, ba\u015f tarafta \u00e7ift ki\u015filik yatak ve ask\u0131l\u0131 dolap, \u00e7ift ki\u015filik yatakl\u0131 geni\u015f arka kabin, geni\u015f saklama alan\u0131 ve yan raflar, 4 yatak (salonda +2), tavan bo\u015flu\u011fu salonu: yakl. 1,90 m, lavabolu tuvalet, Webasto kanall\u0131 \u0131s\u0131tma sistemi\u00a0 \u00a0du\u015f ve Jabsco . tuvalet, 23 litrelik kazandan s\u0131cak su (motorda ve 220V), elektrikli su bas\u0131n\u00e7 sistemi, lavabolu mutfak, k\u00fc\u00e7\u00fck dondurucu b\u00f6lmeli Frigomatic 120 litre buzdolab\u0131 ve \u0131zgaral\u0131 Eno iki g\u00f6zl\u00fc ocak<\/p>\n<p>MAK\u0130NA<br \/>\nYanmar 2GM20 18 hp (13kW) \u0131s\u0131 e\u015fanj\u00f6rl\u00fc dizel motor,\u00a0 yak\u0131t\/su ay\u0131r\u0131c\u0131, su filtresi, anti-sifon valfi, bak\u0131m gerektirmeyen salmastra kutusu, kokpitte motor kontrol\u00fc, paslanmaz \u00e7elik. pervane \u015faft\u0131, pervane \u00fczerinde halat kesicili sabit iki kanatl\u0131 pervane, iki adet 70Amp ak\u00fc (servis ak\u00fcs\u00fc\u00a0 k\u0131y\u0131 elektri\u011fi, toprak ka\u00e7a\u011f\u0131 kesici, ak\u00fc \u015farj cihaz\u0131.<\/p>\n<p>NAV\u0130GASYON<br \/>\nKaide \u00fczerinde Plastimo pusulas\u0131 ile birlikte: Raymarine ST60 tridata: log ve ekosounder, Raymarine ST60 r\u00fczgar seti, Raymarine ST4000+ otopilot, Icom VHF, harita masas\u0131n\u0131n i\u00e7inde: Raymarine RC425 GPS\/harita \u00e7izer, CD oynat\u0131c\u0131l\u0131 Sony stereo.<\/p>\n<p>TE\u00c7H\u0130ZAT<br \/>\nKahverengi serpinti k\u00f6r\u00fc\u011f\u00fc, kahve rengi bimini tavan, kokpit masas\u0131, , elektrikli demir \u0131rgat\u0131, Delta \u00e7apa ve zincir, yedek Brittany \u00e7apa, s.s. halatlar, Windex, havuzluk du\u015fu (s\u0131cak ve so\u011fuk su).<\/p>\n<p>ARMA<br \/>\nSloop donan\u0131ml\u0131, Sparcraft al\u00fcminyum eloksall\u0131 direk, s.s. donan\u0131mlar, Lazy Jack&#8217;li tamamen \u00e7\u0131tal\u0131 ana yelken, Facnor ba\u015f yelken sarma sistemi, 2 yelken: Dacron ana (27,3 m2) \/ sarma cenova (25,2 m2), ana ve cenova i\u00e7in korumalar, &#8220;tek hat camadanlama&#8221; ana i\u00e7in (kokpitten), 1 x Harken ST16 mandar vinci, 2 x Harken ST32 \u0131skota vinci, bomvang tak\u0131m\u0131.<\/p>\n<div id='gallery-1' class='gallery galleryid-269 gallery-columns-4 gallery-size-thumbnail'><figure class='gallery-item'>\n\t\t\t<div class='gallery-icon landscape'>\n\t\t\t\t<a href='https:\/\/www.yatservis.com\/tr\/wp-content\/uploads\/2024\/04\/JEANNEAU-SUN-ODYSSEY2.jpeg'><img loading=\"lazy\" decoding=\"async\" width=\"150\" height=\"150\" src=\"https:\/\/www.yatservis.com\/tr\/wp-content\/uploads\/2024\/04\/JEANNEAU-SUN-ODYSSEY2-150x150.jpeg\" class=\"attachment-thumbnail size-thumbnail\" alt=\"\" \/><\/a>\n\t\t\t<\/div><\/figure><figure class='gallery-item'>\n\t\t\t<div class='gallery-icon landscape'>\n\t\t\t\t<a href='https:\/\/www.yatservis.com\/tr\/wp-content\/uploads\/2024\/04\/JEANNEAU-SUN-ODYSSEY3.jpeg'><img loading=\"lazy\" decoding=\"async\" width=\"150\" height=\"150\" src=\"https:\/\/www.yatservis.com\/tr\/wp-content\/uploads\/2024\/04\/JEANNEAU-SUN-ODYSSEY3-150x150.jpeg\" class=\"attachment-thumbnail size-thumbnail\" alt=\"\" \/><\/a>\n\t\t\t<\/div><\/figure><figure class='gallery-item'>\n\t\t\t<div class='gallery-icon landscape'>\n\t\t\t\t<a href='https:\/\/www.yatservis.com\/tr\/wp-content\/uploads\/2024\/04\/JEANNEAU-SUN-ODYSSEY4.jpeg'><img loading=\"lazy\" decoding=\"async\" width=\"150\" height=\"150\" src=\"https:\/\/www.yatservis.com\/tr\/wp-content\/uploads\/2024\/04\/JEANNEAU-SUN-ODYSSEY4-150x150.jpeg\" class=\"attachment-thumbnail size-thumbnail\" alt=\"\" \/><\/a>\n\t\t\t<\/div><\/figure><figure class='gallery-item'>\n\t\t\t<div class='gallery-icon portrait'>\n\t\t\t\t<a href='https:\/\/www.yatservis.com\/tr\/wp-content\/uploads\/2024\/04\/JEANNEAU-SUN-ODYSSEY1.jpeg'><img loading=\"lazy\" decoding=\"async\" width=\"150\" height=\"150\" src=\"https:\/\/www.yatservis.com\/tr\/wp-content\/uploads\/2024\/04\/JEANNEAU-SUN-ODYSSEY1-150x150.jpeg\" class=\"attachment-thumbnail size-thumbnail\" alt=\"\" \/><\/a>\n\t\t\t<\/div><\/figure><figure class='gallery-item'>\n\t\t\t<div class='gallery-icon landscape'>\n\t\t\t\t<a href='https:\/\/www.yatservis.com\/tr\/wp-content\/uploads\/2024\/04\/JEANNEAU-SUN-ODYSSEY10.jpeg'><img loading=\"lazy\" decoding=\"async\" width=\"150\" height=\"150\" src=\"https:\/\/www.yatservis.com\/tr\/wp-content\/uploads\/2024\/04\/JEANNEAU-SUN-ODYSSEY10-150x150.jpeg\" class=\"attachment-thumbnail size-thumbnail\" alt=\"\" \/><\/a>\n\t\t\t<\/div><\/figure><figure class='gallery-item'>\n\t\t\t<div class='gallery-icon landscape'>\n\t\t\t\t<a href='https:\/\/www.yatservis.com\/tr\/wp-content\/uploads\/2024\/04\/JEANNEAU-SUN-ODYSSEY9.jpeg'><img loading=\"lazy\" decoding=\"async\" width=\"150\" height=\"150\" src=\"https:\/\/www.yatservis.com\/tr\/wp-content\/uploads\/2024\/04\/JEANNEAU-SUN-ODYSSEY9-150x150.jpeg\" class=\"attachment-thumbnail size-thumbnail\" alt=\"\" \/><\/a>\n\t\t\t<\/div><\/figure><figure class='gallery-item'>\n\t\t\t<div class='gallery-icon landscape'>\n\t\t\t\t<a href='https:\/\/www.yatservis.com\/tr\/wp-content\/uploads\/2024\/04\/JEANNEAU-SUN-ODYSSEY8.jpeg'><img loading=\"lazy\" decoding=\"async\" width=\"150\" height=\"150\" src=\"https:\/\/www.yatservis.com\/tr\/wp-content\/uploads\/2024\/04\/JEANNEAU-SUN-ODYSSEY8-150x150.jpeg\" class=\"attachment-thumbnail size-thumbnail\" alt=\"\" \/><\/a>\n\t\t\t<\/div><\/figure><figure class='gallery-item'>\n\t\t\t<div class='gallery-icon portrait'>\n\t\t\t\t<a href='https:\/\/www.yatservis.com\/tr\/wp-content\/uploads\/2024\/04\/JEANNEAU-SUN-ODYSSEY7.jpeg'><img loading=\"lazy\" decoding=\"async\" width=\"150\" height=\"150\" src=\"https:\/\/www.yatservis.com\/tr\/wp-content\/uploads\/2024\/04\/JEANNEAU-SUN-ODYSSEY7-150x150.jpeg\" class=\"attachment-thumbnail size-thumbnail\" alt=\"\" \/><\/a>\n\t\t\t<\/div><\/figure><figure class='gallery-item'>\n\t\t\t<div class='gallery-icon portrait'>\n\t\t\t\t<a href='https:\/\/www.yatservis.com\/tr\/wp-content\/uploads\/2024\/04\/JEANNEAU-SUN-ODYSSEY5.jpeg'><img loading=\"lazy\" decoding=\"async\" width=\"150\" height=\"150\" src=\"https:\/\/www.yatservis.com\/tr\/wp-content\/uploads\/2024\/04\/JEANNEAU-SUN-ODYSSEY5-150x150.jpeg\" class=\"attachment-thumbnail size-thumbnail\" alt=\"\" \/><\/a>\n\t\t\t<\/div><\/figure><figure class='gallery-item'>\n\t\t\t<div class='gallery-icon portrait'>\n\t\t\t\t<a href='https:\/\/www.yatservis.com\/tr\/wp-content\/uploads\/2024\/04\/JEANNEAU-SUN-ODYSSEY6.jpeg'><img loading=\"lazy\" decoding=\"async\" width=\"150\" height=\"150\" src=\"https:\/\/www.yatservis.com\/tr\/wp-content\/uploads\/2024\/04\/JEANNEAU-SUN-ODYSSEY6-150x150.jpeg\" class=\"attachment-thumbnail size-thumbnail\" alt=\"\" \/><\/a>\n\t\t\t<\/div><\/figure>\n\t\t<\/div>\n\n","protected":false},"excerpt":{"rendered":"<p>\u00d6l\u00e7\u00fcler \u00a09,60 x 3,30 x 1,45 ( m ) Malzeme : Fiber (GRP) \u00dcretim: 2002 Motor \u00a0Yanmar 2GM20 Diesel \u00a018 HP, 13,23 KW Yelkenli yat Jeanneau Sun Odyssey 32, Jeanneau taraf\u0131ndan 2002 y\u0131l\u0131nda Fransa&#8217;da in\u015fa edilmi\u015ftir, Philippe Briand ve Jeanneau Design taraf\u0131ndan tasarlanm\u0131\u015ft\u0131r, CE Cat B, GRP g\u00f6vde, \u00fcst yap\u0131 ve g\u00fcverte, , g\u00fcvertede kaymay\u0131 &hellip; <a href=\"https:\/\/www.yatservis.com\/tr\/satilik-yatlar\/jeanneau-sun-odyssey-32\/\" class=\"more-link\">Okumaya devam et<span class=\"screen-reader-text\"> &#8220;JEANNEAU SUN ODYSSEY 32&#8221;<\/span><\/a><\/p>\n","protected":false},"author":1,"featured_media":0,"parent":266,"menu_order":0,"comment_status":"closed","ping_status":"closed","template":"","meta":{"footnotes":""},"yoast_head":"<!-- This site is optimized with the Yoast SEO plugin v24.5 - https:\/\/yoast.com\/wordpress\/plugins\/seo\/ -->\n<title>JEANNEAU SUN ODYSSEY 32 - Yat Servis<\/title>\n<meta name=\"robots\" content=\"index, follow, max-snippet:-1, max-image-preview:large, max-video-preview:-1\" \/>\n<link rel=\"canonical\" href=\"https:\/\/www.yatservis.com\/tr\/satilik-yatlar\/jeanneau-sun-odyssey-32\/\" \/>\n<meta property=\"og:locale\" content=\"tr_TR\" \/>\n<meta property=\"og:type\" content=\"article\" \/>\n<meta property=\"og:title\" content=\"JEANNEAU SUN ODYSSEY 32 - Yat Servis\" \/>\n<meta property=\"og:description\" content=\"\u00d6l\u00e7\u00fcler \u00a09,60 x 3,30 x 1,45 ( m ) Malzeme : Fiber (GRP) \u00dcretim: 2002 Motor \u00a0Yanmar 2GM20 Diesel \u00a018 HP, 13,23 KW Yelkenli yat Jeanneau Sun Odyssey 32, Jeanneau taraf\u0131ndan 2002 y\u0131l\u0131nda Fransa&#8217;da in\u015fa edilmi\u015ftir, Philippe Briand ve Jeanneau Design taraf\u0131ndan tasarlanm\u0131\u015ft\u0131r, CE Cat B, GRP g\u00f6vde, \u00fcst yap\u0131 ve g\u00fcverte, , g\u00fcvertede kaymay\u0131 &hellip; Okumaya devam et &quot;JEANNEAU SUN ODYSSEY 32&quot;\" \/>\n<meta property=\"og:url\" content=\"https:\/\/www.yatservis.com\/tr\/satilik-yatlar\/jeanneau-sun-odyssey-32\/\" \/>\n<meta property=\"og:site_name\" content=\"Yat Servis\" \/>\n<meta property=\"article:modified_time\" content=\"2024-04-25T18:20:02+00:00\" \/>\n<meta property=\"og:image\" content=\"https:\/\/www.yatservis.com\/tr\/wp-content\/uploads\/2024\/04\/JEANNEAU-SUN-ODYSSEY2-150x150.jpeg\" \/>\n<meta name=\"twitter:card\" content=\"summary_large_image\" \/>\n<meta name=\"twitter:label1\" content=\"Tahmini okuma s\u00fcresi\" \/>\n\t<meta name=\"twitter:data1\" content=\"2 dakika\" \/>\n<script type=\"application\/ld+json\" class=\"yoast-schema-graph\">{\"@context\":\"https:\/\/schema.org\",\"@graph\":[{\"@type\":\"WebPage\",\"@id\":\"https:\/\/www.yatservis.com\/tr\/satilik-yatlar\/jeanneau-sun-odyssey-32\/\",\"url\":\"https:\/\/www.yatservis.com\/tr\/satilik-yatlar\/jeanneau-sun-odyssey-32\/\",\"name\":\"JEANNEAU SUN ODYSSEY 32 - Yat Servis\",\"isPartOf\":{\"@id\":\"https:\/\/www.yatservis.com\/tr\/#website\"},\"datePublished\":\"2024-04-25T18:07:39+00:00\",\"dateModified\":\"2024-04-25T18:20:02+00:00\",\"breadcrumb\":{\"@id\":\"https:\/\/www.yatservis.com\/tr\/satilik-yatlar\/jeanneau-sun-odyssey-32\/#breadcrumb\"},\"inLanguage\":\"tr\",\"potentialAction\":[{\"@type\":\"ReadAction\",\"target\":[\"https:\/\/www.yatservis.com\/tr\/satilik-yatlar\/jeanneau-sun-odyssey-32\/\"]}]},{\"@type\":\"BreadcrumbList\",\"@id\":\"https:\/\/www.yatservis.com\/tr\/satilik-yatlar\/jeanneau-sun-odyssey-32\/#breadcrumb\",\"itemListElement\":[{\"@type\":\"ListItem\",\"position\":1,\"name\":\"Home\",\"item\":\"https:\/\/www.yatservis.com\/tr\/\"},{\"@type\":\"ListItem\",\"position\":2,\"name\":\"SATILIK YATLAR\",\"item\":\"https:\/\/www.yatservis.com\/tr\/satilik-yatlar\/\"},{\"@type\":\"ListItem\",\"position\":3,\"name\":\"JEANNEAU SUN ODYSSEY 32\"}]},{\"@type\":\"WebSite\",\"@id\":\"https:\/\/www.yatservis.com\/tr\/#website\",\"url\":\"https:\/\/www.yatservis.com\/tr\/\",\"name\":\"Yat Servis\",\"description\":\"Marine Services\",\"publisher\":{\"@id\":\"https:\/\/www.yatservis.com\/tr\/#organization\"},\"potentialAction\":[{\"@type\":\"SearchAction\",\"target\":{\"@type\":\"EntryPoint\",\"urlTemplate\":\"https:\/\/www.yatservis.com\/tr\/?s={search_term_string}\"},\"query-input\":{\"@type\":\"PropertyValueSpecification\",\"valueRequired\":true,\"valueName\":\"search_term_string\"}}],\"inLanguage\":\"tr\"},{\"@type\":\"Organization\",\"@id\":\"https:\/\/www.yatservis.com\/tr\/#organization\",\"name\":\"Yat Servis\",\"url\":\"https:\/\/www.yatservis.com\/tr\/\",\"logo\":{\"@type\":\"ImageObject\",\"inLanguage\":\"tr\",\"@id\":\"https:\/\/www.yatservis.com\/tr\/#\/schema\/logo\/image\/\",\"url\":\"https:\/\/www.yatservis.com\/tr\/wp-content\/uploads\/2024\/04\/cropped-logo2.png\",\"contentUrl\":\"https:\/\/www.yatservis.com\/tr\/wp-content\/uploads\/2024\/04\/cropped-logo2.png\",\"width\":240,\"height\":64,\"caption\":\"Yat Servis\"},\"image\":{\"@id\":\"https:\/\/www.yatservis.com\/tr\/#\/schema\/logo\/image\/\"}}]}<\/script>\n<!-- \/ Yoast SEO plugin. -->","yoast_head_json":{"title":"JEANNEAU SUN ODYSSEY 32 - Yat Servis","robots":{"index":"index","follow":"follow","max-snippet":"max-snippet:-1","max-image-preview":"max-image-preview:large","max-video-preview":"max-video-preview:-1"},"canonical":"https:\/\/www.yatservis.com\/tr\/satilik-yatlar\/jeanneau-sun-odyssey-32\/","og_locale":"tr_TR","og_type":"article","og_title":"JEANNEAU SUN ODYSSEY 32 - Yat Servis","og_description":"\u00d6l\u00e7\u00fcler \u00a09,60 x 3,30 x 1,45 ( m ) Malzeme : Fiber (GRP) \u00dcretim: 2002 Motor \u00a0Yanmar 2GM20 Diesel \u00a018 HP, 13,23 KW Yelkenli yat Jeanneau Sun Odyssey 32, Jeanneau taraf\u0131ndan 2002 y\u0131l\u0131nda Fransa&#8217;da in\u015fa edilmi\u015ftir, Philippe Briand ve Jeanneau Design taraf\u0131ndan tasarlanm\u0131\u015ft\u0131r, CE Cat B, GRP g\u00f6vde, \u00fcst yap\u0131 ve g\u00fcverte, , g\u00fcvertede kaymay\u0131 &hellip; Okumaya devam et \"JEANNEAU SUN ODYSSEY 32\"","og_url":"https:\/\/www.yatservis.com\/tr\/satilik-yatlar\/jeanneau-sun-odyssey-32\/","og_site_name":"Yat Servis","article_modified_time":"2024-04-25T18:20:02+00:00","og_image":[{"url":"https:\/\/www.yatservis.com\/tr\/wp-content\/uploads\/2024\/04\/JEANNEAU-SUN-ODYSSEY2-150x150.jpeg","type":"","width":"","height":""}],"twitter_card":"summary_large_image","twitter_misc":{"Tahmini okuma s\u00fcresi":"2 dakika"},"schema":{"@context":"https:\/\/schema.org","@graph":[{"@type":"WebPage","@id":"https:\/\/www.yatservis.com\/tr\/satilik-yatlar\/jeanneau-sun-odyssey-32\/","url":"https:\/\/www.yatservis.com\/tr\/satilik-yatlar\/jeanneau-sun-odyssey-32\/","name":"JEANNEAU SUN ODYSSEY 32 - Yat Servis","isPartOf":{"@id":"https:\/\/www.yatservis.com\/tr\/#website"},"datePublished":"2024-04-25T18:07:39+00:00","dateModified":"2024-04-25T18:20:02+00:00","breadcrumb":{"@id":"https:\/\/www.yatservis.com\/tr\/satilik-yatlar\/jeanneau-sun-odyssey-32\/#breadcrumb"},"inLanguage":"tr","potentialAction":[{"@type":"ReadAction","target":["https:\/\/www.yatservis.com\/tr\/satilik-yatlar\/jeanneau-sun-odyssey-32\/"]}]},{"@type":"BreadcrumbList","@id":"https:\/\/www.yatservis.com\/tr\/satilik-yatlar\/jeanneau-sun-odyssey-32\/#breadcrumb","itemListElement":[{"@type":"ListItem","position":1,"name":"Home","item":"https:\/\/www.yatservis.com\/tr\/"},{"@type":"ListItem","position":2,"name":"SATILIK YATLAR","item":"https:\/\/www.yatservis.com\/tr\/satilik-yatlar\/"},{"@type":"ListItem","position":3,"name":"JEANNEAU SUN ODYSSEY 32"}]},{"@type":"WebSite","@id":"https:\/\/www.yatservis.com\/tr\/#website","url":"https:\/\/www.yatservis.com\/tr\/","name":"Yat Servis","description":"Marine Services","publisher":{"@id":"https:\/\/www.yatservis.com\/tr\/#organization"},"potentialAction":[{"@type":"SearchAction","target":{"@type":"EntryPoint","urlTemplate":"https:\/\/www.yatservis.com\/tr\/?s={search_term_string}"},"query-input":{"@type":"PropertyValueSpecification","valueRequired":true,"valueName":"search_term_string"}}],"inLanguage":"tr"},{"@type":"Organization","@id":"https:\/\/www.yatservis.com\/tr\/#organization","name":"Yat Servis","url":"https:\/\/www.yatservis.com\/tr\/","logo":{"@type":"ImageObject","inLanguage":"tr","@id":"https:\/\/www.yatservis.com\/tr\/#\/schema\/logo\/image\/","url":"https:\/\/www.yatservis.com\/tr\/wp-content\/uploads\/2024\/04\/cropped-logo2.png","contentUrl":"https:\/\/www.yatservis.com\/tr\/wp-content\/uploads\/2024\/04\/cropped-logo2.png","width":240,"height":64,"caption":"Yat Servis"},"image":{"@id":"https:\/\/www.yatservis.com\/tr\/#\/schema\/logo\/image\/"}}]}},"_links":{"self":[{"href":"https:\/\/www.yatservis.com\/tr\/wp-json\/wp\/v2\/pages\/269"}],"collection":[{"href":"https:\/\/www.yatservis.com\/tr\/wp-json\/wp\/v2\/pages"}],"about":[{"href":"https:\/\/www.yatservis.com\/tr\/wp-json\/wp\/v2\/types\/page"}],"author":[{"embeddable":true,"href":"https:\/\/www.yatservis.com\/tr\/wp-json\/wp\/v2\/users\/1"}],"replies":[{"embeddable":true,"href":"https:\/\/www.yatservis.com\/tr\/wp-json\/wp\/v2\/comments?post=269"}],"version-history":[{"count":2,"href":"https:\/\/www.yatservis.com\/tr\/wp-json\/wp\/v2\/pages\/269\/revisions"}],"predecessor-version":[{"id":292,"href":"https:\/\/www.yatservis.com\/tr\/wp-json\/wp\/v2\/pages\/269\/revisions\/292"}],"up":[{"embeddable":true,"href":"https:\/\/www.yatservis.com\/tr\/wp-json\/wp\/v2\/pages\/266"}],"wp:attachment":[{"href":"https:\/\/www.yatservis.com\/tr\/wp-json\/wp\/v2\/media?parent=269"}],"curies":[{"name":"wp","href":"https:\/\/api.w.org\/{rel}","templated":true}]}}