{"id":44,"date":"2019-03-16T11:54:13","date_gmt":"2019-03-16T08:54:13","guid":{"rendered":"http:\/\/www.yatservis.com\/?page_id=44"},"modified":"2024-04-24T21:12:02","modified_gmt":"2024-04-24T18:12:02","slug":"iletisim","status":"publish","type":"page","link":"https:\/\/www.yatservis.com\/tr\/iletisim\/","title":{"rendered":"\u0130LET\u0130\u015e\u0130M"},"content":{"rendered":"<p>Yatservis, Istanbul<\/p>\n<p><a href=\"http:\/\/api.whatsapp.com\/send?phone=905325229822\">+90 532 522 9822<\/a><\/p>\n<p><a href=\"mailto:ertan.gokan@yatservis.com\">ertan.gokan@yatservis.com<\/a><\/p>\n","protected":false},"excerpt":{"rendered":"<p>Yatservis, Istanbul +90 532 522 9822 ertan.gokan@yatservis.com<\/p>\n","protected":false},"author":1,"featured_media":0,"parent":0,"menu_order":90,"comment_status":"closed","ping_status":"closed","template":"","meta":{"footnotes":""},"yoast_head":"<!-- This site is optimized with the Yoast SEO plugin v24.5 - https:\/\/yoast.com\/wordpress\/plugins\/seo\/ -->\n<title>\u0130LET\u0130\u015e\u0130M - Yat Servis<\/title>\n<meta name=\"robots\" content=\"index, follow, max-snippet:-1, max-image-preview:large, max-video-preview:-1\" \/>\n<link rel=\"canonical\" href=\"https:\/\/www.yatservis.com\/tr\/iletisim\/\" \/>\n<meta property=\"og:locale\" content=\"tr_TR\" \/>\n<meta property=\"og:type\" content=\"article\" \/>\n<meta property=\"og:title\" content=\"\u0130LET\u0130\u015e\u0130M - Yat Servis\" \/>\n<meta property=\"og:description\" content=\"Yatservis, Istanbul +90 532 522 9822 ertan.gokan@yatservis.com\" \/>\n<meta property=\"og:url\" content=\"https:\/\/www.yatservis.com\/tr\/iletisim\/\" \/>\n<meta property=\"og:site_name\" content=\"Yat Servis\" \/>\n<meta property=\"article:modified_time\" content=\"2024-04-24T18:12:02+00:00\" \/>\n<meta name=\"twitter:card\" content=\"summary_large_image\" \/>\n<meta name=\"twitter:label1\" content=\"Tahmini okuma s\u00fcresi\" \/>\n\t<meta name=\"twitter:data1\" content=\"1 dakika\" \/>\n<script type=\"application\/ld+json\" class=\"yoast-schema-graph\">{\"@context\":\"https:\/\/schema.org\",\"@graph\":[{\"@type\":\"WebPage\",\"@id\":\"https:\/\/www.yatservis.com\/tr\/iletisim\/\",\"url\":\"https:\/\/www.yatservis.com\/tr\/iletisim\/\",\"name\":\"\u0130LET\u0130\u015e\u0130M - Yat Servis\",\"isPartOf\":{\"@id\":\"https:\/\/www.yatservis.com\/tr\/#website\"},\"datePublished\":\"2019-03-16T08:54:13+00:00\",\"dateModified\":\"2024-04-24T18:12:02+00:00\",\"breadcrumb\":{\"@id\":\"https:\/\/www.yatservis.com\/tr\/iletisim\/#breadcrumb\"},\"inLanguage\":\"tr\",\"potentialAction\":[{\"@type\":\"ReadAction\",\"target\":[\"https:\/\/www.yatservis.com\/tr\/iletisim\/\"]}]},{\"@type\":\"BreadcrumbList\",\"@id\":\"https:\/\/www.yatservis.com\/tr\/iletisim\/#breadcrumb\",\"itemListElement\":[{\"@type\":\"ListItem\",\"position\":1,\"name\":\"Home\",\"item\":\"https:\/\/www.yatservis.com\/tr\/\"},{\"@type\":\"ListItem\",\"position\":2,\"name\":\"\u0130LET\u0130\u015e\u0130M\"}]},{\"@type\":\"WebSite\",\"@id\":\"https:\/\/www.yatservis.com\/tr\/#website\",\"url\":\"https:\/\/www.yatservis.com\/tr\/\",\"name\":\"Yat Servis\",\"description\":\"Marine Services\",\"publisher\":{\"@id\":\"https:\/\/www.yatservis.com\/tr\/#organization\"},\"potentialAction\":[{\"@type\":\"SearchAction\",\"target\":{\"@type\":\"EntryPoint\",\"urlTemplate\":\"https:\/\/www.yatservis.com\/tr\/?s={search_term_string}\"},\"query-input\":{\"@type\":\"PropertyValueSpecification\",\"valueRequired\":true,\"valueName\":\"search_term_string\"}}],\"inLanguage\":\"tr\"},{\"@type\":\"Organization\",\"@id\":\"https:\/\/www.yatservis.com\/tr\/#organization\",\"name\":\"Yat Servis\",\"url\":\"https:\/\/www.yatservis.com\/tr\/\",\"logo\":{\"@type\":\"ImageObject\",\"inLanguage\":\"tr\",\"@id\":\"https:\/\/www.yatservis.com\/tr\/#\/schema\/logo\/image\/\",\"url\":\"https:\/\/www.yatservis.com\/tr\/wp-content\/uploads\/2024\/04\/cropped-logo2.png\",\"contentUrl\":\"https:\/\/www.yatservis.com\/tr\/wp-content\/uploads\/2024\/04\/cropped-logo2.png\",\"width\":240,\"height\":64,\"caption\":\"Yat Servis\"},\"image\":{\"@id\":\"https:\/\/www.yatservis.com\/tr\/#\/schema\/logo\/image\/\"}}]}<\/script>\n<!-- \/ Yoast SEO plugin. -->","yoast_head_json":{"title":"\u0130LET\u0130\u015e\u0130M - Yat Servis","robots":{"index":"index","follow":"follow","max-snippet":"max-snippet:-1","max-image-preview":"max-image-preview:large","max-video-preview":"max-video-preview:-1"},"canonical":"https:\/\/www.yatservis.com\/tr\/iletisim\/","og_locale":"tr_TR","og_type":"article","og_title":"\u0130LET\u0130\u015e\u0130M - Yat Servis","og_description":"Yatservis, Istanbul +90 532 522 9822 ertan.gokan@yatservis.com","og_url":"https:\/\/www.yatservis.com\/tr\/iletisim\/","og_site_name":"Yat Servis","article_modified_time":"2024-04-24T18:12:02+00:00","twitter_card":"summary_large_image","twitter_misc":{"Tahmini okuma s\u00fcresi":"1 dakika"},"schema":{"@context":"https:\/\/schema.org","@graph":[{"@type":"WebPage","@id":"https:\/\/www.yatservis.com\/tr\/iletisim\/","url":"https:\/\/www.yatservis.com\/tr\/iletisim\/","name":"\u0130LET\u0130\u015e\u0130M - Yat Servis","isPartOf":{"@id":"https:\/\/www.yatservis.com\/tr\/#website"},"datePublished":"2019-03-16T08:54:13+00:00","dateModified":"2024-04-24T18:12:02+00:00","breadcrumb":{"@id":"https:\/\/www.yatservis.com\/tr\/iletisim\/#breadcrumb"},"inLanguage":"tr","potentialAction":[{"@type":"ReadAction","target":["https:\/\/www.yatservis.com\/tr\/iletisim\/"]}]},{"@type":"BreadcrumbList","@id":"https:\/\/www.yatservis.com\/tr\/iletisim\/#breadcrumb","itemListElement":[{"@type":"ListItem","position":1,"name":"Home","item":"https:\/\/www.yatservis.com\/tr\/"},{"@type":"ListItem","position":2,"name":"\u0130LET\u0130\u015e\u0130M"}]},{"@type":"WebSite","@id":"https:\/\/www.yatservis.com\/tr\/#website","url":"https:\/\/www.yatservis.com\/tr\/","name":"Yat Servis","description":"Marine Services","publisher":{"@id":"https:\/\/www.yatservis.com\/tr\/#organization"},"potentialAction":[{"@type":"SearchAction","target":{"@type":"EntryPoint","urlTemplate":"https:\/\/www.yatservis.com\/tr\/?s={search_term_string}"},"query-input":{"@type":"PropertyValueSpecification","valueRequired":true,"valueName":"search_term_string"}}],"inLanguage":"tr"},{"@type":"Organization","@id":"https:\/\/www.yatservis.com\/tr\/#organization","name":"Yat Servis","url":"https:\/\/www.yatservis.com\/tr\/","logo":{"@type":"ImageObject","inLanguage":"tr","@id":"https:\/\/www.yatservis.com\/tr\/#\/schema\/logo\/image\/","url":"https:\/\/www.yatservis.com\/tr\/wp-content\/uploads\/2024\/04\/cropped-logo2.png","contentUrl":"https:\/\/www.yatservis.com\/tr\/wp-content\/uploads\/2024\/04\/cropped-logo2.png","width":240,"height":64,"caption":"Yat Servis"},"image":{"@id":"https:\/\/www.yatservis.com\/tr\/#\/schema\/logo\/image\/"}}]}},"_links":{"self":[{"href":"https:\/\/www.yatservis.com\/tr\/wp-json\/wp\/v2\/pages\/44"}],"collection":[{"href":"https:\/\/www.yatservis.com\/tr\/wp-json\/wp\/v2\/pages"}],"about":[{"href":"https:\/\/www.yatservis.com\/tr\/wp-json\/wp\/v2\/types\/page"}],"author":[{"embeddable":true,"href":"https:\/\/www.yatservis.com\/tr\/wp-json\/wp\/v2\/users\/1"}],"replies":[{"embeddable":true,"href":"https:\/\/www.yatservis.com\/tr\/wp-json\/wp\/v2\/comments?post=44"}],"version-history":[{"count":8,"href":"https:\/\/www.yatservis.com\/tr\/wp-json\/wp\/v2\/pages\/44\/revisions"}],"predecessor-version":[{"id":258,"href":"https:\/\/www.yatservis.com\/tr\/wp-json\/wp\/v2\/pages\/44\/revisions\/258"}],"wp:attachment":[{"href":"https:\/\/www.yatservis.com\/tr\/wp-json\/wp\/v2\/media?parent=44"}],"curies":[{"name":"wp","href":"https:\/\/api.w.org\/{rel}","templated":true}]}}