{"id":7,"date":"2019-03-16T10:57:52","date_gmt":"2019-03-16T07:57:52","guid":{"rendered":"http:\/\/www.yatservis.com\/?page_id=7"},"modified":"2024-04-24T21:47:44","modified_gmt":"2024-04-24T18:47:44","slug":"anasayfa","status":"publish","type":"page","link":"https:\/\/www.yatservis.com\/tr\/","title":{"rendered":""},"content":{"rendered":"<p>Yat Servis, hizmet vermek amac\u0131yla kurulmu\u015f, denize g\u00f6n\u00fcl veren veya denizden ekme\u011fini \u00e7\u0131karan t\u00fcm denizcilerin hak ettikleri kaliteyi sunmay\u0131 hedefleyen m\u00fc\u015fteri odakl\u0131 bir firmad\u0131r.<\/p>\n<p>\u0130htiyaca ve denizde yapmak istenilene uygun \u00e7\u00f6z\u00fcmler sunar. Ekonomik sakin bir gezinti yapmak isteyen deniz sevdal\u0131s\u0131na \u00e7ok yak\u0131t yakan s\u00fcratli bir tekneye ihtiyac\u0131 oldu\u011funu s\u00f6ylemek yerine, tam isteneni bulup \u00e7\u0131karmak Yatservisin i\u015fidir.<\/p>\n<p><img loading=\"lazy\" decoding=\"async\" class=\"aligncenter size-full wp-image-177\" src=\"https:\/\/www.yatservis.com\/tr\/wp-content\/uploads\/2024\/03\/marinna.jpg\" alt=\"\" width=\"1663\" height=\"482\" srcset=\"https:\/\/www.yatservis.com\/tr\/wp-content\/uploads\/2024\/03\/marinna.jpg 1663w, https:\/\/www.yatservis.com\/tr\/wp-content\/uploads\/2024\/03\/marinna-300x87.jpg 300w, https:\/\/www.yatservis.com\/tr\/wp-content\/uploads\/2024\/03\/marinna-1024x297.jpg 1024w, https:\/\/www.yatservis.com\/tr\/wp-content\/uploads\/2024\/03\/marinna-768x223.jpg 768w, https:\/\/www.yatservis.com\/tr\/wp-content\/uploads\/2024\/03\/marinna-1536x445.jpg 1536w, https:\/\/www.yatservis.com\/tr\/wp-content\/uploads\/2024\/03\/marinna-624x181.jpg 624w\" sizes=\"(max-width: 709px) 85vw, (max-width: 909px) 67vw, (max-width: 1362px) 62vw, 840px\" \/><\/p>\n<p>Teknenin boyutu ve yap\u0131ld\u0131\u011f\u0131 malzeme do\u011fru se\u00e7ilmeli ihtiyaca ve seyir yap\u0131lan denize uygun olmal\u0131d\u0131r. Ah\u015fap, sa\u00e7, fiber veya al\u00fcminyum; yelkenli yat, motor yat, \u015falopa, uskuna, ke\u00e7, gulet, bal\u0131k\u00e7\u0131 tekneleri, hizmet tekneleri ve ticari gemiler.<\/p>\n<p>En sevmedi\u011fimiz \u201ctekneyi bir al\u0131rken bir de satarken sevindim c\u00fcmlesidir..<\/p>\n<p>Her\u015feyden \u00f6nce, Nas\u0131l iyi bir Denizci olunur? Sizinle beraber buna cevap verebiliriz?<\/p>\n<p>\u00d6ncelikli olarak yelkenli tekneler ile denizcilik bizim i\u00e7in ilk s\u0131radad\u0131r.<\/p>\n","protected":false},"excerpt":{"rendered":"<p>Yat Servis, hizmet vermek amac\u0131yla kurulmu\u015f, denize g\u00f6n\u00fcl veren veya denizden ekme\u011fini \u00e7\u0131karan t\u00fcm denizcilerin hak ettikleri kaliteyi sunmay\u0131 hedefleyen m\u00fc\u015fteri odakl\u0131 bir firmad\u0131r. \u0130htiyaca ve denizde yapmak istenilene uygun \u00e7\u00f6z\u00fcmler sunar. Ekonomik sakin bir gezinti yapmak isteyen deniz sevdal\u0131s\u0131na \u00e7ok yak\u0131t yakan s\u00fcratli bir tekneye ihtiyac\u0131 oldu\u011funu s\u00f6ylemek yerine, tam isteneni bulup \u00e7\u0131karmak Yatservisin &hellip; <a href=\"https:\/\/www.yatservis.com\/tr\/\" class=\"more-link\">Okumaya devam et<span class=\"screen-reader-text\"> &#8220;&#8221;<\/span><\/a><\/p>\n","protected":false},"author":1,"featured_media":0,"parent":0,"menu_order":1,"comment_status":"closed","ping_status":"closed","template":"","meta":{"footnotes":""},"yoast_head":"<!-- This site is optimized with the Yoast SEO plugin v24.5 - https:\/\/yoast.com\/wordpress\/plugins\/seo\/ -->\n<title>- Yat Servis<\/title>\n<meta name=\"robots\" content=\"index, follow, max-snippet:-1, max-image-preview:large, max-video-preview:-1\" \/>\n<link rel=\"canonical\" href=\"https:\/\/www.yatservis.com\/tr\/\" \/>\n<meta property=\"og:locale\" content=\"tr_TR\" \/>\n<meta property=\"og:type\" content=\"article\" \/>\n<meta property=\"og:title\" content=\"- Yat Servis\" \/>\n<meta property=\"og:description\" content=\"Yat Servis, hizmet vermek amac\u0131yla kurulmu\u015f, denize g\u00f6n\u00fcl veren veya denizden ekme\u011fini \u00e7\u0131karan t\u00fcm denizcilerin hak ettikleri kaliteyi sunmay\u0131 hedefleyen m\u00fc\u015fteri odakl\u0131 bir firmad\u0131r. \u0130htiyaca ve denizde yapmak istenilene uygun \u00e7\u00f6z\u00fcmler sunar. Ekonomik sakin bir gezinti yapmak isteyen deniz sevdal\u0131s\u0131na \u00e7ok yak\u0131t yakan s\u00fcratli bir tekneye ihtiyac\u0131 oldu\u011funu s\u00f6ylemek yerine, tam isteneni bulup \u00e7\u0131karmak Yatservisin &hellip; Okumaya devam et &quot;&quot;\" \/>\n<meta property=\"og:url\" content=\"https:\/\/www.yatservis.com\/tr\/\" \/>\n<meta property=\"og:site_name\" content=\"Yat Servis\" \/>\n<meta property=\"article:modified_time\" content=\"2024-04-24T18:47:44+00:00\" \/>\n<meta property=\"og:image\" content=\"https:\/\/www.yatservis.com\/tr\/wp-content\/uploads\/2024\/03\/marinna.jpg\" \/>\n<meta name=\"twitter:card\" content=\"summary_large_image\" \/>\n<meta name=\"twitter:label1\" content=\"Tahmini okuma s\u00fcresi\" \/>\n\t<meta name=\"twitter:data1\" content=\"1 dakika\" \/>\n<script type=\"application\/ld+json\" class=\"yoast-schema-graph\">{\"@context\":\"https:\/\/schema.org\",\"@graph\":[{\"@type\":\"WebPage\",\"@id\":\"https:\/\/www.yatservis.com\/tr\/\",\"url\":\"https:\/\/www.yatservis.com\/tr\/\",\"name\":\"- Yat Servis\",\"isPartOf\":{\"@id\":\"https:\/\/www.yatservis.com\/tr\/#website\"},\"primaryImageOfPage\":{\"@id\":\"https:\/\/www.yatservis.com\/tr\/#primaryimage\"},\"image\":{\"@id\":\"https:\/\/www.yatservis.com\/tr\/#primaryimage\"},\"thumbnailUrl\":\"https:\/\/www.yatservis.com\/tr\/wp-content\/uploads\/2024\/03\/marinna.jpg\",\"datePublished\":\"2019-03-16T07:57:52+00:00\",\"dateModified\":\"2024-04-24T18:47:44+00:00\",\"inLanguage\":\"tr\",\"potentialAction\":[{\"@type\":\"ReadAction\",\"target\":[\"https:\/\/www.yatservis.com\/tr\/\"]}]},{\"@type\":\"ImageObject\",\"inLanguage\":\"tr\",\"@id\":\"https:\/\/www.yatservis.com\/tr\/#primaryimage\",\"url\":\"https:\/\/www.yatservis.com\/tr\/wp-content\/uploads\/2024\/03\/marinna.jpg\",\"contentUrl\":\"https:\/\/www.yatservis.com\/tr\/wp-content\/uploads\/2024\/03\/marinna.jpg\",\"width\":1663,\"height\":482},{\"@type\":\"WebSite\",\"@id\":\"https:\/\/www.yatservis.com\/tr\/#website\",\"url\":\"https:\/\/www.yatservis.com\/tr\/\",\"name\":\"Yat Servis\",\"description\":\"Marine Services\",\"publisher\":{\"@id\":\"https:\/\/www.yatservis.com\/tr\/#organization\"},\"potentialAction\":[{\"@type\":\"SearchAction\",\"target\":{\"@type\":\"EntryPoint\",\"urlTemplate\":\"https:\/\/www.yatservis.com\/tr\/?s={search_term_string}\"},\"query-input\":{\"@type\":\"PropertyValueSpecification\",\"valueRequired\":true,\"valueName\":\"search_term_string\"}}],\"inLanguage\":\"tr\"},{\"@type\":\"Organization\",\"@id\":\"https:\/\/www.yatservis.com\/tr\/#organization\",\"name\":\"Yat Servis\",\"url\":\"https:\/\/www.yatservis.com\/tr\/\",\"logo\":{\"@type\":\"ImageObject\",\"inLanguage\":\"tr\",\"@id\":\"https:\/\/www.yatservis.com\/tr\/#\/schema\/logo\/image\/\",\"url\":\"https:\/\/www.yatservis.com\/tr\/wp-content\/uploads\/2024\/04\/cropped-logo2.png\",\"contentUrl\":\"https:\/\/www.yatservis.com\/tr\/wp-content\/uploads\/2024\/04\/cropped-logo2.png\",\"width\":240,\"height\":64,\"caption\":\"Yat Servis\"},\"image\":{\"@id\":\"https:\/\/www.yatservis.com\/tr\/#\/schema\/logo\/image\/\"}}]}<\/script>\n<!-- \/ Yoast SEO plugin. -->","yoast_head_json":{"title":"- Yat Servis","robots":{"index":"index","follow":"follow","max-snippet":"max-snippet:-1","max-image-preview":"max-image-preview:large","max-video-preview":"max-video-preview:-1"},"canonical":"https:\/\/www.yatservis.com\/tr\/","og_locale":"tr_TR","og_type":"article","og_title":"- Yat Servis","og_description":"Yat Servis, hizmet vermek amac\u0131yla kurulmu\u015f, denize g\u00f6n\u00fcl veren veya denizden ekme\u011fini \u00e7\u0131karan t\u00fcm denizcilerin hak ettikleri kaliteyi sunmay\u0131 hedefleyen m\u00fc\u015fteri odakl\u0131 bir firmad\u0131r. \u0130htiyaca ve denizde yapmak istenilene uygun \u00e7\u00f6z\u00fcmler sunar. Ekonomik sakin bir gezinti yapmak isteyen deniz sevdal\u0131s\u0131na \u00e7ok yak\u0131t yakan s\u00fcratli bir tekneye ihtiyac\u0131 oldu\u011funu s\u00f6ylemek yerine, tam isteneni bulup \u00e7\u0131karmak Yatservisin &hellip; Okumaya devam et \"\"","og_url":"https:\/\/www.yatservis.com\/tr\/","og_site_name":"Yat Servis","article_modified_time":"2024-04-24T18:47:44+00:00","og_image":[{"url":"https:\/\/www.yatservis.com\/tr\/wp-content\/uploads\/2024\/03\/marinna.jpg","type":"","width":"","height":""}],"twitter_card":"summary_large_image","twitter_misc":{"Tahmini okuma s\u00fcresi":"1 dakika"},"schema":{"@context":"https:\/\/schema.org","@graph":[{"@type":"WebPage","@id":"https:\/\/www.yatservis.com\/tr\/","url":"https:\/\/www.yatservis.com\/tr\/","name":"- Yat Servis","isPartOf":{"@id":"https:\/\/www.yatservis.com\/tr\/#website"},"primaryImageOfPage":{"@id":"https:\/\/www.yatservis.com\/tr\/#primaryimage"},"image":{"@id":"https:\/\/www.yatservis.com\/tr\/#primaryimage"},"thumbnailUrl":"https:\/\/www.yatservis.com\/tr\/wp-content\/uploads\/2024\/03\/marinna.jpg","datePublished":"2019-03-16T07:57:52+00:00","dateModified":"2024-04-24T18:47:44+00:00","inLanguage":"tr","potentialAction":[{"@type":"ReadAction","target":["https:\/\/www.yatservis.com\/tr\/"]}]},{"@type":"ImageObject","inLanguage":"tr","@id":"https:\/\/www.yatservis.com\/tr\/#primaryimage","url":"https:\/\/www.yatservis.com\/tr\/wp-content\/uploads\/2024\/03\/marinna.jpg","contentUrl":"https:\/\/www.yatservis.com\/tr\/wp-content\/uploads\/2024\/03\/marinna.jpg","width":1663,"height":482},{"@type":"WebSite","@id":"https:\/\/www.yatservis.com\/tr\/#website","url":"https:\/\/www.yatservis.com\/tr\/","name":"Yat Servis","description":"Marine Services","publisher":{"@id":"https:\/\/www.yatservis.com\/tr\/#organization"},"potentialAction":[{"@type":"SearchAction","target":{"@type":"EntryPoint","urlTemplate":"https:\/\/www.yatservis.com\/tr\/?s={search_term_string}"},"query-input":{"@type":"PropertyValueSpecification","valueRequired":true,"valueName":"search_term_string"}}],"inLanguage":"tr"},{"@type":"Organization","@id":"https:\/\/www.yatservis.com\/tr\/#organization","name":"Yat Servis","url":"https:\/\/www.yatservis.com\/tr\/","logo":{"@type":"ImageObject","inLanguage":"tr","@id":"https:\/\/www.yatservis.com\/tr\/#\/schema\/logo\/image\/","url":"https:\/\/www.yatservis.com\/tr\/wp-content\/uploads\/2024\/04\/cropped-logo2.png","contentUrl":"https:\/\/www.yatservis.com\/tr\/wp-content\/uploads\/2024\/04\/cropped-logo2.png","width":240,"height":64,"caption":"Yat Servis"},"image":{"@id":"https:\/\/www.yatservis.com\/tr\/#\/schema\/logo\/image\/"}}]}},"_links":{"self":[{"href":"https:\/\/www.yatservis.com\/tr\/wp-json\/wp\/v2\/pages\/7"}],"collection":[{"href":"https:\/\/www.yatservis.com\/tr\/wp-json\/wp\/v2\/pages"}],"about":[{"href":"https:\/\/www.yatservis.com\/tr\/wp-json\/wp\/v2\/types\/page"}],"author":[{"embeddable":true,"href":"https:\/\/www.yatservis.com\/tr\/wp-json\/wp\/v2\/users\/1"}],"replies":[{"embeddable":true,"href":"https:\/\/www.yatservis.com\/tr\/wp-json\/wp\/v2\/comments?post=7"}],"version-history":[{"count":16,"href":"https:\/\/www.yatservis.com\/tr\/wp-json\/wp\/v2\/pages\/7\/revisions"}],"predecessor-version":[{"id":263,"href":"https:\/\/www.yatservis.com\/tr\/wp-json\/wp\/v2\/pages\/7\/revisions\/263"}],"wp:attachment":[{"href":"https:\/\/www.yatservis.com\/tr\/wp-json\/wp\/v2\/media?parent=7"}],"curies":[{"name":"wp","href":"https:\/\/api.w.org\/{rel}","templated":true}]}}