{"id":88,"date":"2024-03-24T23:11:30","date_gmt":"2024-03-24T20:11:30","guid":{"rendered":"https:\/\/www.yatservis.com\/tr\/?page_id=88"},"modified":"2024-04-23T12:36:22","modified_gmt":"2024-04-23T09:36:22","slug":"yat-teknik-yonetimi","status":"publish","type":"page","link":"https:\/\/www.yatservis.com\/tr\/yat-teknik-yonetimi\/","title":{"rendered":"YAT TEKN\u0130K Y\u00d6NET\u0130M\u0130"},"content":{"rendered":"<p>Yatservis teknik y\u00f6netimi, g\u00fcvenli\u011fi, uyumlulu\u011fu, verimlili\u011fi, uygun bak\u0131m\u0131\u00a0 ve yat\u00e7\u0131l\u0131ktan keyif almay\u0131 sa\u011flamak i\u00e7in yat operasyonlar\u0131n\u0131n teknik y\u00f6nlerini denetlemeyi i\u00e7erir.\u00a0 Bunun neleri gerektirdi\u011fine s\u0131ralayabiliriz:<\/p>\n<p><strong>Bak\u0131m ve Onar\u0131m:\u00a0<\/strong><\/p>\n<p>Teknik y\u00f6neticiler, t\u00fcm donan\u0131m olmak \u00fczere teknenin ana tahrikini sa\u011flayan ekipmanlar,\u00a0 tekne yelkenli ise\u00a0yelken donan\u0131m\u0131\u00a0 ve seyir sistemlerinin kontrolleri, tekne yap\u0131s\u0131 incelemeleri, seyir sistemleri g\u00fcncellemeleri, elektrik sistemleri bak\u0131m\u0131, borulama ve tank\u0131 kontrolleri dahil olmak \u00fczere rutin bak\u0131m g\u00f6revlerini planlamak ve denetlemekten sorumludur. Ayr\u0131ca gerekti\u011finde onar\u0131m ve sistem geli\u015ftirmelerini de koordine ederek yat\u0131n en iyi durumda kalmas\u0131n\u0131 sa\u011flarlar.<\/p>\n<p><strong>Uyumluluk ve D\u00fczenlemeler:<\/strong>\u00a0Teknik y\u00f6neticiler, yat\u0131n denizcilik otoriteleri taraf\u0131ndan belirlenen ilgili t\u00fcm d\u00fczenlemelere ve g\u00fcvenlik standartlar\u0131na uygun olmas\u0131n\u0131 sa\u011flar. Bu, SOLAS (Denizde Can G\u00fcvenli\u011fi) ve MARPOL (Gemilerden Kaynaklanan Kirlili\u011fin \u00d6nlenmesine \u0130li\u015fkin Uluslararas\u0131 S\u00f6zle\u015fme) gibi uluslararas\u0131 denizcilik d\u00fczenlemelerinin yan\u0131 s\u0131ra \u00e7e\u015fitli seyir alanlar\u0131ndaki yerel d\u00fczenlemelere g\u00fcncel kalmay\u0131 da i\u00e7erir.<\/p>\n<p><strong>B\u00fct\u00e7eleme ve Maliyet Y\u00f6netimi:<\/strong>\u00a0Teknik y\u00f6neticiler bak\u0131m, onar\u0131m ve geli\u015ftirmeleri i\u00e7in b\u00fct\u00e7eler yapar ve y\u00f6netir. Yat\u0131n g\u00fcvenlik ve operasyonel gereklilikleri kar\u015f\u0131lamas\u0131n\u0131 sa\u011flarken harcamalar optimize edilir.<\/p>\n<p>Ayr\u0131ca uygun maliyetli \u00e7\u00f6z\u00fcmler elde etmek i\u00e7in tedarik\u00e7iler ve hizmet sa\u011flay\u0131c\u0131larla s\u00f6zle\u015fmeler m\u00fczakere edebilirler.<\/p>\n<p><strong>Envanter Y\u00f6netimi:<\/strong>\u00a0Teknik y\u00f6neticiler, yat operasyonlar\u0131 ve bak\u0131m\u0131 i\u00e7in gerekli yedek par\u00e7a, ekipman ve malzeme envanterini denetler. Temel \u00f6\u011felerin gemide stoklanmas\u0131n\u0131 ve ihtiya\u00e7 duyuldu\u011funda haz\u0131r bulundurulmas\u0131n\u0131 sa\u011flayarak ar\u0131za s\u00fcrelerini ve gecikmeleri en aza indirir.<\/p>\n<p><strong>G\u00fcvenlik ve Risk Y\u00f6netimi:<\/strong>\u00a0Yolcular\u0131n, m\u00fcrettebat\u0131n ve yat\u0131n g\u00fcvenli\u011finin sa\u011flanmas\u0131 en \u00f6nemli \u00f6nceliklerden biridir. Teknik y\u00f6neticiler g\u00fcvenlik prosed\u00fcrlerini uygular, risk de\u011ferlendirmeleri yapar ve m\u00fcrettebat \u00fcyelerine acil durum prosed\u00fcrleri ve ekipman kullan\u0131m\u0131 konusunda e\u011fitim verir.<\/p>\n<p><strong>Teknoloji Entegrasyonu:<\/strong>\u00a0Teknolojideki geli\u015fmeler yat operasyonlar\u0131nda \u00f6nemli bir rol oynamaktad\u0131r. Teknik y\u00f6neticiler, gemide g\u00fcvenli\u011fi, verimlili\u011fi ve konforu art\u0131rmak i\u00e7in navigasyon sistemleri, ileti\u015fim ekipmanlar\u0131 ve izleme sistemleri gibi yeni teknolojileri de\u011ferlendirir ve uygular.<\/p>\n<p><strong>\u00c7evresel S\u00fcrd\u00fcr\u00fclebilirlik:<\/strong>\u00a0Yat teknik y\u00f6netimi, \u00e7evresel a\u00e7\u0131dan s\u00fcrd\u00fcr\u00fclebilir uygulamalar\u0131n giderek daha fazla dahil edilmesini i\u00e7ermektedir. Bu, \u00e7evre dostu teknolojilerin uygulanmas\u0131n\u0131, yak\u0131t t\u00fcketiminin ve emisyonlar\u0131n en aza indirilmesini ve yat\u0131n ekolojik ayak izini azaltmak i\u00e7in \u00e7evre d\u00fczenlemelerine uymay\u0131 i\u00e7erir.<\/p>\n<p><strong>M\u00fcrettebat Y\u00f6netimi ve E\u011fitimi:<\/strong>\u00a0Teknik y\u00f6neticiler, teknik operasyonlardan ve bak\u0131mdan sorumlu m\u00fcrettebat \u00fcyelerinin i\u015fe al\u0131m\u0131n\u0131, e\u011fitimini ve performans de\u011ferlendirmesini denetler. M\u00fcrettebat \u00fcyelerinin g\u00f6revlerini etkin bir \u015fekilde yerine getirebilmeleri i\u00e7in gerekli beceri ve niteliklere sahip olmalar\u0131n\u0131 sa\u011flarlar.<\/p>\n<p>Genel olarak yat teknik y\u00f6netimi, geminin sorunsuz ve g\u00fcvenli \u00e7al\u0131\u015fmas\u0131n\u0131 sa\u011flamak i\u00e7in yat sistemleri, d\u00fczenlemeler ve en iyi uygulamalar\u0131n kapsaml\u0131 bir \u015fekilde anla\u015f\u0131lmas\u0131n\u0131 gerektiren \u00e7ok y\u00f6nl\u00fc bir rold\u00fcr.<\/p>\n","protected":false},"excerpt":{"rendered":"<p>Yatservis teknik y\u00f6netimi, g\u00fcvenli\u011fi, uyumlulu\u011fu, verimlili\u011fi, uygun bak\u0131m\u0131\u00a0 ve yat\u00e7\u0131l\u0131ktan keyif almay\u0131 sa\u011flamak i\u00e7in yat operasyonlar\u0131n\u0131n teknik y\u00f6nlerini denetlemeyi i\u00e7erir.\u00a0 Bunun neleri gerektirdi\u011fine s\u0131ralayabiliriz: Bak\u0131m ve Onar\u0131m:\u00a0 Teknik y\u00f6neticiler, t\u00fcm donan\u0131m olmak \u00fczere teknenin ana tahrikini sa\u011flayan ekipmanlar,\u00a0 tekne yelkenli ise\u00a0yelken donan\u0131m\u0131\u00a0 ve seyir sistemlerinin kontrolleri, tekne yap\u0131s\u0131 incelemeleri, seyir sistemleri g\u00fcncellemeleri, elektrik sistemleri bak\u0131m\u0131, &hellip; <a href=\"https:\/\/www.yatservis.com\/tr\/yat-teknik-yonetimi\/\" class=\"more-link\">Okumaya devam et<span class=\"screen-reader-text\"> &#8220;YAT TEKN\u0130K Y\u00d6NET\u0130M\u0130&#8221;<\/span><\/a><\/p>\n","protected":false},"author":1,"featured_media":0,"parent":0,"menu_order":4,"comment_status":"closed","ping_status":"closed","template":"","meta":{"footnotes":""},"yoast_head":"<!-- This site is optimized with the Yoast SEO plugin v24.5 - https:\/\/yoast.com\/wordpress\/plugins\/seo\/ -->\n<title>YAT TEKN\u0130K Y\u00d6NET\u0130M\u0130 - Yat Servis<\/title>\n<meta name=\"robots\" content=\"index, follow, max-snippet:-1, max-image-preview:large, max-video-preview:-1\" \/>\n<link rel=\"canonical\" href=\"https:\/\/www.yatservis.com\/tr\/yat-teknik-yonetimi\/\" \/>\n<meta property=\"og:locale\" content=\"tr_TR\" \/>\n<meta property=\"og:type\" content=\"article\" \/>\n<meta property=\"og:title\" content=\"YAT TEKN\u0130K Y\u00d6NET\u0130M\u0130 - Yat Servis\" \/>\n<meta property=\"og:description\" content=\"Yatservis teknik y\u00f6netimi, g\u00fcvenli\u011fi, uyumlulu\u011fu, verimlili\u011fi, uygun bak\u0131m\u0131\u00a0 ve yat\u00e7\u0131l\u0131ktan keyif almay\u0131 sa\u011flamak i\u00e7in yat operasyonlar\u0131n\u0131n teknik y\u00f6nlerini denetlemeyi i\u00e7erir.\u00a0 Bunun neleri gerektirdi\u011fine s\u0131ralayabiliriz: Bak\u0131m ve Onar\u0131m:\u00a0 Teknik y\u00f6neticiler, t\u00fcm donan\u0131m olmak \u00fczere teknenin ana tahrikini sa\u011flayan ekipmanlar,\u00a0 tekne yelkenli ise\u00a0yelken donan\u0131m\u0131\u00a0 ve seyir sistemlerinin kontrolleri, tekne yap\u0131s\u0131 incelemeleri, seyir sistemleri g\u00fcncellemeleri, elektrik sistemleri bak\u0131m\u0131, &hellip; Okumaya devam et &quot;YAT TEKN\u0130K Y\u00d6NET\u0130M\u0130&quot;\" \/>\n<meta property=\"og:url\" content=\"https:\/\/www.yatservis.com\/tr\/yat-teknik-yonetimi\/\" \/>\n<meta property=\"og:site_name\" content=\"Yat Servis\" \/>\n<meta property=\"article:modified_time\" content=\"2024-04-23T09:36:22+00:00\" \/>\n<meta name=\"twitter:card\" content=\"summary_large_image\" \/>\n<meta name=\"twitter:label1\" content=\"Tahmini okuma s\u00fcresi\" \/>\n\t<meta name=\"twitter:data1\" content=\"3 dakika\" \/>\n<script type=\"application\/ld+json\" class=\"yoast-schema-graph\">{\"@context\":\"https:\/\/schema.org\",\"@graph\":[{\"@type\":\"WebPage\",\"@id\":\"https:\/\/www.yatservis.com\/tr\/yat-teknik-yonetimi\/\",\"url\":\"https:\/\/www.yatservis.com\/tr\/yat-teknik-yonetimi\/\",\"name\":\"YAT TEKN\u0130K Y\u00d6NET\u0130M\u0130 - Yat Servis\",\"isPartOf\":{\"@id\":\"https:\/\/www.yatservis.com\/tr\/#website\"},\"datePublished\":\"2024-03-24T20:11:30+00:00\",\"dateModified\":\"2024-04-23T09:36:22+00:00\",\"breadcrumb\":{\"@id\":\"https:\/\/www.yatservis.com\/tr\/yat-teknik-yonetimi\/#breadcrumb\"},\"inLanguage\":\"tr\",\"potentialAction\":[{\"@type\":\"ReadAction\",\"target\":[\"https:\/\/www.yatservis.com\/tr\/yat-teknik-yonetimi\/\"]}]},{\"@type\":\"BreadcrumbList\",\"@id\":\"https:\/\/www.yatservis.com\/tr\/yat-teknik-yonetimi\/#breadcrumb\",\"itemListElement\":[{\"@type\":\"ListItem\",\"position\":1,\"name\":\"Home\",\"item\":\"https:\/\/www.yatservis.com\/tr\/\"},{\"@type\":\"ListItem\",\"position\":2,\"name\":\"YAT TEKN\u0130K Y\u00d6NET\u0130M\u0130\"}]},{\"@type\":\"WebSite\",\"@id\":\"https:\/\/www.yatservis.com\/tr\/#website\",\"url\":\"https:\/\/www.yatservis.com\/tr\/\",\"name\":\"Yat Servis\",\"description\":\"Marine Services\",\"publisher\":{\"@id\":\"https:\/\/www.yatservis.com\/tr\/#organization\"},\"potentialAction\":[{\"@type\":\"SearchAction\",\"target\":{\"@type\":\"EntryPoint\",\"urlTemplate\":\"https:\/\/www.yatservis.com\/tr\/?s={search_term_string}\"},\"query-input\":{\"@type\":\"PropertyValueSpecification\",\"valueRequired\":true,\"valueName\":\"search_term_string\"}}],\"inLanguage\":\"tr\"},{\"@type\":\"Organization\",\"@id\":\"https:\/\/www.yatservis.com\/tr\/#organization\",\"name\":\"Yat Servis\",\"url\":\"https:\/\/www.yatservis.com\/tr\/\",\"logo\":{\"@type\":\"ImageObject\",\"inLanguage\":\"tr\",\"@id\":\"https:\/\/www.yatservis.com\/tr\/#\/schema\/logo\/image\/\",\"url\":\"https:\/\/www.yatservis.com\/tr\/wp-content\/uploads\/2024\/04\/cropped-logo2.png\",\"contentUrl\":\"https:\/\/www.yatservis.com\/tr\/wp-content\/uploads\/2024\/04\/cropped-logo2.png\",\"width\":240,\"height\":64,\"caption\":\"Yat Servis\"},\"image\":{\"@id\":\"https:\/\/www.yatservis.com\/tr\/#\/schema\/logo\/image\/\"}}]}<\/script>\n<!-- \/ Yoast SEO plugin. -->","yoast_head_json":{"title":"YAT TEKN\u0130K Y\u00d6NET\u0130M\u0130 - Yat Servis","robots":{"index":"index","follow":"follow","max-snippet":"max-snippet:-1","max-image-preview":"max-image-preview:large","max-video-preview":"max-video-preview:-1"},"canonical":"https:\/\/www.yatservis.com\/tr\/yat-teknik-yonetimi\/","og_locale":"tr_TR","og_type":"article","og_title":"YAT TEKN\u0130K Y\u00d6NET\u0130M\u0130 - Yat Servis","og_description":"Yatservis teknik y\u00f6netimi, g\u00fcvenli\u011fi, uyumlulu\u011fu, verimlili\u011fi, uygun bak\u0131m\u0131\u00a0 ve yat\u00e7\u0131l\u0131ktan keyif almay\u0131 sa\u011flamak i\u00e7in yat operasyonlar\u0131n\u0131n teknik y\u00f6nlerini denetlemeyi i\u00e7erir.\u00a0 Bunun neleri gerektirdi\u011fine s\u0131ralayabiliriz: Bak\u0131m ve Onar\u0131m:\u00a0 Teknik y\u00f6neticiler, t\u00fcm donan\u0131m olmak \u00fczere teknenin ana tahrikini sa\u011flayan ekipmanlar,\u00a0 tekne yelkenli ise\u00a0yelken donan\u0131m\u0131\u00a0 ve seyir sistemlerinin kontrolleri, tekne yap\u0131s\u0131 incelemeleri, seyir sistemleri g\u00fcncellemeleri, elektrik sistemleri bak\u0131m\u0131, &hellip; Okumaya devam et \"YAT TEKN\u0130K Y\u00d6NET\u0130M\u0130\"","og_url":"https:\/\/www.yatservis.com\/tr\/yat-teknik-yonetimi\/","og_site_name":"Yat Servis","article_modified_time":"2024-04-23T09:36:22+00:00","twitter_card":"summary_large_image","twitter_misc":{"Tahmini okuma s\u00fcresi":"3 dakika"},"schema":{"@context":"https:\/\/schema.org","@graph":[{"@type":"WebPage","@id":"https:\/\/www.yatservis.com\/tr\/yat-teknik-yonetimi\/","url":"https:\/\/www.yatservis.com\/tr\/yat-teknik-yonetimi\/","name":"YAT TEKN\u0130K Y\u00d6NET\u0130M\u0130 - Yat Servis","isPartOf":{"@id":"https:\/\/www.yatservis.com\/tr\/#website"},"datePublished":"2024-03-24T20:11:30+00:00","dateModified":"2024-04-23T09:36:22+00:00","breadcrumb":{"@id":"https:\/\/www.yatservis.com\/tr\/yat-teknik-yonetimi\/#breadcrumb"},"inLanguage":"tr","potentialAction":[{"@type":"ReadAction","target":["https:\/\/www.yatservis.com\/tr\/yat-teknik-yonetimi\/"]}]},{"@type":"BreadcrumbList","@id":"https:\/\/www.yatservis.com\/tr\/yat-teknik-yonetimi\/#breadcrumb","itemListElement":[{"@type":"ListItem","position":1,"name":"Home","item":"https:\/\/www.yatservis.com\/tr\/"},{"@type":"ListItem","position":2,"name":"YAT TEKN\u0130K Y\u00d6NET\u0130M\u0130"}]},{"@type":"WebSite","@id":"https:\/\/www.yatservis.com\/tr\/#website","url":"https:\/\/www.yatservis.com\/tr\/","name":"Yat Servis","description":"Marine Services","publisher":{"@id":"https:\/\/www.yatservis.com\/tr\/#organization"},"potentialAction":[{"@type":"SearchAction","target":{"@type":"EntryPoint","urlTemplate":"https:\/\/www.yatservis.com\/tr\/?s={search_term_string}"},"query-input":{"@type":"PropertyValueSpecification","valueRequired":true,"valueName":"search_term_string"}}],"inLanguage":"tr"},{"@type":"Organization","@id":"https:\/\/www.yatservis.com\/tr\/#organization","name":"Yat Servis","url":"https:\/\/www.yatservis.com\/tr\/","logo":{"@type":"ImageObject","inLanguage":"tr","@id":"https:\/\/www.yatservis.com\/tr\/#\/schema\/logo\/image\/","url":"https:\/\/www.yatservis.com\/tr\/wp-content\/uploads\/2024\/04\/cropped-logo2.png","contentUrl":"https:\/\/www.yatservis.com\/tr\/wp-content\/uploads\/2024\/04\/cropped-logo2.png","width":240,"height":64,"caption":"Yat Servis"},"image":{"@id":"https:\/\/www.yatservis.com\/tr\/#\/schema\/logo\/image\/"}}]}},"_links":{"self":[{"href":"https:\/\/www.yatservis.com\/tr\/wp-json\/wp\/v2\/pages\/88"}],"collection":[{"href":"https:\/\/www.yatservis.com\/tr\/wp-json\/wp\/v2\/pages"}],"about":[{"href":"https:\/\/www.yatservis.com\/tr\/wp-json\/wp\/v2\/types\/page"}],"author":[{"embeddable":true,"href":"https:\/\/www.yatservis.com\/tr\/wp-json\/wp\/v2\/users\/1"}],"replies":[{"embeddable":true,"href":"https:\/\/www.yatservis.com\/tr\/wp-json\/wp\/v2\/comments?post=88"}],"version-history":[{"count":11,"href":"https:\/\/www.yatservis.com\/tr\/wp-json\/wp\/v2\/pages\/88\/revisions"}],"predecessor-version":[{"id":236,"href":"https:\/\/www.yatservis.com\/tr\/wp-json\/wp\/v2\/pages\/88\/revisions\/236"}],"wp:attachment":[{"href":"https:\/\/www.yatservis.com\/tr\/wp-json\/wp\/v2\/media?parent=88"}],"curies":[{"name":"wp","href":"https:\/\/api.w.org\/{rel}","templated":true}]}}