{"id":90,"date":"2024-03-24T23:17:38","date_gmt":"2024-03-24T20:17:38","guid":{"rendered":"https:\/\/www.yatservis.com\/tr\/?page_id=90"},"modified":"2024-04-25T21:18:58","modified_gmt":"2024-04-25T18:18:58","slug":"makine-servisi","status":"publish","type":"page","link":"https:\/\/www.yatservis.com\/tr\/makine-servisi\/","title":{"rendered":"MAK\u0130NE SERV\u0130S\u0130"},"content":{"rendered":"<h2>Yatlar ve Gemiler i\u00e7in Ana Makine, Jenerat\u00f6r, \u015eanz\u0131man Pervane Sistemleri , CPP ve Genel Servis<\/h2>\n<p>Yatlara ve ticari gemilere y\u00f6nelik bak\u0131m ve revizyon hizmetleri denizcilik teknik sistemlerinde uzman m\u00fchendislik ekibimiz taraf\u0131ndan ger\u00e7ekle\u015ftirilir. Pahal\u0131 ar\u0131zalar\u0131 \u00f6nlemek ve yat\u0131n veya geminin g\u00fcvenli\u011fini ve verimli y\u00f6netimini sa\u011flamak i\u00e7in d\u00fczenli bak\u0131m ve denetimlerin planlanmas\u0131 tavsiye edilir.<br \/>\nBu, Yatservis ekibinin t\u00fcm sistemlerin g\u00fcvenli ve verimli \u00e7al\u0131\u015fmas\u0131n\u0131 sa\u011flamay\u0131 ama\u00e7layan kritik bir bak\u0131m prosed\u00fcr\u00fc d\u00fcr. Zamanla s\u00fcrekli kullan\u0131m, zorlu deniz ortamlar\u0131na maruz kalma veya yetersiz bak\u0131m nedeniyle ana bile\u015fenler a\u015f\u0131nabilir. Bak\u0131m, \u00fcnitenin optimum performansa kavu\u015fturulmas\u0131 ve \u00f6mr\u00fcn\u00fcn uzat\u0131lmas\u0131 i\u00e7in s\u00f6k\u00fclmesini, incelenmesini, onar\u0131lmas\u0131n\u0131 ve yeniden monte edilmesini i\u00e7erir.<\/p>\n<p>Bir bak\u0131m servisinde yer alan temel ad\u0131mlar \u015funlar\u0131 i\u00e7erir:<\/p>\n<p>Bak\u0131m ve onar\u0131mlarda \u00fcretici k\u0131lavuzlar\u0131ndaki tavsiyeleri harfiyen uygulan\u0131r.<\/p>\n<p>Koruyucu bak\u0131ma inan\u0131yoruz ve bu s\u00fcreci T\u00fcrk denizcilik sekt\u00f6r\u00fcne tan\u0131tmay\u0131 hedefliyoruz.<\/p>\n<p>\u0130lk De\u011ferlendirme:\u00a0 \u00a0A\u015f\u0131nma ve hasar\u0131n boyutunu belirlemek i\u00e7in\u00a0 motor, jenerat\u00f6r, di\u015fli kutusu, pervane, CPP veya ba\u015fka bir ekipman incelenir. Bu de\u011ferlendirme, revizyon s\u00fcrecinin planlanmas\u0131na ve gerekli par\u00e7a ve kaynaklar\u0131n belirlenmesine yard\u0131mc\u0131 olur.\u00a0 Bir \u00f6n rapor haz\u0131rlan\u0131r, teklif edilen hizmetlerin i\u00e7eri\u011fi ve fiyatland\u0131rmas\u0131 i\u00e7in tekne sahibinden onay al\u0131n\u0131r, hizmet yap\u0131l\u0131r ve nihai bir rapor sunulur. Bu ad\u0131mlar\u0131n s\u0131ras\u0131na harfiyen uyulur ve ileti\u015fimimiz her zaman yaz\u0131l\u0131 olur.<\/p>\n<p><span style=\"font-family: arial, sans-serif; font-size: large;\">S\u00f6kme: Ekipman dikkatlice s\u00f6k\u00fcl\u00fcr ve her bile\u015fen a\u015f\u0131nma, hasar veya ar\u0131za belirtileri a\u00e7\u0131s\u0131ndan incelenir. A\u015f\u0131nm\u0131\u015f veya hasar g\u00f6rm\u00fc\u015f par\u00e7alar tamir veya de\u011fi\u015ftirme i\u00e7in belirlenir.<\/span><\/p>\n<p>Temizleme ve Haz\u0131rl\u0131k: Motor bloklar\u0131, silindirler, pistonlar, valfler ve yataklar dahil t\u00fcm bile\u015fenler kir, d\u00f6k\u00fcnt\u00fc ve kal\u0131nt\u0131lar\u0131n giderilmesi i\u00e7in iyice temizlenir. Y\u00fczey haz\u0131rl\u0131\u011f\u0131 ayr\u0131ca di\u015fliler, miller, yataklar, contalar, yataklar ve ya\u011flama sistemleri i\u00e7in uygun toleranslar\u0131 yeniden sa\u011flamak amac\u0131yla i\u015fleme veya honlamay\u0131 da i\u00e7erebilir. Bile\u015fenler onar\u0131m veya de\u011fi\u015ftirme i\u00e7in etiketlenir ve d\u00fczenlenir.<\/p>\n<p>Onar\u0131m ve De\u011fi\u015ftirme: A\u015f\u0131nm\u0131\u015f veya hasar g\u00f6rm\u00fc\u015f bile\u015fenler onar\u0131l\u0131r veya yeni veya yenilenmi\u015f par\u00e7alarla de\u011fi\u015ftirilir. Bu, silindirin honlanmas\u0131n\u0131, piston segman\u0131n\u0131n de\u011fi\u015ftirilmesini, valf yata\u011f\u0131n\u0131n ta\u015flanmas\u0131n\u0131, rulman\u0131n de\u011fi\u015ftirilmesini ve krank milinin parlat\u0131lmas\u0131n\u0131 veya i\u015flenmesini i\u00e7erebilir.<br \/>\nMuayeneler di\u015fli di\u015finin yeniden doldurulmas\u0131n\u0131,\u00a0yata\u011f\u0131n de\u011fi\u015ftirilmesini, contan\u0131n de\u011fi\u015ftirilmesini, \u015faft\u0131n d\u00fczle\u015ftirilmesini ve mahfazan\u0131n onar\u0131lmas\u0131n\u0131 gerektirebilir. Bile\u015fenler \u00fcretici spesifikasyonlar\u0131na ve toleranslar\u0131na g\u00f6re monte edilir.<\/p>\n<p>Yeniden Montaj: Gerekli t\u00fcm onar\u0131mlar ve de\u011fi\u015ftirmeler tamamland\u0131ktan sonra \u00fcnite, \u00fcretici spesifikasyonlar\u0131na ve toleranslar\u0131na uygun olarak yeniden monte edilir. \u00dcnitenin sorunsuz \u00e7al\u0131\u015fmas\u0131n\u0131 sa\u011flamak i\u00e7in uygun tork ayarlar\u0131 ve hizalama prosed\u00fcrleri takip edilir.<\/p>\n<p>S\u0131z\u0131nt\u0131lar\u0131 \u00f6nlemek ve uygun ya\u011flamay\u0131 sa\u011flamak i\u00e7in contalar, ke\u00e7eler ve yataklar dikkatle tak\u0131l\u0131r.<\/p>\n<p><span style=\"font-family: arial, sans-serif; font-size: large;\">Test ve Ayarlama: Yenilenen ekipman, performans\u0131n\u0131, g\u00fcvenilirli\u011fini ve g\u00fcvenlik standartlar\u0131na uygunlu\u011funu do\u011frulamak i\u00e7in s\u0131k\u0131 testlere tabi tutulur. Bu, titre\u015fimleri, s\u0131z\u0131nt\u0131lar\u0131 veya anormal sesleri kontrol etmek i\u00e7in \u00fcnite \u00e7e\u015fitli h\u0131zlarda ve y\u00fcklerde \u00e7al\u0131\u015ft\u0131rmay\u0131 i\u00e7erebilir. Yak\u0131t verimlili\u011fini ve g\u00fc\u00e7 \u00e7\u0131k\u0131\u015f\u0131n\u0131 optimize etmek i\u00e7in ayarlama ayarlamalar\u0131 yap\u0131labilir.<\/span><\/p>\n<p><span style=\"font-family: arial, sans-serif; font-size: large;\">Dok\u00fcmantasyon ve Bak\u0131m: De\u011fi\u015ftirilen par\u00e7alar, yap\u0131lan onar\u0131mlar ve test sonu\u00e7lar\u0131 da dahil olmak \u00fczere revizyon s\u00fcrecinin kapsaml\u0131 dok\u00fcmantasyonu \u00fcr\u00fcn sahibine veya operat\u00f6re sa\u011flan\u0131r. S\u00fcrekli g\u00fcvenilirlik ve performans\u0131n sa\u011flanmas\u0131 i\u00e7in t\u00fcm \u00fcnitelerin devam eden bak\u0131m ve bak\u0131m\u0131na ili\u015fkin \u00f6neriler de sunulmaktad\u0131r. Bir deniz arac\u0131n\u0131n servis kay\u0131tlar\u0131, bak\u0131m\u0131 a\u00e7\u0131s\u0131ndan hayati \u00f6neme sahiptir. Bu ama\u00e7la teknenizin\/geminizin kay\u0131tlar\u0131, ileride ya\u015fanabilecek sorunlar\u0131n tespit edilmesi ve uygun \u00e7\u00f6z\u00fcmlerin sa\u011flanmas\u0131 amac\u0131yla \u015firket dosyalar\u0131m\u0131zda ar\u015fivlenmektedir.<\/span><\/p>\n<p>Berg MTA CPP Azimuth Thruster Overhoul<\/p>\n<div id='gallery-1' class='gallery galleryid-90 gallery-columns-4 gallery-size-thumbnail'><figure class='gallery-item'>\n\t\t\t<div class='gallery-icon portrait'>\n\t\t\t\t<a href='https:\/\/www.yatservis.com\/tr\/wp-content\/uploads\/2024\/04\/Berg-MTA-CPP-Azimuth-Thruster-Overhoul1.jpeg'><img loading=\"lazy\" decoding=\"async\" width=\"150\" height=\"150\" src=\"https:\/\/www.yatservis.com\/tr\/wp-content\/uploads\/2024\/04\/Berg-MTA-CPP-Azimuth-Thruster-Overhoul1-150x150.jpeg\" class=\"attachment-thumbnail size-thumbnail\" alt=\"\" \/><\/a>\n\t\t\t<\/div><\/figure><figure class='gallery-item'>\n\t\t\t<div class='gallery-icon portrait'>\n\t\t\t\t<a href='https:\/\/www.yatservis.com\/tr\/wp-content\/uploads\/2024\/04\/Berg-MTA-CPP-Azimuth-Thruster-Overhoul2.jpeg'><img loading=\"lazy\" decoding=\"async\" width=\"150\" height=\"150\" src=\"https:\/\/www.yatservis.com\/tr\/wp-content\/uploads\/2024\/04\/Berg-MTA-CPP-Azimuth-Thruster-Overhoul2-150x150.jpeg\" class=\"attachment-thumbnail size-thumbnail\" alt=\"\" \/><\/a>\n\t\t\t<\/div><\/figure><figure class='gallery-item'>\n\t\t\t<div class='gallery-icon portrait'>\n\t\t\t\t<a href='https:\/\/www.yatservis.com\/tr\/wp-content\/uploads\/2024\/04\/Berg-MTA-CPP-Azimuth-Thruster-Overhoul3.jpeg'><img loading=\"lazy\" decoding=\"async\" width=\"150\" height=\"150\" src=\"https:\/\/www.yatservis.com\/tr\/wp-content\/uploads\/2024\/04\/Berg-MTA-CPP-Azimuth-Thruster-Overhoul3-150x150.jpeg\" class=\"attachment-thumbnail size-thumbnail\" alt=\"\" \/><\/a>\n\t\t\t<\/div><\/figure>\n\t\t<\/div>\n\n<p>MAN STX 9L 28\/32 Overhoul<\/p>\n<div id='gallery-2' class='gallery galleryid-90 gallery-columns-4 gallery-size-thumbnail'><figure class='gallery-item'>\n\t\t\t<div class='gallery-icon portrait'>\n\t\t\t\t<a href='https:\/\/www.yatservis.com\/tr\/wp-content\/uploads\/2024\/04\/MAN-STX-9L-28-32-Overhoul1.jpeg'><img loading=\"lazy\" decoding=\"async\" width=\"150\" height=\"150\" src=\"https:\/\/www.yatservis.com\/tr\/wp-content\/uploads\/2024\/04\/MAN-STX-9L-28-32-Overhoul1-150x150.jpeg\" class=\"attachment-thumbnail size-thumbnail\" alt=\"\" \/><\/a>\n\t\t\t<\/div><\/figure><figure class='gallery-item'>\n\t\t\t<div class='gallery-icon portrait'>\n\t\t\t\t<a href='https:\/\/www.yatservis.com\/tr\/wp-content\/uploads\/2024\/04\/MAN-STX-9L-28-32-Overhoul2.jpeg'><img loading=\"lazy\" decoding=\"async\" width=\"150\" height=\"150\" src=\"https:\/\/www.yatservis.com\/tr\/wp-content\/uploads\/2024\/04\/MAN-STX-9L-28-32-Overhoul2-150x150.jpeg\" class=\"attachment-thumbnail size-thumbnail\" alt=\"\" \/><\/a>\n\t\t\t<\/div><\/figure><figure class='gallery-item'>\n\t\t\t<div class='gallery-icon portrait'>\n\t\t\t\t<a href='https:\/\/www.yatservis.com\/tr\/wp-content\/uploads\/2024\/04\/MAN-STX-9L-28-32-Overhoul3.jpg'><img loading=\"lazy\" decoding=\"async\" width=\"150\" height=\"150\" src=\"https:\/\/www.yatservis.com\/tr\/wp-content\/uploads\/2024\/04\/MAN-STX-9L-28-32-Overhoul3-150x150.jpg\" class=\"attachment-thumbnail size-thumbnail\" alt=\"\" \/><\/a>\n\t\t\t<\/div><\/figure><figure class='gallery-item'>\n\t\t\t<div class='gallery-icon portrait'>\n\t\t\t\t<a href='https:\/\/www.yatservis.com\/tr\/wp-content\/uploads\/2024\/04\/MAN-STX-9L-28-32-Overhoul4.jpg'><img loading=\"lazy\" decoding=\"async\" width=\"150\" height=\"150\" src=\"https:\/\/www.yatservis.com\/tr\/wp-content\/uploads\/2024\/04\/MAN-STX-9L-28-32-Overhoul4-150x150.jpg\" class=\"attachment-thumbnail size-thumbnail\" alt=\"\" \/><\/a>\n\t\t\t<\/div><\/figure>\n\t\t<\/div>\n\n<p>&nbsp;<\/p>\n<p>MaK 6 M 25 Overhoul<\/p>\n<div id='gallery-3' class='gallery galleryid-90 gallery-columns-4 gallery-size-thumbnail'><figure class='gallery-item'>\n\t\t\t<div class='gallery-icon landscape'>\n\t\t\t\t<a href='https:\/\/www.yatservis.com\/tr\/makine-servisi\/mak-6m-25-grubie1\/'><img loading=\"lazy\" decoding=\"async\" width=\"150\" height=\"150\" src=\"https:\/\/www.yatservis.com\/tr\/wp-content\/uploads\/2024\/04\/MaK-6M-25-Grubie1-150x150.jpeg\" class=\"attachment-thumbnail size-thumbnail\" alt=\"\" \/><\/a>\n\t\t\t<\/div><\/figure><figure class='gallery-item'>\n\t\t\t<div class='gallery-icon landscape'>\n\t\t\t\t<a href='https:\/\/www.yatservis.com\/tr\/makine-servisi\/mak-6m-25-grubie2\/'><img loading=\"lazy\" decoding=\"async\" width=\"150\" height=\"150\" src=\"https:\/\/www.yatservis.com\/tr\/wp-content\/uploads\/2024\/04\/MaK-6M-25-Grubie2-150x150.jpeg\" class=\"attachment-thumbnail size-thumbnail\" alt=\"\" \/><\/a>\n\t\t\t<\/div><\/figure>\n\t\t<\/div>\n\n<p><strong>MaK, MAN, Catterpillar, Cummins, Daihatsu, Yanmar, Volvo Penta, ZF, Berg, Schottel<\/strong><\/p>\n<p>&nbsp;<\/p>\n","protected":false},"excerpt":{"rendered":"<p>Yatlar ve Gemiler i\u00e7in Ana Makine, Jenerat\u00f6r, \u015eanz\u0131man Pervane Sistemleri , CPP ve Genel Servis Yatlara ve ticari gemilere y\u00f6nelik bak\u0131m ve revizyon hizmetleri denizcilik teknik sistemlerinde uzman m\u00fchendislik ekibimiz taraf\u0131ndan ger\u00e7ekle\u015ftirilir. Pahal\u0131 ar\u0131zalar\u0131 \u00f6nlemek ve yat\u0131n veya geminin g\u00fcvenli\u011fini ve verimli y\u00f6netimini sa\u011flamak i\u00e7in d\u00fczenli bak\u0131m ve denetimlerin planlanmas\u0131 tavsiye edilir. Bu, Yatservis ekibinin &hellip; <a href=\"https:\/\/www.yatservis.com\/tr\/makine-servisi\/\" class=\"more-link\">Okumaya devam et<span class=\"screen-reader-text\"> &#8220;MAK\u0130NE SERV\u0130S\u0130&#8221;<\/span><\/a><\/p>\n","protected":false},"author":1,"featured_media":0,"parent":0,"menu_order":5,"comment_status":"closed","ping_status":"closed","template":"","meta":{"footnotes":""},"yoast_head":"<!-- This site is optimized with the Yoast SEO plugin v24.5 - https:\/\/yoast.com\/wordpress\/plugins\/seo\/ -->\n<title>MAK\u0130NE SERV\u0130S\u0130 - Yat Servis<\/title>\n<meta name=\"robots\" content=\"index, follow, max-snippet:-1, max-image-preview:large, max-video-preview:-1\" \/>\n<link rel=\"canonical\" href=\"https:\/\/www.yatservis.com\/tr\/makine-servisi\/\" \/>\n<meta property=\"og:locale\" content=\"tr_TR\" \/>\n<meta property=\"og:type\" content=\"article\" \/>\n<meta property=\"og:title\" content=\"MAK\u0130NE SERV\u0130S\u0130 - Yat Servis\" \/>\n<meta property=\"og:description\" content=\"Yatlar ve Gemiler i\u00e7in Ana Makine, Jenerat\u00f6r, \u015eanz\u0131man Pervane Sistemleri , CPP ve Genel Servis Yatlara ve ticari gemilere y\u00f6nelik bak\u0131m ve revizyon hizmetleri denizcilik teknik sistemlerinde uzman m\u00fchendislik ekibimiz taraf\u0131ndan ger\u00e7ekle\u015ftirilir. Pahal\u0131 ar\u0131zalar\u0131 \u00f6nlemek ve yat\u0131n veya geminin g\u00fcvenli\u011fini ve verimli y\u00f6netimini sa\u011flamak i\u00e7in d\u00fczenli bak\u0131m ve denetimlerin planlanmas\u0131 tavsiye edilir. Bu, Yatservis ekibinin &hellip; Okumaya devam et &quot;MAK\u0130NE SERV\u0130S\u0130&quot;\" \/>\n<meta property=\"og:url\" content=\"https:\/\/www.yatservis.com\/tr\/makine-servisi\/\" \/>\n<meta property=\"og:site_name\" content=\"Yat Servis\" \/>\n<meta property=\"article:modified_time\" content=\"2024-04-25T18:18:58+00:00\" \/>\n<meta property=\"og:image\" content=\"https:\/\/www.yatservis.com\/tr\/wp-content\/uploads\/2024\/04\/Berg-MTA-CPP-Azimuth-Thruster-Overhoul1-150x150.jpeg\" \/>\n<meta name=\"twitter:card\" content=\"summary_large_image\" \/>\n<meta name=\"twitter:label1\" content=\"Tahmini okuma s\u00fcresi\" \/>\n\t<meta name=\"twitter:data1\" content=\"4 dakika\" \/>\n<script type=\"application\/ld+json\" class=\"yoast-schema-graph\">{\"@context\":\"https:\/\/schema.org\",\"@graph\":[{\"@type\":\"WebPage\",\"@id\":\"https:\/\/www.yatservis.com\/tr\/makine-servisi\/\",\"url\":\"https:\/\/www.yatservis.com\/tr\/makine-servisi\/\",\"name\":\"MAK\u0130NE SERV\u0130S\u0130 - Yat Servis\",\"isPartOf\":{\"@id\":\"https:\/\/www.yatservis.com\/tr\/#website\"},\"datePublished\":\"2024-03-24T20:17:38+00:00\",\"dateModified\":\"2024-04-25T18:18:58+00:00\",\"breadcrumb\":{\"@id\":\"https:\/\/www.yatservis.com\/tr\/makine-servisi\/#breadcrumb\"},\"inLanguage\":\"tr\",\"potentialAction\":[{\"@type\":\"ReadAction\",\"target\":[\"https:\/\/www.yatservis.com\/tr\/makine-servisi\/\"]}]},{\"@type\":\"BreadcrumbList\",\"@id\":\"https:\/\/www.yatservis.com\/tr\/makine-servisi\/#breadcrumb\",\"itemListElement\":[{\"@type\":\"ListItem\",\"position\":1,\"name\":\"Home\",\"item\":\"https:\/\/www.yatservis.com\/tr\/\"},{\"@type\":\"ListItem\",\"position\":2,\"name\":\"MAK\u0130NE SERV\u0130S\u0130\"}]},{\"@type\":\"WebSite\",\"@id\":\"https:\/\/www.yatservis.com\/tr\/#website\",\"url\":\"https:\/\/www.yatservis.com\/tr\/\",\"name\":\"Yat Servis\",\"description\":\"Marine Services\",\"publisher\":{\"@id\":\"https:\/\/www.yatservis.com\/tr\/#organization\"},\"potentialAction\":[{\"@type\":\"SearchAction\",\"target\":{\"@type\":\"EntryPoint\",\"urlTemplate\":\"https:\/\/www.yatservis.com\/tr\/?s={search_term_string}\"},\"query-input\":{\"@type\":\"PropertyValueSpecification\",\"valueRequired\":true,\"valueName\":\"search_term_string\"}}],\"inLanguage\":\"tr\"},{\"@type\":\"Organization\",\"@id\":\"https:\/\/www.yatservis.com\/tr\/#organization\",\"name\":\"Yat Servis\",\"url\":\"https:\/\/www.yatservis.com\/tr\/\",\"logo\":{\"@type\":\"ImageObject\",\"inLanguage\":\"tr\",\"@id\":\"https:\/\/www.yatservis.com\/tr\/#\/schema\/logo\/image\/\",\"url\":\"https:\/\/www.yatservis.com\/tr\/wp-content\/uploads\/2024\/04\/cropped-logo2.png\",\"contentUrl\":\"https:\/\/www.yatservis.com\/tr\/wp-content\/uploads\/2024\/04\/cropped-logo2.png\",\"width\":240,\"height\":64,\"caption\":\"Yat Servis\"},\"image\":{\"@id\":\"https:\/\/www.yatservis.com\/tr\/#\/schema\/logo\/image\/\"}}]}<\/script>\n<!-- \/ Yoast SEO plugin. -->","yoast_head_json":{"title":"MAK\u0130NE SERV\u0130S\u0130 - Yat Servis","robots":{"index":"index","follow":"follow","max-snippet":"max-snippet:-1","max-image-preview":"max-image-preview:large","max-video-preview":"max-video-preview:-1"},"canonical":"https:\/\/www.yatservis.com\/tr\/makine-servisi\/","og_locale":"tr_TR","og_type":"article","og_title":"MAK\u0130NE SERV\u0130S\u0130 - Yat Servis","og_description":"Yatlar ve Gemiler i\u00e7in Ana Makine, Jenerat\u00f6r, \u015eanz\u0131man Pervane Sistemleri , CPP ve Genel Servis Yatlara ve ticari gemilere y\u00f6nelik bak\u0131m ve revizyon hizmetleri denizcilik teknik sistemlerinde uzman m\u00fchendislik ekibimiz taraf\u0131ndan ger\u00e7ekle\u015ftirilir. Pahal\u0131 ar\u0131zalar\u0131 \u00f6nlemek ve yat\u0131n veya geminin g\u00fcvenli\u011fini ve verimli y\u00f6netimini sa\u011flamak i\u00e7in d\u00fczenli bak\u0131m ve denetimlerin planlanmas\u0131 tavsiye edilir. Bu, Yatservis ekibinin &hellip; Okumaya devam et \"MAK\u0130NE SERV\u0130S\u0130\"","og_url":"https:\/\/www.yatservis.com\/tr\/makine-servisi\/","og_site_name":"Yat Servis","article_modified_time":"2024-04-25T18:18:58+00:00","og_image":[{"url":"https:\/\/www.yatservis.com\/tr\/wp-content\/uploads\/2024\/04\/Berg-MTA-CPP-Azimuth-Thruster-Overhoul1-150x150.jpeg","type":"","width":"","height":""}],"twitter_card":"summary_large_image","twitter_misc":{"Tahmini okuma s\u00fcresi":"4 dakika"},"schema":{"@context":"https:\/\/schema.org","@graph":[{"@type":"WebPage","@id":"https:\/\/www.yatservis.com\/tr\/makine-servisi\/","url":"https:\/\/www.yatservis.com\/tr\/makine-servisi\/","name":"MAK\u0130NE SERV\u0130S\u0130 - Yat Servis","isPartOf":{"@id":"https:\/\/www.yatservis.com\/tr\/#website"},"datePublished":"2024-03-24T20:17:38+00:00","dateModified":"2024-04-25T18:18:58+00:00","breadcrumb":{"@id":"https:\/\/www.yatservis.com\/tr\/makine-servisi\/#breadcrumb"},"inLanguage":"tr","potentialAction":[{"@type":"ReadAction","target":["https:\/\/www.yatservis.com\/tr\/makine-servisi\/"]}]},{"@type":"BreadcrumbList","@id":"https:\/\/www.yatservis.com\/tr\/makine-servisi\/#breadcrumb","itemListElement":[{"@type":"ListItem","position":1,"name":"Home","item":"https:\/\/www.yatservis.com\/tr\/"},{"@type":"ListItem","position":2,"name":"MAK\u0130NE SERV\u0130S\u0130"}]},{"@type":"WebSite","@id":"https:\/\/www.yatservis.com\/tr\/#website","url":"https:\/\/www.yatservis.com\/tr\/","name":"Yat Servis","description":"Marine Services","publisher":{"@id":"https:\/\/www.yatservis.com\/tr\/#organization"},"potentialAction":[{"@type":"SearchAction","target":{"@type":"EntryPoint","urlTemplate":"https:\/\/www.yatservis.com\/tr\/?s={search_term_string}"},"query-input":{"@type":"PropertyValueSpecification","valueRequired":true,"valueName":"search_term_string"}}],"inLanguage":"tr"},{"@type":"Organization","@id":"https:\/\/www.yatservis.com\/tr\/#organization","name":"Yat Servis","url":"https:\/\/www.yatservis.com\/tr\/","logo":{"@type":"ImageObject","inLanguage":"tr","@id":"https:\/\/www.yatservis.com\/tr\/#\/schema\/logo\/image\/","url":"https:\/\/www.yatservis.com\/tr\/wp-content\/uploads\/2024\/04\/cropped-logo2.png","contentUrl":"https:\/\/www.yatservis.com\/tr\/wp-content\/uploads\/2024\/04\/cropped-logo2.png","width":240,"height":64,"caption":"Yat Servis"},"image":{"@id":"https:\/\/www.yatservis.com\/tr\/#\/schema\/logo\/image\/"}}]}},"_links":{"self":[{"href":"https:\/\/www.yatservis.com\/tr\/wp-json\/wp\/v2\/pages\/90"}],"collection":[{"href":"https:\/\/www.yatservis.com\/tr\/wp-json\/wp\/v2\/pages"}],"about":[{"href":"https:\/\/www.yatservis.com\/tr\/wp-json\/wp\/v2\/types\/page"}],"author":[{"embeddable":true,"href":"https:\/\/www.yatservis.com\/tr\/wp-json\/wp\/v2\/users\/1"}],"replies":[{"embeddable":true,"href":"https:\/\/www.yatservis.com\/tr\/wp-json\/wp\/v2\/comments?post=90"}],"version-history":[{"count":14,"href":"https:\/\/www.yatservis.com\/tr\/wp-json\/wp\/v2\/pages\/90\/revisions"}],"predecessor-version":[{"id":281,"href":"https:\/\/www.yatservis.com\/tr\/wp-json\/wp\/v2\/pages\/90\/revisions\/281"}],"wp:attachment":[{"href":"https:\/\/www.yatservis.com\/tr\/wp-json\/wp\/v2\/media?parent=90"}],"curies":[{"name":"wp","href":"https:\/\/api.w.org\/{rel}","templated":true}]}}