{"id":92,"date":"2024-03-24T23:19:24","date_gmt":"2024-03-24T20:19:24","guid":{"rendered":"https:\/\/www.yatservis.com\/tr\/?page_id=92"},"modified":"2024-04-25T21:23:12","modified_gmt":"2024-04-25T18:23:12","slug":"yat-tescili","status":"publish","type":"page","link":"https:\/\/www.yatservis.com\/tr\/yat-tescili\/","title":{"rendered":"YAT TESC\u0130L\u0130"},"content":{"rendered":"<h2><span style=\"font-family: 'trebuchet ms', geneva;\"><em><strong>Marshall Islands, Liberia, Panama, Malta, UK<\/strong><\/em><\/span><\/h2>\n<p><strong>Yat\u0131n\u0131z i\u00e7in Bayrak Devleti Tescil i\u015flemlerini Yatservis Yap\u0131yor.<\/strong><\/p>\n<p>Yeni ald\u0131\u011f\u0131n\u0131z veya in\u015fa ettirdi\u011finiz tekneyi sizin ad\u0131n\u0131za tescil ettirir ve Bayrak Devleti se\u00e7imini beraber yapabiliriz.<\/p>\n<p>Mevcut teknenizin Bayra\u011f\u0131n\u0131 de\u011fi\u015ftirmek isterseniz veya de\u011fi\u015ftirmeye mecbursan\u0131z Yatservis hizmetinizde. Yabanc\u0131 bayrak tescil i\u015flemlerini beraber yapar kay\u0131tlar\u0131 tutman\u0131zda prosed\u00fcrlerin yerine getirilmesinde yard\u0131mc\u0131 oluruz.<\/p>\n<p>Teknenizin yabanc\u0131 bayra\u011f\u0131 i\u00e7in gerekli, o \u00fclkede kurman\u0131z gereken \u015firket i\u015flemlerine de Yatservis arac\u0131 olur.<\/p>\n<p>\u00c7ok yak\u0131n\u0131m\u0131zda veya uzaklardaki uluslararas\u0131 sularda rahat seyretmek ve limanlara marinalara sorunsuz girmek mi istiyorsunuz?<\/p>\n<p>Gereksiz prosed\u00fcrlerden vergilerden ve teknik i\u015flerdek bilgi kirlili\u011finden b\u0131kt\u0131ysan\u0131z Yatservis\u2019in tavsiyelerini alabilirsiniz.<\/p>\n<p>Amerikan Bayra\u011f\u0131 dahil bir\u00e7ok bayrak belirli periyotlar ile kendi sular\u0131na giri\u015f \u015fart\u0131 koyar. Hatta o devletin vatanda\u015f\u0131 olman\u0131z \u015fartt\u0131r.<\/p>\n<p>Kendi sular\u0131na giri\u015f \u015fart\u0131 olmayan Bayrak Devleti\u2019ni beraber se\u00e7er t\u00fcm i\u015flemlerini sizin ad\u0131n\u0131za beraber yapabiliriz.<\/p>\n<p>T\u00fcrkiye\u2019de yabanc\u0131 bayrakl\u0131 bir yat 5 sene kalabilir. 5 sene sonunda yabanc\u0131 bir \u00fclke Liman\u0131na en az\u0131ndan bir kez gidilmesi gerekir. Yatservis sizin i\u00e7in bu gidi\u015f geli\u015fi tecr\u00fcbeli Kaptanlar\u0131 ile yapabilir.<\/p>\n<p><strong>Yat \/Gemi Tescili, Ba\u011flama K\u00fct\u00fc\u011f\u00fc \u0130\u015flemleri<\/strong><\/p>\n<p>Yat sicili veya yat sicil veritaban\u0131 olarak da bilinen yat sicili, bir devlet kurumu veya yetkili bir kurulu\u015f taraf\u0131ndan tutulan, yatlar ve gemiler hakk\u0131ndaki m\u00fclkiyeti, tescili ve di\u011fer ilgili bilgileri belgeleyen resmi bir kay\u0131tt\u0131r. Tipik olarak neleri i\u00e7erdi\u011finin bir d\u00f6k\u00fcm\u00fc a\u015fa\u011f\u0131da verilmi\u015ftir:<\/p>\n<p><strong>M\u00fclkiyet Bilgileri:<\/strong> Kay\u0131t defterinde yat sahiplerinin isimleri, adresleri ve ileti\u015fim bilgileri gibi ayr\u0131nt\u0131lar yer al\u0131r. Bu bilgi, yasal m\u00fclkiyetin olu\u015fturulmas\u0131 ve ileti\u015fim ama\u00e7lar\u0131 a\u00e7\u0131s\u0131ndan \u00e7ok \u00f6nemlidir.<\/p>\n<p><strong>Gemi Detaylar\u0131:<\/strong> Kay\u0131t, yat\u0131n markas\u0131, modeli, boyutlar\u0131, tekne kimlik numaras\u0131, tescil numaras\u0131 ve di\u011fer tan\u0131mlay\u0131c\u0131 \u00f6zellikleri de dahil olmak \u00fczere yat hakk\u0131nda kapsaml\u0131 bilgiler i\u00e7erir. Bu bilgi bir gemiyi di\u011ferinden ay\u0131rt etmeye ve tan\u0131mlama ve takip etmeye yard\u0131mc\u0131 olur.<\/p>\n<p><strong>Kay\u0131t Belgeleri:<\/strong> Yat sicilleri, geminin tescilini ve m\u00fclkiyet durumunu do\u011frulayan kay\u0131t belgelerini, m\u00fclkiyet sertifikalar\u0131n\u0131 ve di\u011fer yasal belgeleri d\u00fczenler. Bu belgeler m\u00fclkiyet kan\u0131t\u0131 olarak kullan\u0131l\u0131r ve genellikle uluslararas\u0131 seyahat ve g\u00fcmr\u00fck i\u015flemleri i\u00e7in gereklidir.<\/p>\n<p><strong>Bayraklama:<\/strong> Yat sahipleri, gemilerini, geminin yasal yetki alan\u0131n\u0131 ve d\u00fczenleyici gerekliliklerini belirleyen belirli bir \u00fclkenin bayra\u011f\u0131 alt\u0131nda tescil ettirmeyi se\u00e7ebilirler. Bayrak devletinin se\u00e7imi vergi hususlar\u0131, d\u00fczenleyici \u00e7er\u00e7eveler ve operasyonel tercihler gibi fakt\u00f6rlerden etkilenebilir.<\/p>\n<p><strong>Uyumluluk ve D\u00fczenlemeler:<\/strong> Yat kay\u0131tlar\u0131, kay\u0131tl\u0131 gemilerin ilgili d\u00fczenlemelere, g\u00fcvenlik standartlar\u0131na ve \u00e7evresel gerekliliklere uygun olmas\u0131n\u0131 sa\u011flar. Uyumlulu\u011fu do\u011frulamak ve eksiklikleri veya uyumsuzluk sorunlar\u0131n\u0131 gidermek i\u00e7in incelemeler, denetimler ve ara\u015ft\u0131rmalar yapabilirler.<\/p>\n<p><strong>Vergilendirme ve G\u00f6revler:<\/strong> Yat sicilleri, yat m\u00fclkiyeti ve i\u015fletmesiyle ilgili vergi, resim ve har\u00e7lar\u0131n de\u011ferlendirilmesi ve tahsilat\u0131na dahil olabilir. Yat sahiplerine, geminin tescil durumuna ve yarg\u0131 yetkisine ba\u011fl\u0131 olarak vergi y\u00fck\u00fcml\u00fcl\u00fckleri, muafiyetler ve te\u015fvikler konusunda rehberlik sa\u011flar.<\/p>\n<p><strong>G\u00fcvenlik ve Uygulama:<\/strong> Yat sicilleri, deniz g\u00fcvenli\u011finin korunmas\u0131nda ve denizcilik faaliyetleriyle ilgili yasa ve y\u00f6netmeliklerin uygulanmas\u0131nda rol oynar. Korsanl\u0131k, ka\u00e7ak\u00e7\u0131l\u0131k ve insan ticareti gibi yasa d\u0131\u015f\u0131 faaliyetleri \u00f6nlemek i\u00e7in kolluk kuvvetleri, sahil g\u00fcvenlik ve uluslararas\u0131 kurulu\u015flarla i\u015fbirli\u011fi yaparlar.<\/p>\n<p><strong>Veri Y\u00f6netimi:<\/strong> Yat kay\u0131tlar\u0131, kay\u0131tl\u0131 gemilerin ve bunlarla ilgili bilgilerin kay\u0131tlar\u0131n\u0131 saklayan ve muhafaza eden bir veritaban\u0131n\u0131 veya elektronik sistemi y\u00f6netir. Bu sistem, yat tescili ve m\u00fclkiyeti ile ilgili bilgilere, g\u00fcncellemelere ve i\u015flemlere etkin eri\u015fimi kolayla\u015ft\u0131r\u0131r.<\/p>\n<p>Genel olarak yat kay\u0131tlar\u0131, hayati \u00f6nem ta\u015f\u0131yan bilgi depolar\u0131 olarak hizmet eder ve yat m\u00fclkiyeti, i\u015fletmesi ve uluslararas\u0131 seyahati d\u00fczenleyen yasal ve d\u00fczenleyici \u00e7er\u00e7eveyi kolayla\u015ft\u0131r\u0131r. Yat sahiplerine yasal m\u00fclkiyet olu\u015fturmalar\u0131, d\u00fczenlemelere uyumu sa\u011flamalar\u0131 ve uluslararas\u0131 denizcili\u011fin karma\u015f\u0131kl\u0131klar\u0131n\u0131 a\u015fmalar\u0131 i\u00e7in bir platform sa\u011flarlar.<\/p>\n","protected":false},"excerpt":{"rendered":"<p>Marshall Islands, Liberia, Panama, Malta, UK Yat\u0131n\u0131z i\u00e7in Bayrak Devleti Tescil i\u015flemlerini Yatservis Yap\u0131yor. Yeni ald\u0131\u011f\u0131n\u0131z veya in\u015fa ettirdi\u011finiz tekneyi sizin ad\u0131n\u0131za tescil ettirir ve Bayrak Devleti se\u00e7imini beraber yapabiliriz. Mevcut teknenizin Bayra\u011f\u0131n\u0131 de\u011fi\u015ftirmek isterseniz veya de\u011fi\u015ftirmeye mecbursan\u0131z Yatservis hizmetinizde. Yabanc\u0131 bayrak tescil i\u015flemlerini beraber yapar kay\u0131tlar\u0131 tutman\u0131zda prosed\u00fcrlerin yerine getirilmesinde yard\u0131mc\u0131 oluruz. Teknenizin yabanc\u0131 &hellip; <a href=\"https:\/\/www.yatservis.com\/tr\/yat-tescili\/\" class=\"more-link\">Okumaya devam et<span class=\"screen-reader-text\"> &#8220;YAT TESC\u0130L\u0130&#8221;<\/span><\/a><\/p>\n","protected":false},"author":1,"featured_media":0,"parent":0,"menu_order":6,"comment_status":"closed","ping_status":"closed","template":"","meta":{"footnotes":""},"yoast_head":"<!-- This site is optimized with the Yoast SEO plugin v24.5 - https:\/\/yoast.com\/wordpress\/plugins\/seo\/ -->\n<title>YAT TESC\u0130L\u0130 - Yat Servis<\/title>\n<meta name=\"robots\" content=\"index, follow, max-snippet:-1, max-image-preview:large, max-video-preview:-1\" \/>\n<link rel=\"canonical\" href=\"https:\/\/www.yatservis.com\/tr\/yat-tescili\/\" \/>\n<meta property=\"og:locale\" content=\"tr_TR\" \/>\n<meta property=\"og:type\" content=\"article\" \/>\n<meta property=\"og:title\" content=\"YAT TESC\u0130L\u0130 - Yat Servis\" \/>\n<meta property=\"og:description\" content=\"Marshall Islands, Liberia, Panama, Malta, UK Yat\u0131n\u0131z i\u00e7in Bayrak Devleti Tescil i\u015flemlerini Yatservis Yap\u0131yor. Yeni ald\u0131\u011f\u0131n\u0131z veya in\u015fa ettirdi\u011finiz tekneyi sizin ad\u0131n\u0131za tescil ettirir ve Bayrak Devleti se\u00e7imini beraber yapabiliriz. Mevcut teknenizin Bayra\u011f\u0131n\u0131 de\u011fi\u015ftirmek isterseniz veya de\u011fi\u015ftirmeye mecbursan\u0131z Yatservis hizmetinizde. Yabanc\u0131 bayrak tescil i\u015flemlerini beraber yapar kay\u0131tlar\u0131 tutman\u0131zda prosed\u00fcrlerin yerine getirilmesinde yard\u0131mc\u0131 oluruz. Teknenizin yabanc\u0131 &hellip; Okumaya devam et &quot;YAT TESC\u0130L\u0130&quot;\" \/>\n<meta property=\"og:url\" content=\"https:\/\/www.yatservis.com\/tr\/yat-tescili\/\" \/>\n<meta property=\"og:site_name\" content=\"Yat Servis\" \/>\n<meta property=\"article:modified_time\" content=\"2024-04-25T18:23:12+00:00\" \/>\n<meta name=\"twitter:card\" content=\"summary_large_image\" \/>\n<meta name=\"twitter:label1\" content=\"Tahmini okuma s\u00fcresi\" \/>\n\t<meta name=\"twitter:data1\" content=\"4 dakika\" \/>\n<script type=\"application\/ld+json\" class=\"yoast-schema-graph\">{\"@context\":\"https:\/\/schema.org\",\"@graph\":[{\"@type\":\"WebPage\",\"@id\":\"https:\/\/www.yatservis.com\/tr\/yat-tescili\/\",\"url\":\"https:\/\/www.yatservis.com\/tr\/yat-tescili\/\",\"name\":\"YAT TESC\u0130L\u0130 - Yat Servis\",\"isPartOf\":{\"@id\":\"https:\/\/www.yatservis.com\/tr\/#website\"},\"datePublished\":\"2024-03-24T20:19:24+00:00\",\"dateModified\":\"2024-04-25T18:23:12+00:00\",\"breadcrumb\":{\"@id\":\"https:\/\/www.yatservis.com\/tr\/yat-tescili\/#breadcrumb\"},\"inLanguage\":\"tr\",\"potentialAction\":[{\"@type\":\"ReadAction\",\"target\":[\"https:\/\/www.yatservis.com\/tr\/yat-tescili\/\"]}]},{\"@type\":\"BreadcrumbList\",\"@id\":\"https:\/\/www.yatservis.com\/tr\/yat-tescili\/#breadcrumb\",\"itemListElement\":[{\"@type\":\"ListItem\",\"position\":1,\"name\":\"Home\",\"item\":\"https:\/\/www.yatservis.com\/tr\/\"},{\"@type\":\"ListItem\",\"position\":2,\"name\":\"YAT TESC\u0130L\u0130\"}]},{\"@type\":\"WebSite\",\"@id\":\"https:\/\/www.yatservis.com\/tr\/#website\",\"url\":\"https:\/\/www.yatservis.com\/tr\/\",\"name\":\"Yat Servis\",\"description\":\"Marine Services\",\"publisher\":{\"@id\":\"https:\/\/www.yatservis.com\/tr\/#organization\"},\"potentialAction\":[{\"@type\":\"SearchAction\",\"target\":{\"@type\":\"EntryPoint\",\"urlTemplate\":\"https:\/\/www.yatservis.com\/tr\/?s={search_term_string}\"},\"query-input\":{\"@type\":\"PropertyValueSpecification\",\"valueRequired\":true,\"valueName\":\"search_term_string\"}}],\"inLanguage\":\"tr\"},{\"@type\":\"Organization\",\"@id\":\"https:\/\/www.yatservis.com\/tr\/#organization\",\"name\":\"Yat Servis\",\"url\":\"https:\/\/www.yatservis.com\/tr\/\",\"logo\":{\"@type\":\"ImageObject\",\"inLanguage\":\"tr\",\"@id\":\"https:\/\/www.yatservis.com\/tr\/#\/schema\/logo\/image\/\",\"url\":\"https:\/\/www.yatservis.com\/tr\/wp-content\/uploads\/2024\/04\/cropped-logo2.png\",\"contentUrl\":\"https:\/\/www.yatservis.com\/tr\/wp-content\/uploads\/2024\/04\/cropped-logo2.png\",\"width\":240,\"height\":64,\"caption\":\"Yat Servis\"},\"image\":{\"@id\":\"https:\/\/www.yatservis.com\/tr\/#\/schema\/logo\/image\/\"}}]}<\/script>\n<!-- \/ Yoast SEO plugin. -->","yoast_head_json":{"title":"YAT TESC\u0130L\u0130 - Yat Servis","robots":{"index":"index","follow":"follow","max-snippet":"max-snippet:-1","max-image-preview":"max-image-preview:large","max-video-preview":"max-video-preview:-1"},"canonical":"https:\/\/www.yatservis.com\/tr\/yat-tescili\/","og_locale":"tr_TR","og_type":"article","og_title":"YAT TESC\u0130L\u0130 - Yat Servis","og_description":"Marshall Islands, Liberia, Panama, Malta, UK Yat\u0131n\u0131z i\u00e7in Bayrak Devleti Tescil i\u015flemlerini Yatservis Yap\u0131yor. Yeni ald\u0131\u011f\u0131n\u0131z veya in\u015fa ettirdi\u011finiz tekneyi sizin ad\u0131n\u0131za tescil ettirir ve Bayrak Devleti se\u00e7imini beraber yapabiliriz. Mevcut teknenizin Bayra\u011f\u0131n\u0131 de\u011fi\u015ftirmek isterseniz veya de\u011fi\u015ftirmeye mecbursan\u0131z Yatservis hizmetinizde. Yabanc\u0131 bayrak tescil i\u015flemlerini beraber yapar kay\u0131tlar\u0131 tutman\u0131zda prosed\u00fcrlerin yerine getirilmesinde yard\u0131mc\u0131 oluruz. Teknenizin yabanc\u0131 &hellip; Okumaya devam et \"YAT TESC\u0130L\u0130\"","og_url":"https:\/\/www.yatservis.com\/tr\/yat-tescili\/","og_site_name":"Yat Servis","article_modified_time":"2024-04-25T18:23:12+00:00","twitter_card":"summary_large_image","twitter_misc":{"Tahmini okuma s\u00fcresi":"4 dakika"},"schema":{"@context":"https:\/\/schema.org","@graph":[{"@type":"WebPage","@id":"https:\/\/www.yatservis.com\/tr\/yat-tescili\/","url":"https:\/\/www.yatservis.com\/tr\/yat-tescili\/","name":"YAT TESC\u0130L\u0130 - Yat Servis","isPartOf":{"@id":"https:\/\/www.yatservis.com\/tr\/#website"},"datePublished":"2024-03-24T20:19:24+00:00","dateModified":"2024-04-25T18:23:12+00:00","breadcrumb":{"@id":"https:\/\/www.yatservis.com\/tr\/yat-tescili\/#breadcrumb"},"inLanguage":"tr","potentialAction":[{"@type":"ReadAction","target":["https:\/\/www.yatservis.com\/tr\/yat-tescili\/"]}]},{"@type":"BreadcrumbList","@id":"https:\/\/www.yatservis.com\/tr\/yat-tescili\/#breadcrumb","itemListElement":[{"@type":"ListItem","position":1,"name":"Home","item":"https:\/\/www.yatservis.com\/tr\/"},{"@type":"ListItem","position":2,"name":"YAT TESC\u0130L\u0130"}]},{"@type":"WebSite","@id":"https:\/\/www.yatservis.com\/tr\/#website","url":"https:\/\/www.yatservis.com\/tr\/","name":"Yat Servis","description":"Marine Services","publisher":{"@id":"https:\/\/www.yatservis.com\/tr\/#organization"},"potentialAction":[{"@type":"SearchAction","target":{"@type":"EntryPoint","urlTemplate":"https:\/\/www.yatservis.com\/tr\/?s={search_term_string}"},"query-input":{"@type":"PropertyValueSpecification","valueRequired":true,"valueName":"search_term_string"}}],"inLanguage":"tr"},{"@type":"Organization","@id":"https:\/\/www.yatservis.com\/tr\/#organization","name":"Yat Servis","url":"https:\/\/www.yatservis.com\/tr\/","logo":{"@type":"ImageObject","inLanguage":"tr","@id":"https:\/\/www.yatservis.com\/tr\/#\/schema\/logo\/image\/","url":"https:\/\/www.yatservis.com\/tr\/wp-content\/uploads\/2024\/04\/cropped-logo2.png","contentUrl":"https:\/\/www.yatservis.com\/tr\/wp-content\/uploads\/2024\/04\/cropped-logo2.png","width":240,"height":64,"caption":"Yat Servis"},"image":{"@id":"https:\/\/www.yatservis.com\/tr\/#\/schema\/logo\/image\/"}}]}},"_links":{"self":[{"href":"https:\/\/www.yatservis.com\/tr\/wp-json\/wp\/v2\/pages\/92"}],"collection":[{"href":"https:\/\/www.yatservis.com\/tr\/wp-json\/wp\/v2\/pages"}],"about":[{"href":"https:\/\/www.yatservis.com\/tr\/wp-json\/wp\/v2\/types\/page"}],"author":[{"embeddable":true,"href":"https:\/\/www.yatservis.com\/tr\/wp-json\/wp\/v2\/users\/1"}],"replies":[{"embeddable":true,"href":"https:\/\/www.yatservis.com\/tr\/wp-json\/wp\/v2\/comments?post=92"}],"version-history":[{"count":12,"href":"https:\/\/www.yatservis.com\/tr\/wp-json\/wp\/v2\/pages\/92\/revisions"}],"predecessor-version":[{"id":294,"href":"https:\/\/www.yatservis.com\/tr\/wp-json\/wp\/v2\/pages\/92\/revisions\/294"}],"wp:attachment":[{"href":"https:\/\/www.yatservis.com\/tr\/wp-json\/wp\/v2\/media?parent=92"}],"curies":[{"name":"wp","href":"https:\/\/api.w.org\/{rel}","templated":true}]}}